{"id":935,"date":"2022-07-04T09:28:23","date_gmt":"2022-07-04T09:28:23","guid":{"rendered":"https:\/\/www.tanniina.fi\/?post_type=product&#038;p=935"},"modified":"2022-07-04T14:36:13","modified_gmt":"2022-07-04T14:36:13","slug":"laskosverho-pellava-50-100cm","status":"publish","type":"product","link":"https:\/\/www.tanniina.fi\/index.php\/tuote\/laskosverho-pellava-50-100cm\/","title":{"rendered":"Laskosverho Pellava  50-100cm"},"content":{"rendered":"<p>Laskosverho on ajaton vaihtoehto, joka sopii kaikkiin kodin huoneisiin. Laskosverho luo huoneeseen ilmett\u00e4 ja tilan tuntua. Se suojaa katseilta ja valolta. Laskosverho viimeistelee huoneen sisustuksen ja alas laskettuna antaa suojaa niin naapureiden katseilta kuin valon h\u00e4ik\u00e4isylt\u00e4kin. Kun laskosverho tehd\u00e4\u00e4n ikkunan mittojen mukaan, se on sopiva ja ajaton sek\u00e4 kest\u00e4v\u00e4 verhovalinta.<\/p>\n<p><b>Verho<\/b>kangas on valmistettu luonnollisesta pellavakuidusta ilman ep\u00e4puhtauksia. Pellavakankaat ovat antiseptisia eiv\u00e4tk\u00e4 ne allergisoi. Lis\u00e4ksi pellava imee kosteutta ja luo viileyden ja mukavuuden tunteen eik\u00e4 ole s\u00e4hk\u00f6inen. Ymp\u00e4rist\u00f6yst\u00e4v\u00e4llinen, vahva ja kest\u00e4v\u00e4<b>.<\/b>\u00a0Valmistaja\u00a0<b>OEKO-TEX\u00ae-sertifikaatti<\/b>\u00a0.<\/p>\n","protected":false},"excerpt":{"rendered":"<p>Laskosverho 100% Pellava<\/p>\n<p>Leveys:\u00a0 50 &#8211;\u00a0 100 cm\u00a0 ( leikataan tilauksen mukaan )<\/p>\n<p>Korkeus:\u00a0 \u00a0&gt;200 cm<\/p>\n<p>Helmiketjuk\u00e4ytt\u00f6inen kotelomekanismi.<\/p>\n<p>Ilmoita tilatessa seuraavat asiat:<br \/>\n1) verhon leveys ja korkeus<br \/>\n2) alumiinilatan v\u00e4ri (valkoinen, musta)<br \/>\n3) ketjun v\u00e4ri (hopeanv\u00e4rinen metalliketju tai valkoinen muoviketju)<br \/>\n4) ketjun pituus: 50\/100\/125\/150\/200\/250\/300cm<br \/>\n5) kiskon k\u00e4tisyys (oikea \/ vasen)<br \/>\n6) verhon nousunopeus 1:1 vai 1:4<br \/>\nHuom! mekanismin hintaan sis\u00e4ltyy ketjut 150cm saakka.<\/p>\n<p>Valikoimastamme l\u00f6yd\u00e4t naruk\u00e4ytt\u00f6isen, helmiketjuk\u00e4ytt\u00f6isen sek\u00e4 Somfy\u00ae-moottorilla toimivan laskosverhomekanismin.<\/p>\n<p>Toimitus sis\u00e4lt\u00e4\u00e4 ripustusvalmiin laskosverhon.<\/p>\n","protected":false},"featured_media":936,"comment_status":"open","ping_status":"closed","template":"","meta":[],"product_brand":[],"product_cat":[40,42],"product_tag":[],"class_list":{"0":"post-935","1":"product","2":"type-product","3":"status-publish","4":"has-post-thumbnail","6":"product_cat-sisustaminen","7":"product_cat-verhot-poytaliinatlaskosverhot","9":"entry","10":"has-media","12":"first","13":"instock","14":"virtual","15":"taxable","16":"purchasable","17":"product-type-simple","18":"has-product-nav","19":"col","20":"span_1_of_4","21":"owp-content-center","22":"owp-thumbs-layout-horizontal","23":"owp-btn-normal","24":"owp-tabs-layout-horizontal"},"yoast_head":"<!-- This site is optimized with the Yoast SEO plugin v27.3 - https:\/\/yoast.com\/product\/yoast-seo-wordpress\/ -->\n<title>Laskosverho Pellava 50-100cm - Ompelimo Tanniina<\/title>\n<meta name=\"description\" content=\"Laskosverho on ajaton vaihtoehto, joka sopii kaikkiin kodin huoneisiin. Laskosverho luo huoneeseen ilmett\u00e4 ja tilan tuntua.\" \/>\n<meta name=\"robots\" content=\"index, follow, max-snippet:-1, max-image-preview:large, max-video-preview:-1\" \/>\n<link rel=\"canonical\" href=\"https:\/\/www.tanniina.fi\/index.php\/tuote\/laskosverho-pellava-50-100cm\/\" \/>\n<meta property=\"og:locale\" content=\"fi_FI\" \/>\n<meta property=\"og:type\" content=\"article\" \/>\n<meta property=\"og:title\" content=\"Laskosverho Pellava 50-100cm - Ompelimo Tanniina\" \/>\n<meta property=\"og:description\" content=\"Laskosverho on ajaton vaihtoehto, joka sopii kaikkiin kodin huoneisiin. Laskosverho luo huoneeseen ilmett\u00e4 ja tilan tuntua.\" \/>\n<meta property=\"og:url\" content=\"https:\/\/www.tanniina.fi\/index.php\/tuote\/laskosverho-pellava-50-100cm\/\" \/>\n<meta property=\"og:site_name\" content=\"Ompelimo Tanniina\" \/>\n<meta property=\"article:modified_time\" content=\"2022-07-04T14:36:13+00:00\" \/>\n<meta property=\"og:image\" content=\"https:\/\/www.tanniina.fi\/wp-content\/uploads\/2022\/07\/Pellava-2.jpg\" \/>\n\t<meta property=\"og:image:width\" content=\"1500\" \/>\n\t<meta property=\"og:image:height\" content=\"1060\" \/>\n\t<meta property=\"og:image:type\" content=\"image\/jpeg\" \/>\n<meta name=\"twitter:card\" content=\"summary_large_image\" \/>\n<meta name=\"twitter:label1\" content=\"Arvioitu lukuaika\" \/>\n\t<meta name=\"twitter:data1\" content=\"1 minuutti\" \/>\n<script type=\"application\/ld+json\" class=\"yoast-schema-graph\">{\"@context\":\"https:\\\/\\\/schema.org\",\"@graph\":[{\"@type\":\"WebPage\",\"@id\":\"https:\\\/\\\/www.tanniina.fi\\\/index.php\\\/tuote\\\/laskosverho-pellava-50-100cm\\\/\",\"url\":\"https:\\\/\\\/www.tanniina.fi\\\/index.php\\\/tuote\\\/laskosverho-pellava-50-100cm\\\/\",\"name\":\"Laskosverho Pellava 50-100cm - Ompelimo Tanniina\",\"isPartOf\":{\"@id\":\"https:\\\/\\\/www.tanniina.fi\\\/#website\"},\"primaryImageOfPage\":{\"@id\":\"https:\\\/\\\/www.tanniina.fi\\\/index.php\\\/tuote\\\/laskosverho-pellava-50-100cm\\\/#primaryimage\"},\"image\":{\"@id\":\"https:\\\/\\\/www.tanniina.fi\\\/index.php\\\/tuote\\\/laskosverho-pellava-50-100cm\\\/#primaryimage\"},\"thumbnailUrl\":\"https:\\\/\\\/www.tanniina.fi\\\/wp-content\\\/uploads\\\/2022\\\/07\\\/Pellava-2.jpg\",\"datePublished\":\"2022-07-04T09:28:23+00:00\",\"dateModified\":\"2022-07-04T14:36:13+00:00\",\"description\":\"Laskosverho on ajaton vaihtoehto, joka sopii kaikkiin kodin huoneisiin. Laskosverho luo huoneeseen ilmett\u00e4 ja tilan tuntua.\",\"breadcrumb\":{\"@id\":\"https:\\\/\\\/www.tanniina.fi\\\/index.php\\\/tuote\\\/laskosverho-pellava-50-100cm\\\/#breadcrumb\"},\"inLanguage\":\"fi\",\"potentialAction\":[{\"@type\":\"ReadAction\",\"target\":[\"https:\\\/\\\/www.tanniina.fi\\\/index.php\\\/tuote\\\/laskosverho-pellava-50-100cm\\\/\"]}]},{\"@type\":\"ImageObject\",\"inLanguage\":\"fi\",\"@id\":\"https:\\\/\\\/www.tanniina.fi\\\/index.php\\\/tuote\\\/laskosverho-pellava-50-100cm\\\/#primaryimage\",\"url\":\"https:\\\/\\\/www.tanniina.fi\\\/wp-content\\\/uploads\\\/2022\\\/07\\\/Pellava-2.jpg\",\"contentUrl\":\"https:\\\/\\\/www.tanniina.fi\\\/wp-content\\\/uploads\\\/2022\\\/07\\\/Pellava-2.jpg\",\"width\":1500,\"height\":1060},{\"@type\":\"BreadcrumbList\",\"@id\":\"https:\\\/\\\/www.tanniina.fi\\\/index.php\\\/tuote\\\/laskosverho-pellava-50-100cm\\\/#breadcrumb\",\"itemListElement\":[{\"@type\":\"ListItem\",\"position\":1,\"name\":\"Etusivu\",\"item\":\"https:\\\/\\\/www.tanniina.fi\\\/\"},{\"@type\":\"ListItem\",\"position\":2,\"name\":\"Kauppa\",\"item\":\"https:\\\/\\\/www.tanniina.fi\\\/index.php\\\/kauppa\\\/\"},{\"@type\":\"ListItem\",\"position\":3,\"name\":\"Laskosverho Pellava 50-100cm\"}]},{\"@type\":\"WebSite\",\"@id\":\"https:\\\/\\\/www.tanniina.fi\\\/#website\",\"url\":\"https:\\\/\\\/www.tanniina.fi\\\/\",\"name\":\"Ompelimo Tanniina\",\"description\":\"\",\"publisher\":{\"@id\":\"https:\\\/\\\/www.tanniina.fi\\\/#organization\"},\"potentialAction\":[{\"@type\":\"SearchAction\",\"target\":{\"@type\":\"EntryPoint\",\"urlTemplate\":\"https:\\\/\\\/www.tanniina.fi\\\/?s={search_term_string}\"},\"query-input\":{\"@type\":\"PropertyValueSpecification\",\"valueRequired\":true,\"valueName\":\"search_term_string\"}}],\"inLanguage\":\"fi\"},{\"@type\":\"Organization\",\"@id\":\"https:\\\/\\\/www.tanniina.fi\\\/#organization\",\"name\":\"Ompelimo Tanniina\",\"url\":\"https:\\\/\\\/www.tanniina.fi\\\/\",\"logo\":{\"@type\":\"ImageObject\",\"inLanguage\":\"fi\",\"@id\":\"https:\\\/\\\/www.tanniina.fi\\\/#\\\/schema\\\/logo\\\/image\\\/\",\"url\":\"https:\\\/\\\/www.tanniina.fi\\\/wp-content\\\/uploads\\\/2023\\\/10\\\/cropped-logo1.png\",\"contentUrl\":\"https:\\\/\\\/www.tanniina.fi\\\/wp-content\\\/uploads\\\/2023\\\/10\\\/cropped-logo1.png\",\"width\":1200,\"height\":200,\"caption\":\"Ompelimo Tanniina\"},\"image\":{\"@id\":\"https:\\\/\\\/www.tanniina.fi\\\/#\\\/schema\\\/logo\\\/image\\\/\"}}]}<\/script>\n<!-- \/ Yoast SEO plugin. -->","yoast_head_json":{"title":"Laskosverho Pellava 50-100cm - Ompelimo Tanniina","description":"Laskosverho on ajaton vaihtoehto, joka sopii kaikkiin kodin huoneisiin. Laskosverho luo huoneeseen ilmett\u00e4 ja tilan tuntua.","robots":{"index":"index","follow":"follow","max-snippet":"max-snippet:-1","max-image-preview":"max-image-preview:large","max-video-preview":"max-video-preview:-1"},"canonical":"https:\/\/www.tanniina.fi\/index.php\/tuote\/laskosverho-pellava-50-100cm\/","og_locale":"fi_FI","og_type":"article","og_title":"Laskosverho Pellava 50-100cm - Ompelimo Tanniina","og_description":"Laskosverho on ajaton vaihtoehto, joka sopii kaikkiin kodin huoneisiin. Laskosverho luo huoneeseen ilmett\u00e4 ja tilan tuntua.","og_url":"https:\/\/www.tanniina.fi\/index.php\/tuote\/laskosverho-pellava-50-100cm\/","og_site_name":"Ompelimo Tanniina","article_modified_time":"2022-07-04T14:36:13+00:00","og_image":[{"width":1500,"height":1060,"url":"https:\/\/www.tanniina.fi\/wp-content\/uploads\/2022\/07\/Pellava-2.jpg","type":"image\/jpeg"}],"twitter_card":"summary_large_image","twitter_misc":{"Arvioitu lukuaika":"1 minuutti"},"schema":{"@context":"https:\/\/schema.org","@graph":[{"@type":"WebPage","@id":"https:\/\/www.tanniina.fi\/index.php\/tuote\/laskosverho-pellava-50-100cm\/","url":"https:\/\/www.tanniina.fi\/index.php\/tuote\/laskosverho-pellava-50-100cm\/","name":"Laskosverho Pellava 50-100cm - Ompelimo Tanniina","isPartOf":{"@id":"https:\/\/www.tanniina.fi\/#website"},"primaryImageOfPage":{"@id":"https:\/\/www.tanniina.fi\/index.php\/tuote\/laskosverho-pellava-50-100cm\/#primaryimage"},"image":{"@id":"https:\/\/www.tanniina.fi\/index.php\/tuote\/laskosverho-pellava-50-100cm\/#primaryimage"},"thumbnailUrl":"https:\/\/www.tanniina.fi\/wp-content\/uploads\/2022\/07\/Pellava-2.jpg","datePublished":"2022-07-04T09:28:23+00:00","dateModified":"2022-07-04T14:36:13+00:00","description":"Laskosverho on ajaton vaihtoehto, joka sopii kaikkiin kodin huoneisiin. Laskosverho luo huoneeseen ilmett\u00e4 ja tilan tuntua.","breadcrumb":{"@id":"https:\/\/www.tanniina.fi\/index.php\/tuote\/laskosverho-pellava-50-100cm\/#breadcrumb"},"inLanguage":"fi","potentialAction":[{"@type":"ReadAction","target":["https:\/\/www.tanniina.fi\/index.php\/tuote\/laskosverho-pellava-50-100cm\/"]}]},{"@type":"ImageObject","inLanguage":"fi","@id":"https:\/\/www.tanniina.fi\/index.php\/tuote\/laskosverho-pellava-50-100cm\/#primaryimage","url":"https:\/\/www.tanniina.fi\/wp-content\/uploads\/2022\/07\/Pellava-2.jpg","contentUrl":"https:\/\/www.tanniina.fi\/wp-content\/uploads\/2022\/07\/Pellava-2.jpg","width":1500,"height":1060},{"@type":"BreadcrumbList","@id":"https:\/\/www.tanniina.fi\/index.php\/tuote\/laskosverho-pellava-50-100cm\/#breadcrumb","itemListElement":[{"@type":"ListItem","position":1,"name":"Etusivu","item":"https:\/\/www.tanniina.fi\/"},{"@type":"ListItem","position":2,"name":"Kauppa","item":"https:\/\/www.tanniina.fi\/index.php\/kauppa\/"},{"@type":"ListItem","position":3,"name":"Laskosverho Pellava 50-100cm"}]},{"@type":"WebSite","@id":"https:\/\/www.tanniina.fi\/#website","url":"https:\/\/www.tanniina.fi\/","name":"Ompelimo Tanniina","description":"","publisher":{"@id":"https:\/\/www.tanniina.fi\/#organization"},"potentialAction":[{"@type":"SearchAction","target":{"@type":"EntryPoint","urlTemplate":"https:\/\/www.tanniina.fi\/?s={search_term_string}"},"query-input":{"@type":"PropertyValueSpecification","valueRequired":true,"valueName":"search_term_string"}}],"inLanguage":"fi"},{"@type":"Organization","@id":"https:\/\/www.tanniina.fi\/#organization","name":"Ompelimo Tanniina","url":"https:\/\/www.tanniina.fi\/","logo":{"@type":"ImageObject","inLanguage":"fi","@id":"https:\/\/www.tanniina.fi\/#\/schema\/logo\/image\/","url":"https:\/\/www.tanniina.fi\/wp-content\/uploads\/2023\/10\/cropped-logo1.png","contentUrl":"https:\/\/www.tanniina.fi\/wp-content\/uploads\/2023\/10\/cropped-logo1.png","width":1200,"height":200,"caption":"Ompelimo Tanniina"},"image":{"@id":"https:\/\/www.tanniina.fi\/#\/schema\/logo\/image\/"}}]}},"_links":{"self":[{"href":"https:\/\/www.tanniina.fi\/index.php\/wp-json\/wp\/v2\/product\/935","targetHints":{"allow":["GET"]}}],"collection":[{"href":"https:\/\/www.tanniina.fi\/index.php\/wp-json\/wp\/v2\/product"}],"about":[{"href":"https:\/\/www.tanniina.fi\/index.php\/wp-json\/wp\/v2\/types\/product"}],"replies":[{"embeddable":true,"href":"https:\/\/www.tanniina.fi\/index.php\/wp-json\/wp\/v2\/comments?post=935"}],"wp:featuredmedia":[{"embeddable":true,"href":"https:\/\/www.tanniina.fi\/index.php\/wp-json\/wp\/v2\/media\/936"}],"wp:attachment":[{"href":"https:\/\/www.tanniina.fi\/index.php\/wp-json\/wp\/v2\/media?parent=935"}],"wp:term":[{"taxonomy":"product_brand","embeddable":true,"href":"https:\/\/www.tanniina.fi\/index.php\/wp-json\/wp\/v2\/product_brand?post=935"},{"taxonomy":"product_cat","embeddable":true,"href":"https:\/\/www.tanniina.fi\/index.php\/wp-json\/wp\/v2\/product_cat?post=935"},{"taxonomy":"product_tag","embeddable":true,"href":"https:\/\/www.tanniina.fi\/index.php\/wp-json\/wp\/v2\/product_tag?post=935"}],"curies":[{"name":"wp","href":"https:\/\/api.w.org\/{rel}","templated":true}]}}