{"id":911,"date":"2022-06-29T18:14:25","date_gmt":"2022-06-29T18:14:25","guid":{"rendered":"https:\/\/www.tanniina.fi\/?post_type=product&#038;p=911"},"modified":"2022-07-04T15:23:15","modified_gmt":"2022-07-04T15:23:15","slug":"pellava-tyynyliina-50-x-60-cm","status":"publish","type":"product","link":"https:\/\/www.tanniina.fi\/index.php\/tuote\/pellava-tyynyliina-50-x-60-cm\/","title":{"rendered":"Pellava tyynyliina  50 x 60 cm"},"content":{"rendered":"<p>Tanniinan &#8221;kivipestyt&#8221; pellavatyynyliina on 100% pellavaa. Kankaan esipesu tekee siit\u00e4 pehme\u00e4n iho vasten. Kangas on valmistettu luonnollisesta pellavakuidusta ilman ep\u00e4puhtauksia. Pellavakankaat ovat antiseptisi\u00e4 eiv\u00e4tk\u00e4 ne allergisoi. Lis\u00e4ksi pellava imee kosteutta ja luo viileyden ja mukavuuden tunteen eik\u00e4 ole s\u00e4hk\u00f6inen.<\/p>\n","protected":false},"excerpt":{"rendered":"<p>Tanniinan pellavatuotteet ovat valmistettu OEKO-TEX sertifioidusta materiaalista. Pellava tuotteet ovat ymp\u00e4rist\u00f6yst\u00e4v\u00e4llisi\u00e4 ja kest\u00e4vi\u00e4.<\/p>\n<p>Hoito-ohje:<\/p>\n<ul>\n<li>konepesu enint\u00e4\u00e4n 40 C<\/li>\n<li>hienopesu<\/li>\n<li>ei kloorivalkaisua, ei kemiallista pesua<\/li>\n<li>ei rumpukuivausta<\/li>\n<li>silitys enint\u00e4\u00e4n 150 C<\/li>\n<li>kutistuma 0 %<\/li>\n<\/ul>\n","protected":false},"featured_media":906,"comment_status":"open","ping_status":"closed","template":"","meta":[],"product_brand":[],"product_cat":[40,41],"product_tag":[],"class_list":{"0":"post-911","1":"product","2":"type-product","3":"status-publish","4":"has-post-thumbnail","6":"product_cat-sisustaminen","7":"product_cat-lakanat-ja-tyynyliinat","9":"entry","10":"has-media","12":"first","13":"instock","14":"taxable","15":"shipping-taxable","16":"purchasable","17":"product-type-simple","18":"has-product-nav","19":"col","20":"span_1_of_4","21":"owp-content-center","22":"owp-thumbs-layout-horizontal","23":"owp-btn-normal","24":"owp-tabs-layout-horizontal"},"yoast_head":"<!-- This site is optimized with the Yoast SEO plugin v27.5 - https:\/\/yoast.com\/product\/yoast-seo-wordpress\/ -->\n<title>Pellava tyynyliina 50 x 60 cm - Ompelimo Tanniina<\/title>\n<meta name=\"robots\" content=\"index, follow, max-snippet:-1, max-image-preview:large, max-video-preview:-1\" \/>\n<link rel=\"canonical\" href=\"https:\/\/www.tanniina.fi\/index.php\/tuote\/pellava-tyynyliina-50-x-60-cm\/\" \/>\n<meta property=\"og:locale\" content=\"fi_FI\" \/>\n<meta property=\"og:type\" content=\"article\" \/>\n<meta property=\"og:title\" content=\"Pellava tyynyliina 50 x 60 cm - Ompelimo Tanniina\" \/>\n<meta property=\"og:description\" content=\"Tanniinan pellavatuotteet ovat valmistettu OEKO-TEX sertifioidusta materiaalista. Pellava tuotteet ovat ymp\u00e4rist\u00f6yst\u00e4v\u00e4llisi\u00e4 ja kest\u00e4vi\u00e4.  Hoito-ohje:   konepesu enint\u00e4\u00e4n 40 C  hienopesu  ei kloorivalkaisua, ei kemiallista pesua  ei rumpukuivausta  silitys enint\u00e4\u00e4n 150 C  kutistuma 0 %\" \/>\n<meta property=\"og:url\" content=\"https:\/\/www.tanniina.fi\/index.php\/tuote\/pellava-tyynyliina-50-x-60-cm\/\" \/>\n<meta property=\"og:site_name\" content=\"Ompelimo Tanniina\" \/>\n<meta property=\"article:modified_time\" content=\"2022-07-04T15:23:15+00:00\" \/>\n<meta property=\"og:image\" content=\"https:\/\/www.tanniina.fi\/wp-content\/uploads\/2022\/06\/IMG_20220629_122527-scaled.jpg\" \/>\n\t<meta property=\"og:image:width\" content=\"2560\" \/>\n\t<meta property=\"og:image:height\" content=\"1920\" \/>\n\t<meta property=\"og:image:type\" content=\"image\/jpeg\" \/>\n<meta name=\"twitter:card\" content=\"summary_large_image\" \/>\n<meta name=\"twitter:label1\" content=\"Arvioitu lukuaika\" \/>\n\t<meta name=\"twitter:data1\" content=\"1 minuutti\" \/>\n<script type=\"application\/ld+json\" class=\"yoast-schema-graph\">{\"@context\":\"https:\\\/\\\/schema.org\",\"@graph\":[{\"@type\":\"WebPage\",\"@id\":\"https:\\\/\\\/www.tanniina.fi\\\/index.php\\\/tuote\\\/pellava-tyynyliina-50-x-60-cm\\\/\",\"url\":\"https:\\\/\\\/www.tanniina.fi\\\/index.php\\\/tuote\\\/pellava-tyynyliina-50-x-60-cm\\\/\",\"name\":\"Pellava tyynyliina 50 x 60 cm - Ompelimo Tanniina\",\"isPartOf\":{\"@id\":\"https:\\\/\\\/www.tanniina.fi\\\/#website\"},\"primaryImageOfPage\":{\"@id\":\"https:\\\/\\\/www.tanniina.fi\\\/index.php\\\/tuote\\\/pellava-tyynyliina-50-x-60-cm\\\/#primaryimage\"},\"image\":{\"@id\":\"https:\\\/\\\/www.tanniina.fi\\\/index.php\\\/tuote\\\/pellava-tyynyliina-50-x-60-cm\\\/#primaryimage\"},\"thumbnailUrl\":\"https:\\\/\\\/www.tanniina.fi\\\/wp-content\\\/uploads\\\/2022\\\/06\\\/IMG_20220629_122527-scaled.jpg\",\"datePublished\":\"2022-06-29T18:14:25+00:00\",\"dateModified\":\"2022-07-04T15:23:15+00:00\",\"breadcrumb\":{\"@id\":\"https:\\\/\\\/www.tanniina.fi\\\/index.php\\\/tuote\\\/pellava-tyynyliina-50-x-60-cm\\\/#breadcrumb\"},\"inLanguage\":\"fi\",\"potentialAction\":[{\"@type\":\"ReadAction\",\"target\":[\"https:\\\/\\\/www.tanniina.fi\\\/index.php\\\/tuote\\\/pellava-tyynyliina-50-x-60-cm\\\/\"]}]},{\"@type\":\"ImageObject\",\"inLanguage\":\"fi\",\"@id\":\"https:\\\/\\\/www.tanniina.fi\\\/index.php\\\/tuote\\\/pellava-tyynyliina-50-x-60-cm\\\/#primaryimage\",\"url\":\"https:\\\/\\\/www.tanniina.fi\\\/wp-content\\\/uploads\\\/2022\\\/06\\\/IMG_20220629_122527-scaled.jpg\",\"contentUrl\":\"https:\\\/\\\/www.tanniina.fi\\\/wp-content\\\/uploads\\\/2022\\\/06\\\/IMG_20220629_122527-scaled.jpg\",\"width\":2560,\"height\":1920},{\"@type\":\"BreadcrumbList\",\"@id\":\"https:\\\/\\\/www.tanniina.fi\\\/index.php\\\/tuote\\\/pellava-tyynyliina-50-x-60-cm\\\/#breadcrumb\",\"itemListElement\":[{\"@type\":\"ListItem\",\"position\":1,\"name\":\"Etusivu\",\"item\":\"https:\\\/\\\/www.tanniina.fi\\\/\"},{\"@type\":\"ListItem\",\"position\":2,\"name\":\"Kauppa\",\"item\":\"https:\\\/\\\/www.tanniina.fi\\\/index.php\\\/kauppa\\\/\"},{\"@type\":\"ListItem\",\"position\":3,\"name\":\"Pellava tyynyliina 50 x 60 cm\"}]},{\"@type\":\"WebSite\",\"@id\":\"https:\\\/\\\/www.tanniina.fi\\\/#website\",\"url\":\"https:\\\/\\\/www.tanniina.fi\\\/\",\"name\":\"Ompelimo Tanniina\",\"description\":\"\",\"publisher\":{\"@id\":\"https:\\\/\\\/www.tanniina.fi\\\/#organization\"},\"potentialAction\":[{\"@type\":\"SearchAction\",\"target\":{\"@type\":\"EntryPoint\",\"urlTemplate\":\"https:\\\/\\\/www.tanniina.fi\\\/?s={search_term_string}\"},\"query-input\":{\"@type\":\"PropertyValueSpecification\",\"valueRequired\":true,\"valueName\":\"search_term_string\"}}],\"inLanguage\":\"fi\"},{\"@type\":\"Organization\",\"@id\":\"https:\\\/\\\/www.tanniina.fi\\\/#organization\",\"name\":\"Ompelimo Tanniina\",\"url\":\"https:\\\/\\\/www.tanniina.fi\\\/\",\"logo\":{\"@type\":\"ImageObject\",\"inLanguage\":\"fi\",\"@id\":\"https:\\\/\\\/www.tanniina.fi\\\/#\\\/schema\\\/logo\\\/image\\\/\",\"url\":\"https:\\\/\\\/www.tanniina.fi\\\/wp-content\\\/uploads\\\/2023\\\/10\\\/cropped-logo1.png\",\"contentUrl\":\"https:\\\/\\\/www.tanniina.fi\\\/wp-content\\\/uploads\\\/2023\\\/10\\\/cropped-logo1.png\",\"width\":1200,\"height\":200,\"caption\":\"Ompelimo Tanniina\"},\"image\":{\"@id\":\"https:\\\/\\\/www.tanniina.fi\\\/#\\\/schema\\\/logo\\\/image\\\/\"}}]}<\/script>\n<!-- \/ Yoast SEO plugin. -->","yoast_head_json":{"title":"Pellava tyynyliina 50 x 60 cm - Ompelimo Tanniina","robots":{"index":"index","follow":"follow","max-snippet":"max-snippet:-1","max-image-preview":"max-image-preview:large","max-video-preview":"max-video-preview:-1"},"canonical":"https:\/\/www.tanniina.fi\/index.php\/tuote\/pellava-tyynyliina-50-x-60-cm\/","og_locale":"fi_FI","og_type":"article","og_title":"Pellava tyynyliina 50 x 60 cm - Ompelimo Tanniina","og_description":"Tanniinan pellavatuotteet ovat valmistettu OEKO-TEX sertifioidusta materiaalista. Pellava tuotteet ovat ymp\u00e4rist\u00f6yst\u00e4v\u00e4llisi\u00e4 ja kest\u00e4vi\u00e4.  Hoito-ohje:   konepesu enint\u00e4\u00e4n 40 C  hienopesu  ei kloorivalkaisua, ei kemiallista pesua  ei rumpukuivausta  silitys enint\u00e4\u00e4n 150 C  kutistuma 0 %","og_url":"https:\/\/www.tanniina.fi\/index.php\/tuote\/pellava-tyynyliina-50-x-60-cm\/","og_site_name":"Ompelimo Tanniina","article_modified_time":"2022-07-04T15:23:15+00:00","og_image":[{"width":2560,"height":1920,"url":"https:\/\/www.tanniina.fi\/wp-content\/uploads\/2022\/06\/IMG_20220629_122527-scaled.jpg","type":"image\/jpeg"}],"twitter_card":"summary_large_image","twitter_misc":{"Arvioitu lukuaika":"1 minuutti"},"schema":{"@context":"https:\/\/schema.org","@graph":[{"@type":"WebPage","@id":"https:\/\/www.tanniina.fi\/index.php\/tuote\/pellava-tyynyliina-50-x-60-cm\/","url":"https:\/\/www.tanniina.fi\/index.php\/tuote\/pellava-tyynyliina-50-x-60-cm\/","name":"Pellava tyynyliina 50 x 60 cm - Ompelimo Tanniina","isPartOf":{"@id":"https:\/\/www.tanniina.fi\/#website"},"primaryImageOfPage":{"@id":"https:\/\/www.tanniina.fi\/index.php\/tuote\/pellava-tyynyliina-50-x-60-cm\/#primaryimage"},"image":{"@id":"https:\/\/www.tanniina.fi\/index.php\/tuote\/pellava-tyynyliina-50-x-60-cm\/#primaryimage"},"thumbnailUrl":"https:\/\/www.tanniina.fi\/wp-content\/uploads\/2022\/06\/IMG_20220629_122527-scaled.jpg","datePublished":"2022-06-29T18:14:25+00:00","dateModified":"2022-07-04T15:23:15+00:00","breadcrumb":{"@id":"https:\/\/www.tanniina.fi\/index.php\/tuote\/pellava-tyynyliina-50-x-60-cm\/#breadcrumb"},"inLanguage":"fi","potentialAction":[{"@type":"ReadAction","target":["https:\/\/www.tanniina.fi\/index.php\/tuote\/pellava-tyynyliina-50-x-60-cm\/"]}]},{"@type":"ImageObject","inLanguage":"fi","@id":"https:\/\/www.tanniina.fi\/index.php\/tuote\/pellava-tyynyliina-50-x-60-cm\/#primaryimage","url":"https:\/\/www.tanniina.fi\/wp-content\/uploads\/2022\/06\/IMG_20220629_122527-scaled.jpg","contentUrl":"https:\/\/www.tanniina.fi\/wp-content\/uploads\/2022\/06\/IMG_20220629_122527-scaled.jpg","width":2560,"height":1920},{"@type":"BreadcrumbList","@id":"https:\/\/www.tanniina.fi\/index.php\/tuote\/pellava-tyynyliina-50-x-60-cm\/#breadcrumb","itemListElement":[{"@type":"ListItem","position":1,"name":"Etusivu","item":"https:\/\/www.tanniina.fi\/"},{"@type":"ListItem","position":2,"name":"Kauppa","item":"https:\/\/www.tanniina.fi\/index.php\/kauppa\/"},{"@type":"ListItem","position":3,"name":"Pellava tyynyliina 50 x 60 cm"}]},{"@type":"WebSite","@id":"https:\/\/www.tanniina.fi\/#website","url":"https:\/\/www.tanniina.fi\/","name":"Ompelimo Tanniina","description":"","publisher":{"@id":"https:\/\/www.tanniina.fi\/#organization"},"potentialAction":[{"@type":"SearchAction","target":{"@type":"EntryPoint","urlTemplate":"https:\/\/www.tanniina.fi\/?s={search_term_string}"},"query-input":{"@type":"PropertyValueSpecification","valueRequired":true,"valueName":"search_term_string"}}],"inLanguage":"fi"},{"@type":"Organization","@id":"https:\/\/www.tanniina.fi\/#organization","name":"Ompelimo Tanniina","url":"https:\/\/www.tanniina.fi\/","logo":{"@type":"ImageObject","inLanguage":"fi","@id":"https:\/\/www.tanniina.fi\/#\/schema\/logo\/image\/","url":"https:\/\/www.tanniina.fi\/wp-content\/uploads\/2023\/10\/cropped-logo1.png","contentUrl":"https:\/\/www.tanniina.fi\/wp-content\/uploads\/2023\/10\/cropped-logo1.png","width":1200,"height":200,"caption":"Ompelimo Tanniina"},"image":{"@id":"https:\/\/www.tanniina.fi\/#\/schema\/logo\/image\/"}}]}},"_links":{"self":[{"href":"https:\/\/www.tanniina.fi\/index.php\/wp-json\/wp\/v2\/product\/911","targetHints":{"allow":["GET"]}}],"collection":[{"href":"https:\/\/www.tanniina.fi\/index.php\/wp-json\/wp\/v2\/product"}],"about":[{"href":"https:\/\/www.tanniina.fi\/index.php\/wp-json\/wp\/v2\/types\/product"}],"replies":[{"embeddable":true,"href":"https:\/\/www.tanniina.fi\/index.php\/wp-json\/wp\/v2\/comments?post=911"}],"wp:featuredmedia":[{"embeddable":true,"href":"https:\/\/www.tanniina.fi\/index.php\/wp-json\/wp\/v2\/media\/906"}],"wp:attachment":[{"href":"https:\/\/www.tanniina.fi\/index.php\/wp-json\/wp\/v2\/media?parent=911"}],"wp:term":[{"taxonomy":"product_brand","embeddable":true,"href":"https:\/\/www.tanniina.fi\/index.php\/wp-json\/wp\/v2\/product_brand?post=911"},{"taxonomy":"product_cat","embeddable":true,"href":"https:\/\/www.tanniina.fi\/index.php\/wp-json\/wp\/v2\/product_cat?post=911"},{"taxonomy":"product_tag","embeddable":true,"href":"https:\/\/www.tanniina.fi\/index.php\/wp-json\/wp\/v2\/product_tag?post=911"}],"curies":[{"name":"wp","href":"https:\/\/api.w.org\/{rel}","templated":true}]}}