{"id":348,"date":"2021-07-04T12:34:16","date_gmt":"2021-07-04T12:34:16","guid":{"rendered":"https:\/\/www.tanniina.fi\/?post_type=product&#038;p=348"},"modified":"2025-06-06T19:23:45","modified_gmt":"2025-06-06T17:23:45","slug":"jattililja","status":"publish","type":"product","link":"https:\/\/www.tanniina.fi\/index.php\/tuote\/jattililja\/","title":{"rendered":"N\u00e4ttij\u00e4tti j\u00e4ttililja"},"content":{"rendered":"<p>J\u00e4ttikukat valmistetaan k\u00e4sin Suomessa. Materiaali on s\u00e4\u00e4nkest\u00e4v\u00e4\u00e4 ja sopii ulko- sek\u00e4 sis\u00e4k\u00e4ytt\u00f6\u00f6n. Saatavana on tilauksesta eri kokoja sek\u00e4 v\u00e4rej\u00e4. J\u00e4ttikukka on pitk\u00e4aikainen sijoitus joka ei k\u00e4rsi\u00a0 kuivuudesta eik\u00e4 vaadi huolenpitoa. Kukan varsi on muotoiltavissa haluamaasi muotoon. Tanniina &#8211; design j\u00e4ttkukat ja my\u00f6s 3-D j\u00e4ttikukkataulut nyt vuokrauspalvelustamme. Huomaa, ett\u00e4 J\u00e4ttikukkien toimitus ei sis\u00e4lly hintaan.<\/p>\n","protected":false},"excerpt":{"rendered":"<h1><img decoding=\"async\" class=\"alignnone size-medium wp-image-1724\" src=\"https:\/\/www.tanniina.fi\/wp-content\/uploads\/2025\/06\/Nattijatti-logo-300x112.jpg\" alt=\"\" width=\"300\" height=\"112\" \/><\/h1>\n<h1>UUTUUS! Vain Ompelimo Tanniinasta<\/h1>\n<p>&nbsp;<\/p>\n<p>Kotiin, toimistoon , juhliin somisteeksi upeat N\u00c4TTIJ\u00c4TTI J\u00e4ttililja nyt vuokrauspalvelustamme. Materiaali paperia ja sopii sis\u00e4k\u00e4ytt\u00f6\u00f6n. Pionin pituus n.180 cm ja kukan halkaisija n. 70 cm.\u00a0 Kukat saatavilla 1\u00a0 kukan jalustalla. Toimitamme, pystyt\u00e4mme ja noudamme pois vuokauksen p\u00e4\u00e4tytty\u00e4. Vuokraushinnat alk. 100,- \/ 1-3 vrk. Toimitus ei sis\u00e4lly hintaan vaan veloitetaan erikseen.<\/p>\n<p>KYSY TARJOUS\u00a0 J\u00c4TTIKUKKIEN VUOKRAUSPALVELUSTAMME.<\/p>\n<p>info@tanniina.fi<\/p>\n","protected":false},"featured_media":1611,"comment_status":"open","ping_status":"closed","template":"","meta":[],"product_brand":[49],"product_cat":[27,17,48],"product_tag":[],"class_list":{"0":"post-348","1":"product","2":"type-product","3":"status-publish","4":"has-post-thumbnail","6":"product_brand-nattijatti","7":"product_cat-jattikukat-jattikukat","8":"product_cat-jattikukat","9":"product_cat-haat-ja-juhlat","11":"entry","12":"has-media","14":"first","15":"instock","16":"virtual","17":"sold-individually","18":"taxable","19":"product-type-simple","20":"has-product-nav","21":"col","22":"span_1_of_4","23":"owp-content-center","24":"owp-thumbs-layout-horizontal","25":"owp-btn-normal","26":"owp-tabs-layout-horizontal"},"yoast_head":"<!-- This site is optimized with the Yoast SEO plugin v27.3 - https:\/\/yoast.com\/product\/yoast-seo-wordpress\/ -->\n<title>N\u00e4ttij\u00e4tti j\u00e4ttililja - Ompelimo Tanniina<\/title>\n<meta name=\"description\" content=\"J\u00e4ttikukat valmistetaan k\u00e4sin Suomessa. Materiaali on s\u00e4\u00e4nkest\u00e4v\u00e4\u00e4 ja sopii ulko- sek\u00e4 sis\u00e4k\u00e4ytt\u00f6\u00f6n. Saatavana on tilauksesta eri kokoja sek\u00e4 v\u00e4rej\u00e4. J\u00e4ttikukka on pitk\u00e4aikainen sijoitus joka ei k\u00e4rsi\u00a0 kuivuudesta eik\u00e4 vaadi huolenpitoa. Kukan varsi on muotoiltavissa haluamaasi muotoon. Tanniina - design j\u00e4ttkukat ja my\u00f6s 3-D j\u00e4ttikukkataulut nyt my\u00f6s verkkokaupasta.\" \/>\n<meta name=\"robots\" content=\"index, follow, max-snippet:-1, max-image-preview:large, max-video-preview:-1\" \/>\n<link rel=\"canonical\" href=\"https:\/\/www.tanniina.fi\/index.php\/tuote\/jattililja\/\" \/>\n<meta property=\"og:locale\" content=\"fi_FI\" \/>\n<meta property=\"og:type\" content=\"article\" \/>\n<meta property=\"og:title\" content=\"N\u00e4ttij\u00e4tti j\u00e4ttililja - Ompelimo Tanniina\" \/>\n<meta property=\"og:description\" content=\"J\u00e4ttikukat valmistetaan k\u00e4sin Suomessa. Materiaali on s\u00e4\u00e4nkest\u00e4v\u00e4\u00e4 ja sopii ulko- sek\u00e4 sis\u00e4k\u00e4ytt\u00f6\u00f6n. Saatavana on tilauksesta eri kokoja sek\u00e4 v\u00e4rej\u00e4. J\u00e4ttikukka on pitk\u00e4aikainen sijoitus joka ei k\u00e4rsi\u00a0 kuivuudesta eik\u00e4 vaadi huolenpitoa. Kukan varsi on muotoiltavissa haluamaasi muotoon. Tanniina - design j\u00e4ttkukat ja my\u00f6s 3-D j\u00e4ttikukkataulut nyt my\u00f6s verkkokaupasta.\" \/>\n<meta property=\"og:url\" content=\"https:\/\/www.tanniina.fi\/index.php\/tuote\/jattililja\/\" \/>\n<meta property=\"og:site_name\" content=\"Ompelimo Tanniina\" \/>\n<meta property=\"article:modified_time\" content=\"2025-06-06T17:23:45+00:00\" \/>\n<meta property=\"og:image\" content=\"https:\/\/www.tanniina.fi\/wp-content\/uploads\/2025\/03\/Lilja-1.jpg\" \/>\n\t<meta property=\"og:image:width\" content=\"1600\" \/>\n\t<meta property=\"og:image:height\" content=\"1599\" \/>\n\t<meta property=\"og:image:type\" content=\"image\/jpeg\" \/>\n<meta name=\"twitter:card\" content=\"summary_large_image\" \/>\n<meta name=\"twitter:label1\" content=\"Arvioitu lukuaika\" \/>\n\t<meta name=\"twitter:data1\" content=\"1 minuutti\" \/>\n<script type=\"application\/ld+json\" class=\"yoast-schema-graph\">{\"@context\":\"https:\\\/\\\/schema.org\",\"@graph\":[{\"@type\":\"WebPage\",\"@id\":\"https:\\\/\\\/www.tanniina.fi\\\/index.php\\\/tuote\\\/jattililja\\\/\",\"url\":\"https:\\\/\\\/www.tanniina.fi\\\/index.php\\\/tuote\\\/jattililja\\\/\",\"name\":\"N\u00e4ttij\u00e4tti j\u00e4ttililja - Ompelimo Tanniina\",\"isPartOf\":{\"@id\":\"https:\\\/\\\/www.tanniina.fi\\\/#website\"},\"primaryImageOfPage\":{\"@id\":\"https:\\\/\\\/www.tanniina.fi\\\/index.php\\\/tuote\\\/jattililja\\\/#primaryimage\"},\"image\":{\"@id\":\"https:\\\/\\\/www.tanniina.fi\\\/index.php\\\/tuote\\\/jattililja\\\/#primaryimage\"},\"thumbnailUrl\":\"https:\\\/\\\/www.tanniina.fi\\\/wp-content\\\/uploads\\\/2025\\\/03\\\/Lilja-1.jpg\",\"datePublished\":\"2021-07-04T12:34:16+00:00\",\"dateModified\":\"2025-06-06T17:23:45+00:00\",\"description\":\"J\u00e4ttikukat valmistetaan k\u00e4sin Suomessa. Materiaali on s\u00e4\u00e4nkest\u00e4v\u00e4\u00e4 ja sopii ulko- sek\u00e4 sis\u00e4k\u00e4ytt\u00f6\u00f6n. Saatavana on tilauksesta eri kokoja sek\u00e4 v\u00e4rej\u00e4. J\u00e4ttikukka on pitk\u00e4aikainen sijoitus joka ei k\u00e4rsi\u00a0 kuivuudesta eik\u00e4 vaadi huolenpitoa. Kukan varsi on muotoiltavissa haluamaasi muotoon. Tanniina - design j\u00e4ttkukat ja my\u00f6s 3-D j\u00e4ttikukkataulut nyt my\u00f6s verkkokaupasta.\",\"breadcrumb\":{\"@id\":\"https:\\\/\\\/www.tanniina.fi\\\/index.php\\\/tuote\\\/jattililja\\\/#breadcrumb\"},\"inLanguage\":\"fi\",\"potentialAction\":[{\"@type\":\"ReadAction\",\"target\":[\"https:\\\/\\\/www.tanniina.fi\\\/index.php\\\/tuote\\\/jattililja\\\/\"]}]},{\"@type\":\"ImageObject\",\"inLanguage\":\"fi\",\"@id\":\"https:\\\/\\\/www.tanniina.fi\\\/index.php\\\/tuote\\\/jattililja\\\/#primaryimage\",\"url\":\"https:\\\/\\\/www.tanniina.fi\\\/wp-content\\\/uploads\\\/2025\\\/03\\\/Lilja-1.jpg\",\"contentUrl\":\"https:\\\/\\\/www.tanniina.fi\\\/wp-content\\\/uploads\\\/2025\\\/03\\\/Lilja-1.jpg\",\"width\":1600,\"height\":1599},{\"@type\":\"BreadcrumbList\",\"@id\":\"https:\\\/\\\/www.tanniina.fi\\\/index.php\\\/tuote\\\/jattililja\\\/#breadcrumb\",\"itemListElement\":[{\"@type\":\"ListItem\",\"position\":1,\"name\":\"Etusivu\",\"item\":\"https:\\\/\\\/www.tanniina.fi\\\/\"},{\"@type\":\"ListItem\",\"position\":2,\"name\":\"Kauppa\",\"item\":\"https:\\\/\\\/www.tanniina.fi\\\/index.php\\\/kauppa\\\/\"},{\"@type\":\"ListItem\",\"position\":3,\"name\":\"N\u00e4ttij\u00e4tti j\u00e4ttililja\"}]},{\"@type\":\"WebSite\",\"@id\":\"https:\\\/\\\/www.tanniina.fi\\\/#website\",\"url\":\"https:\\\/\\\/www.tanniina.fi\\\/\",\"name\":\"Ompelimo Tanniina\",\"description\":\"\",\"publisher\":{\"@id\":\"https:\\\/\\\/www.tanniina.fi\\\/#organization\"},\"potentialAction\":[{\"@type\":\"SearchAction\",\"target\":{\"@type\":\"EntryPoint\",\"urlTemplate\":\"https:\\\/\\\/www.tanniina.fi\\\/?s={search_term_string}\"},\"query-input\":{\"@type\":\"PropertyValueSpecification\",\"valueRequired\":true,\"valueName\":\"search_term_string\"}}],\"inLanguage\":\"fi\"},{\"@type\":\"Organization\",\"@id\":\"https:\\\/\\\/www.tanniina.fi\\\/#organization\",\"name\":\"Ompelimo Tanniina\",\"url\":\"https:\\\/\\\/www.tanniina.fi\\\/\",\"logo\":{\"@type\":\"ImageObject\",\"inLanguage\":\"fi\",\"@id\":\"https:\\\/\\\/www.tanniina.fi\\\/#\\\/schema\\\/logo\\\/image\\\/\",\"url\":\"https:\\\/\\\/www.tanniina.fi\\\/wp-content\\\/uploads\\\/2023\\\/10\\\/cropped-logo1.png\",\"contentUrl\":\"https:\\\/\\\/www.tanniina.fi\\\/wp-content\\\/uploads\\\/2023\\\/10\\\/cropped-logo1.png\",\"width\":1200,\"height\":200,\"caption\":\"Ompelimo Tanniina\"},\"image\":{\"@id\":\"https:\\\/\\\/www.tanniina.fi\\\/#\\\/schema\\\/logo\\\/image\\\/\"}}]}<\/script>\n<!-- \/ Yoast SEO plugin. -->","yoast_head_json":{"title":"N\u00e4ttij\u00e4tti j\u00e4ttililja - Ompelimo Tanniina","description":"J\u00e4ttikukat valmistetaan k\u00e4sin Suomessa. Materiaali on s\u00e4\u00e4nkest\u00e4v\u00e4\u00e4 ja sopii ulko- sek\u00e4 sis\u00e4k\u00e4ytt\u00f6\u00f6n. Saatavana on tilauksesta eri kokoja sek\u00e4 v\u00e4rej\u00e4. J\u00e4ttikukka on pitk\u00e4aikainen sijoitus joka ei k\u00e4rsi\u00a0 kuivuudesta eik\u00e4 vaadi huolenpitoa. Kukan varsi on muotoiltavissa haluamaasi muotoon. Tanniina - design j\u00e4ttkukat ja my\u00f6s 3-D j\u00e4ttikukkataulut nyt my\u00f6s verkkokaupasta.","robots":{"index":"index","follow":"follow","max-snippet":"max-snippet:-1","max-image-preview":"max-image-preview:large","max-video-preview":"max-video-preview:-1"},"canonical":"https:\/\/www.tanniina.fi\/index.php\/tuote\/jattililja\/","og_locale":"fi_FI","og_type":"article","og_title":"N\u00e4ttij\u00e4tti j\u00e4ttililja - Ompelimo Tanniina","og_description":"J\u00e4ttikukat valmistetaan k\u00e4sin Suomessa. Materiaali on s\u00e4\u00e4nkest\u00e4v\u00e4\u00e4 ja sopii ulko- sek\u00e4 sis\u00e4k\u00e4ytt\u00f6\u00f6n. Saatavana on tilauksesta eri kokoja sek\u00e4 v\u00e4rej\u00e4. J\u00e4ttikukka on pitk\u00e4aikainen sijoitus joka ei k\u00e4rsi\u00a0 kuivuudesta eik\u00e4 vaadi huolenpitoa. Kukan varsi on muotoiltavissa haluamaasi muotoon. Tanniina - design j\u00e4ttkukat ja my\u00f6s 3-D j\u00e4ttikukkataulut nyt my\u00f6s verkkokaupasta.","og_url":"https:\/\/www.tanniina.fi\/index.php\/tuote\/jattililja\/","og_site_name":"Ompelimo Tanniina","article_modified_time":"2025-06-06T17:23:45+00:00","og_image":[{"width":1600,"height":1599,"url":"https:\/\/www.tanniina.fi\/wp-content\/uploads\/2025\/03\/Lilja-1.jpg","type":"image\/jpeg"}],"twitter_card":"summary_large_image","twitter_misc":{"Arvioitu lukuaika":"1 minuutti"},"schema":{"@context":"https:\/\/schema.org","@graph":[{"@type":"WebPage","@id":"https:\/\/www.tanniina.fi\/index.php\/tuote\/jattililja\/","url":"https:\/\/www.tanniina.fi\/index.php\/tuote\/jattililja\/","name":"N\u00e4ttij\u00e4tti j\u00e4ttililja - Ompelimo Tanniina","isPartOf":{"@id":"https:\/\/www.tanniina.fi\/#website"},"primaryImageOfPage":{"@id":"https:\/\/www.tanniina.fi\/index.php\/tuote\/jattililja\/#primaryimage"},"image":{"@id":"https:\/\/www.tanniina.fi\/index.php\/tuote\/jattililja\/#primaryimage"},"thumbnailUrl":"https:\/\/www.tanniina.fi\/wp-content\/uploads\/2025\/03\/Lilja-1.jpg","datePublished":"2021-07-04T12:34:16+00:00","dateModified":"2025-06-06T17:23:45+00:00","description":"J\u00e4ttikukat valmistetaan k\u00e4sin Suomessa. Materiaali on s\u00e4\u00e4nkest\u00e4v\u00e4\u00e4 ja sopii ulko- sek\u00e4 sis\u00e4k\u00e4ytt\u00f6\u00f6n. Saatavana on tilauksesta eri kokoja sek\u00e4 v\u00e4rej\u00e4. J\u00e4ttikukka on pitk\u00e4aikainen sijoitus joka ei k\u00e4rsi\u00a0 kuivuudesta eik\u00e4 vaadi huolenpitoa. Kukan varsi on muotoiltavissa haluamaasi muotoon. Tanniina - design j\u00e4ttkukat ja my\u00f6s 3-D j\u00e4ttikukkataulut nyt my\u00f6s verkkokaupasta.","breadcrumb":{"@id":"https:\/\/www.tanniina.fi\/index.php\/tuote\/jattililja\/#breadcrumb"},"inLanguage":"fi","potentialAction":[{"@type":"ReadAction","target":["https:\/\/www.tanniina.fi\/index.php\/tuote\/jattililja\/"]}]},{"@type":"ImageObject","inLanguage":"fi","@id":"https:\/\/www.tanniina.fi\/index.php\/tuote\/jattililja\/#primaryimage","url":"https:\/\/www.tanniina.fi\/wp-content\/uploads\/2025\/03\/Lilja-1.jpg","contentUrl":"https:\/\/www.tanniina.fi\/wp-content\/uploads\/2025\/03\/Lilja-1.jpg","width":1600,"height":1599},{"@type":"BreadcrumbList","@id":"https:\/\/www.tanniina.fi\/index.php\/tuote\/jattililja\/#breadcrumb","itemListElement":[{"@type":"ListItem","position":1,"name":"Etusivu","item":"https:\/\/www.tanniina.fi\/"},{"@type":"ListItem","position":2,"name":"Kauppa","item":"https:\/\/www.tanniina.fi\/index.php\/kauppa\/"},{"@type":"ListItem","position":3,"name":"N\u00e4ttij\u00e4tti j\u00e4ttililja"}]},{"@type":"WebSite","@id":"https:\/\/www.tanniina.fi\/#website","url":"https:\/\/www.tanniina.fi\/","name":"Ompelimo Tanniina","description":"","publisher":{"@id":"https:\/\/www.tanniina.fi\/#organization"},"potentialAction":[{"@type":"SearchAction","target":{"@type":"EntryPoint","urlTemplate":"https:\/\/www.tanniina.fi\/?s={search_term_string}"},"query-input":{"@type":"PropertyValueSpecification","valueRequired":true,"valueName":"search_term_string"}}],"inLanguage":"fi"},{"@type":"Organization","@id":"https:\/\/www.tanniina.fi\/#organization","name":"Ompelimo Tanniina","url":"https:\/\/www.tanniina.fi\/","logo":{"@type":"ImageObject","inLanguage":"fi","@id":"https:\/\/www.tanniina.fi\/#\/schema\/logo\/image\/","url":"https:\/\/www.tanniina.fi\/wp-content\/uploads\/2023\/10\/cropped-logo1.png","contentUrl":"https:\/\/www.tanniina.fi\/wp-content\/uploads\/2023\/10\/cropped-logo1.png","width":1200,"height":200,"caption":"Ompelimo Tanniina"},"image":{"@id":"https:\/\/www.tanniina.fi\/#\/schema\/logo\/image\/"}}]}},"_links":{"self":[{"href":"https:\/\/www.tanniina.fi\/index.php\/wp-json\/wp\/v2\/product\/348","targetHints":{"allow":["GET"]}}],"collection":[{"href":"https:\/\/www.tanniina.fi\/index.php\/wp-json\/wp\/v2\/product"}],"about":[{"href":"https:\/\/www.tanniina.fi\/index.php\/wp-json\/wp\/v2\/types\/product"}],"replies":[{"embeddable":true,"href":"https:\/\/www.tanniina.fi\/index.php\/wp-json\/wp\/v2\/comments?post=348"}],"wp:featuredmedia":[{"embeddable":true,"href":"https:\/\/www.tanniina.fi\/index.php\/wp-json\/wp\/v2\/media\/1611"}],"wp:attachment":[{"href":"https:\/\/www.tanniina.fi\/index.php\/wp-json\/wp\/v2\/media?parent=348"}],"wp:term":[{"taxonomy":"product_brand","embeddable":true,"href":"https:\/\/www.tanniina.fi\/index.php\/wp-json\/wp\/v2\/product_brand?post=348"},{"taxonomy":"product_cat","embeddable":true,"href":"https:\/\/www.tanniina.fi\/index.php\/wp-json\/wp\/v2\/product_cat?post=348"},{"taxonomy":"product_tag","embeddable":true,"href":"https:\/\/www.tanniina.fi\/index.php\/wp-json\/wp\/v2\/product_tag?post=348"}],"curies":[{"name":"wp","href":"https:\/\/api.w.org\/{rel}","templated":true}]}}