{"id":279,"date":"2021-06-11T10:56:30","date_gmt":"2021-06-11T10:56:30","guid":{"rendered":"https:\/\/www.tanniina.fi\/?post_type=product&#038;p=279"},"modified":"2025-10-06T19:37:29","modified_gmt":"2025-10-06T17:37:29","slug":"juhlamekko-musta-pitka","status":"publish","type":"product","link":"https:\/\/www.tanniina.fi\/index.php\/tuote\/juhlamekko-musta-pitka\/","title":{"rendered":"Juhlamekko musta pitk\u00e4"},"content":{"rendered":"<p>Korsetti on juhlamekkosi syd\u00e4n. Juhlamekko on valmistettu tukevasta, hengitt\u00e4v\u00e4st\u00e4 kankaasta sek\u00e4 metallista tai muovista valmistetuista tukiluista, jotka auttavat pit\u00e4m\u00e4\u00e4n korsettia muodossa ja muotoilemaan vy\u00f6t\u00e4r\u00f6\u00e4. Kaikki Tanniina- design juhlamekot ja korsetit valmistetaan k\u00e4sin Suomessa korkealaatuisista materiaaleista.<\/p>\n","protected":false},"excerpt":{"rendered":"<p><strong>POISTOHINTAAN ! Alennus 65 %<\/strong><\/p>\n<p>Juhlamekossa korsetti vy\u00f6t\u00e4r\u00f6\u00f6n asti. Takana ny\u00f6rikiristys.<\/p>\n<p>Koko:\u00a0 38\/40<\/p>\n<p>Rinnanymp\u00e4rys:\u00a0 88 cm<\/p>\n<p>Vy\u00f6t\u00e4r\u00f6:\u00a0 74 cm<\/p>\n<p>Materiaali: Satiini<\/p>\n","protected":false},"featured_media":282,"comment_status":"open","ping_status":"closed","template":"","meta":[],"product_brand":[],"product_cat":[23,18],"product_tag":[],"class_list":{"0":"post-279","1":"product","2":"type-product","3":"status-publish","4":"has-post-thumbnail","6":"product_cat-juhlamekot","7":"product_cat-vaatteet","9":"entry","10":"has-media","12":"first","13":"instock","14":"sale","15":"taxable","16":"shipping-taxable","17":"purchasable","18":"product-type-simple","19":"has-product-nav","20":"col","21":"span_1_of_4","22":"owp-content-center","23":"owp-thumbs-layout-horizontal","24":"owp-btn-normal","25":"owp-tabs-layout-horizontal"},"yoast_head":"<!-- This site is optimized with the Yoast SEO plugin v27.3 - https:\/\/yoast.com\/product\/yoast-seo-wordpress\/ -->\n<title>Juhlamekko musta pitk\u00e4 - Ompelimo Tanniina<\/title>\n<meta name=\"description\" content=\"Korsetti on juhlamekkosi syd\u00e4n. Juhlamekko on valmistettu tukevasta, hengitt\u00e4v\u00e4st\u00e4 kankaasta sek\u00e4 metallista tai muovista valmistetuista tukiluista, jotka auttavat pit\u00e4m\u00e4\u00e4n korsettia muodossa ja muotoilemaan vy\u00f6t\u00e4r\u00f6\u00e4. Kaikki Tanniina- design juhlamekot ja korsetit valmistetaan k\u00e4sin Suomessa korkealaatuisista materiaaleista.\" \/>\n<meta name=\"robots\" content=\"index, follow, max-snippet:-1, max-image-preview:large, max-video-preview:-1\" \/>\n<link rel=\"canonical\" href=\"https:\/\/www.tanniina.fi\/index.php\/tuote\/juhlamekko-musta-pitka\/\" \/>\n<meta property=\"og:locale\" content=\"fi_FI\" \/>\n<meta property=\"og:type\" content=\"article\" \/>\n<meta property=\"og:title\" content=\"Juhlamekko musta pitk\u00e4 - Ompelimo Tanniina\" \/>\n<meta property=\"og:description\" content=\"Korsetti on juhlamekkosi syd\u00e4n. Juhlamekko on valmistettu tukevasta, hengitt\u00e4v\u00e4st\u00e4 kankaasta sek\u00e4 metallista tai muovista valmistetuista tukiluista, jotka auttavat pit\u00e4m\u00e4\u00e4n korsettia muodossa ja muotoilemaan vy\u00f6t\u00e4r\u00f6\u00e4. Kaikki Tanniina- design juhlamekot ja korsetit valmistetaan k\u00e4sin Suomessa korkealaatuisista materiaaleista.\" \/>\n<meta property=\"og:url\" content=\"https:\/\/www.tanniina.fi\/index.php\/tuote\/juhlamekko-musta-pitka\/\" \/>\n<meta property=\"og:site_name\" content=\"Ompelimo Tanniina\" \/>\n<meta property=\"article:modified_time\" content=\"2025-10-06T17:37:29+00:00\" \/>\n<meta property=\"og:image\" content=\"https:\/\/www.tanniina.fi\/wp-content\/uploads\/2021\/06\/48.jpg\" \/>\n\t<meta property=\"og:image:width\" content=\"844\" \/>\n\t<meta property=\"og:image:height\" content=\"1496\" \/>\n\t<meta property=\"og:image:type\" content=\"image\/jpeg\" \/>\n<meta name=\"twitter:card\" content=\"summary_large_image\" \/>\n<meta name=\"twitter:label1\" content=\"Arvioitu lukuaika\" \/>\n\t<meta name=\"twitter:data1\" content=\"1 minuutti\" \/>\n<script type=\"application\/ld+json\" class=\"yoast-schema-graph\">{\"@context\":\"https:\\\/\\\/schema.org\",\"@graph\":[{\"@type\":\"WebPage\",\"@id\":\"https:\\\/\\\/www.tanniina.fi\\\/index.php\\\/tuote\\\/juhlamekko-musta-pitka\\\/\",\"url\":\"https:\\\/\\\/www.tanniina.fi\\\/index.php\\\/tuote\\\/juhlamekko-musta-pitka\\\/\",\"name\":\"Juhlamekko musta pitk\u00e4 - Ompelimo Tanniina\",\"isPartOf\":{\"@id\":\"https:\\\/\\\/www.tanniina.fi\\\/#website\"},\"primaryImageOfPage\":{\"@id\":\"https:\\\/\\\/www.tanniina.fi\\\/index.php\\\/tuote\\\/juhlamekko-musta-pitka\\\/#primaryimage\"},\"image\":{\"@id\":\"https:\\\/\\\/www.tanniina.fi\\\/index.php\\\/tuote\\\/juhlamekko-musta-pitka\\\/#primaryimage\"},\"thumbnailUrl\":\"https:\\\/\\\/www.tanniina.fi\\\/wp-content\\\/uploads\\\/2021\\\/06\\\/48.jpg\",\"datePublished\":\"2021-06-11T10:56:30+00:00\",\"dateModified\":\"2025-10-06T17:37:29+00:00\",\"description\":\"Korsetti on juhlamekkosi syd\u00e4n. Juhlamekko on valmistettu tukevasta, hengitt\u00e4v\u00e4st\u00e4 kankaasta sek\u00e4 metallista tai muovista valmistetuista tukiluista, jotka auttavat pit\u00e4m\u00e4\u00e4n korsettia muodossa ja muotoilemaan vy\u00f6t\u00e4r\u00f6\u00e4. Kaikki Tanniina- design juhlamekot ja korsetit valmistetaan k\u00e4sin Suomessa korkealaatuisista materiaaleista.\",\"breadcrumb\":{\"@id\":\"https:\\\/\\\/www.tanniina.fi\\\/index.php\\\/tuote\\\/juhlamekko-musta-pitka\\\/#breadcrumb\"},\"inLanguage\":\"fi\",\"potentialAction\":[{\"@type\":\"ReadAction\",\"target\":[\"https:\\\/\\\/www.tanniina.fi\\\/index.php\\\/tuote\\\/juhlamekko-musta-pitka\\\/\"]}]},{\"@type\":\"ImageObject\",\"inLanguage\":\"fi\",\"@id\":\"https:\\\/\\\/www.tanniina.fi\\\/index.php\\\/tuote\\\/juhlamekko-musta-pitka\\\/#primaryimage\",\"url\":\"https:\\\/\\\/www.tanniina.fi\\\/wp-content\\\/uploads\\\/2021\\\/06\\\/48.jpg\",\"contentUrl\":\"https:\\\/\\\/www.tanniina.fi\\\/wp-content\\\/uploads\\\/2021\\\/06\\\/48.jpg\",\"width\":844,\"height\":1496},{\"@type\":\"BreadcrumbList\",\"@id\":\"https:\\\/\\\/www.tanniina.fi\\\/index.php\\\/tuote\\\/juhlamekko-musta-pitka\\\/#breadcrumb\",\"itemListElement\":[{\"@type\":\"ListItem\",\"position\":1,\"name\":\"Etusivu\",\"item\":\"https:\\\/\\\/www.tanniina.fi\\\/\"},{\"@type\":\"ListItem\",\"position\":2,\"name\":\"Kauppa\",\"item\":\"https:\\\/\\\/www.tanniina.fi\\\/index.php\\\/kauppa\\\/\"},{\"@type\":\"ListItem\",\"position\":3,\"name\":\"Juhlamekko musta pitk\u00e4\"}]},{\"@type\":\"WebSite\",\"@id\":\"https:\\\/\\\/www.tanniina.fi\\\/#website\",\"url\":\"https:\\\/\\\/www.tanniina.fi\\\/\",\"name\":\"Ompelimo Tanniina\",\"description\":\"\",\"publisher\":{\"@id\":\"https:\\\/\\\/www.tanniina.fi\\\/#organization\"},\"potentialAction\":[{\"@type\":\"SearchAction\",\"target\":{\"@type\":\"EntryPoint\",\"urlTemplate\":\"https:\\\/\\\/www.tanniina.fi\\\/?s={search_term_string}\"},\"query-input\":{\"@type\":\"PropertyValueSpecification\",\"valueRequired\":true,\"valueName\":\"search_term_string\"}}],\"inLanguage\":\"fi\"},{\"@type\":\"Organization\",\"@id\":\"https:\\\/\\\/www.tanniina.fi\\\/#organization\",\"name\":\"Ompelimo Tanniina\",\"url\":\"https:\\\/\\\/www.tanniina.fi\\\/\",\"logo\":{\"@type\":\"ImageObject\",\"inLanguage\":\"fi\",\"@id\":\"https:\\\/\\\/www.tanniina.fi\\\/#\\\/schema\\\/logo\\\/image\\\/\",\"url\":\"https:\\\/\\\/www.tanniina.fi\\\/wp-content\\\/uploads\\\/2023\\\/10\\\/cropped-logo1.png\",\"contentUrl\":\"https:\\\/\\\/www.tanniina.fi\\\/wp-content\\\/uploads\\\/2023\\\/10\\\/cropped-logo1.png\",\"width\":1200,\"height\":200,\"caption\":\"Ompelimo Tanniina\"},\"image\":{\"@id\":\"https:\\\/\\\/www.tanniina.fi\\\/#\\\/schema\\\/logo\\\/image\\\/\"}}]}<\/script>\n<!-- \/ Yoast SEO plugin. -->","yoast_head_json":{"title":"Juhlamekko musta pitk\u00e4 - Ompelimo Tanniina","description":"Korsetti on juhlamekkosi syd\u00e4n. Juhlamekko on valmistettu tukevasta, hengitt\u00e4v\u00e4st\u00e4 kankaasta sek\u00e4 metallista tai muovista valmistetuista tukiluista, jotka auttavat pit\u00e4m\u00e4\u00e4n korsettia muodossa ja muotoilemaan vy\u00f6t\u00e4r\u00f6\u00e4. Kaikki Tanniina- design juhlamekot ja korsetit valmistetaan k\u00e4sin Suomessa korkealaatuisista materiaaleista.","robots":{"index":"index","follow":"follow","max-snippet":"max-snippet:-1","max-image-preview":"max-image-preview:large","max-video-preview":"max-video-preview:-1"},"canonical":"https:\/\/www.tanniina.fi\/index.php\/tuote\/juhlamekko-musta-pitka\/","og_locale":"fi_FI","og_type":"article","og_title":"Juhlamekko musta pitk\u00e4 - Ompelimo Tanniina","og_description":"Korsetti on juhlamekkosi syd\u00e4n. Juhlamekko on valmistettu tukevasta, hengitt\u00e4v\u00e4st\u00e4 kankaasta sek\u00e4 metallista tai muovista valmistetuista tukiluista, jotka auttavat pit\u00e4m\u00e4\u00e4n korsettia muodossa ja muotoilemaan vy\u00f6t\u00e4r\u00f6\u00e4. Kaikki Tanniina- design juhlamekot ja korsetit valmistetaan k\u00e4sin Suomessa korkealaatuisista materiaaleista.","og_url":"https:\/\/www.tanniina.fi\/index.php\/tuote\/juhlamekko-musta-pitka\/","og_site_name":"Ompelimo Tanniina","article_modified_time":"2025-10-06T17:37:29+00:00","og_image":[{"width":844,"height":1496,"url":"https:\/\/www.tanniina.fi\/wp-content\/uploads\/2021\/06\/48.jpg","type":"image\/jpeg"}],"twitter_card":"summary_large_image","twitter_misc":{"Arvioitu lukuaika":"1 minuutti"},"schema":{"@context":"https:\/\/schema.org","@graph":[{"@type":"WebPage","@id":"https:\/\/www.tanniina.fi\/index.php\/tuote\/juhlamekko-musta-pitka\/","url":"https:\/\/www.tanniina.fi\/index.php\/tuote\/juhlamekko-musta-pitka\/","name":"Juhlamekko musta pitk\u00e4 - Ompelimo Tanniina","isPartOf":{"@id":"https:\/\/www.tanniina.fi\/#website"},"primaryImageOfPage":{"@id":"https:\/\/www.tanniina.fi\/index.php\/tuote\/juhlamekko-musta-pitka\/#primaryimage"},"image":{"@id":"https:\/\/www.tanniina.fi\/index.php\/tuote\/juhlamekko-musta-pitka\/#primaryimage"},"thumbnailUrl":"https:\/\/www.tanniina.fi\/wp-content\/uploads\/2021\/06\/48.jpg","datePublished":"2021-06-11T10:56:30+00:00","dateModified":"2025-10-06T17:37:29+00:00","description":"Korsetti on juhlamekkosi syd\u00e4n. Juhlamekko on valmistettu tukevasta, hengitt\u00e4v\u00e4st\u00e4 kankaasta sek\u00e4 metallista tai muovista valmistetuista tukiluista, jotka auttavat pit\u00e4m\u00e4\u00e4n korsettia muodossa ja muotoilemaan vy\u00f6t\u00e4r\u00f6\u00e4. Kaikki Tanniina- design juhlamekot ja korsetit valmistetaan k\u00e4sin Suomessa korkealaatuisista materiaaleista.","breadcrumb":{"@id":"https:\/\/www.tanniina.fi\/index.php\/tuote\/juhlamekko-musta-pitka\/#breadcrumb"},"inLanguage":"fi","potentialAction":[{"@type":"ReadAction","target":["https:\/\/www.tanniina.fi\/index.php\/tuote\/juhlamekko-musta-pitka\/"]}]},{"@type":"ImageObject","inLanguage":"fi","@id":"https:\/\/www.tanniina.fi\/index.php\/tuote\/juhlamekko-musta-pitka\/#primaryimage","url":"https:\/\/www.tanniina.fi\/wp-content\/uploads\/2021\/06\/48.jpg","contentUrl":"https:\/\/www.tanniina.fi\/wp-content\/uploads\/2021\/06\/48.jpg","width":844,"height":1496},{"@type":"BreadcrumbList","@id":"https:\/\/www.tanniina.fi\/index.php\/tuote\/juhlamekko-musta-pitka\/#breadcrumb","itemListElement":[{"@type":"ListItem","position":1,"name":"Etusivu","item":"https:\/\/www.tanniina.fi\/"},{"@type":"ListItem","position":2,"name":"Kauppa","item":"https:\/\/www.tanniina.fi\/index.php\/kauppa\/"},{"@type":"ListItem","position":3,"name":"Juhlamekko musta pitk\u00e4"}]},{"@type":"WebSite","@id":"https:\/\/www.tanniina.fi\/#website","url":"https:\/\/www.tanniina.fi\/","name":"Ompelimo Tanniina","description":"","publisher":{"@id":"https:\/\/www.tanniina.fi\/#organization"},"potentialAction":[{"@type":"SearchAction","target":{"@type":"EntryPoint","urlTemplate":"https:\/\/www.tanniina.fi\/?s={search_term_string}"},"query-input":{"@type":"PropertyValueSpecification","valueRequired":true,"valueName":"search_term_string"}}],"inLanguage":"fi"},{"@type":"Organization","@id":"https:\/\/www.tanniina.fi\/#organization","name":"Ompelimo Tanniina","url":"https:\/\/www.tanniina.fi\/","logo":{"@type":"ImageObject","inLanguage":"fi","@id":"https:\/\/www.tanniina.fi\/#\/schema\/logo\/image\/","url":"https:\/\/www.tanniina.fi\/wp-content\/uploads\/2023\/10\/cropped-logo1.png","contentUrl":"https:\/\/www.tanniina.fi\/wp-content\/uploads\/2023\/10\/cropped-logo1.png","width":1200,"height":200,"caption":"Ompelimo Tanniina"},"image":{"@id":"https:\/\/www.tanniina.fi\/#\/schema\/logo\/image\/"}}]}},"_links":{"self":[{"href":"https:\/\/www.tanniina.fi\/index.php\/wp-json\/wp\/v2\/product\/279","targetHints":{"allow":["GET"]}}],"collection":[{"href":"https:\/\/www.tanniina.fi\/index.php\/wp-json\/wp\/v2\/product"}],"about":[{"href":"https:\/\/www.tanniina.fi\/index.php\/wp-json\/wp\/v2\/types\/product"}],"replies":[{"embeddable":true,"href":"https:\/\/www.tanniina.fi\/index.php\/wp-json\/wp\/v2\/comments?post=279"}],"wp:featuredmedia":[{"embeddable":true,"href":"https:\/\/www.tanniina.fi\/index.php\/wp-json\/wp\/v2\/media\/282"}],"wp:attachment":[{"href":"https:\/\/www.tanniina.fi\/index.php\/wp-json\/wp\/v2\/media?parent=279"}],"wp:term":[{"taxonomy":"product_brand","embeddable":true,"href":"https:\/\/www.tanniina.fi\/index.php\/wp-json\/wp\/v2\/product_brand?post=279"},{"taxonomy":"product_cat","embeddable":true,"href":"https:\/\/www.tanniina.fi\/index.php\/wp-json\/wp\/v2\/product_cat?post=279"},{"taxonomy":"product_tag","embeddable":true,"href":"https:\/\/www.tanniina.fi\/index.php\/wp-json\/wp\/v2\/product_tag?post=279"}],"curies":[{"name":"wp","href":"https:\/\/api.w.org\/{rel}","templated":true}]}}