{"id":229,"date":"2021-06-06T11:44:00","date_gmt":"2021-06-06T11:44:00","guid":{"rendered":"https:\/\/www.tanniina.fi\/?post_type=product&#038;p=229"},"modified":"2025-06-06T19:25:54","modified_gmt":"2025-06-06T17:25:54","slug":"jattiruusu-punainen-vihrealla-varrella","status":"publish","type":"product","link":"https:\/\/www.tanniina.fi\/index.php\/tuote\/jattiruusu-punainen-vihrealla-varrella\/","title":{"rendered":"N\u00e4ttij\u00e4tti j\u00e4ttiruusu punainen"},"content":{"rendered":"<p>J\u00e4ttikukat valmistetaan k\u00e4sin Suomessa. Materiaali on s\u00e4\u00e4nkest\u00e4v\u00e4\u00e4 ja sopii ulko- sek\u00e4 sis\u00e4k\u00e4ytt\u00f6\u00f6n. Saatavana on tilauksesta eri kokoja sek\u00e4 v\u00e4rej\u00e4. J\u00e4ttikukka on pitk\u00e4aikainen sijoitus joka ei k\u00e4rsi\u00a0 kuivuudesta eik\u00e4 vaadi huolenpitoa. Kukan varsi on muotoiltavissa haluamaasi muotoon. Tanniina &#8211; design j\u00e4ttkukat ja my\u00f6s 3-D j\u00e4ttikukkataulut nyt my\u00f6s verkkokaupasta.<\/p>\n","protected":false},"excerpt":{"rendered":"<p><img decoding=\"async\" class=\"alignnone size-medium wp-image-1724\" src=\"https:\/\/www.tanniina.fi\/wp-content\/uploads\/2025\/06\/Nattijatti-logo-300x112.jpg\" alt=\"\" width=\"300\" height=\"112\" \/><\/p>\n[video width=\"640\" height=\"640\" mp4=\"https:\/\/www.tanniina.fi\/wp-content\/uploads\/2021\/11\/Ruusuvideo.mp4\"][\/video]\n<h1>UUTUUS! Vain Ompelimo Tanniinasta<\/h1>\n<p>&nbsp;<\/p>\n<p>Kotiin, toimistoon , juhliin somisteeksi upeat J\u00c4TTIRUUSUT nyt verkkokaupasta. Materiaali kest\u00e4v\u00e4\u00e4 solumuovia, lehdet k\u00e4sin v\u00e4rj\u00e4ttyj\u00e4. Ruusun pituus n. 180 cm ja kukan halkaisija n. 50 cm. Kukka toimitetaan vain toimitusmyyntin\u00e4. Kukan jalusta ei kuulu hintaan. Haluamasi jalusta veloitetaan erikseen.<\/p>\n","protected":false},"featured_media":732,"comment_status":"open","ping_status":"closed","template":"","meta":[],"product_brand":[49],"product_cat":[27,17],"product_tag":[36,37],"class_list":{"0":"post-229","1":"product","2":"type-product","3":"status-publish","4":"has-post-thumbnail","6":"product_brand-nattijatti","7":"product_cat-jattikukat-jattikukat","8":"product_cat-jattikukat","9":"product_tag-giant-flower","10":"product_tag-jatikukka","12":"entry","13":"has-media","15":"first","16":"instock","17":"virtual","18":"taxable","19":"purchasable","20":"product-type-simple","21":"has-product-nav","22":"col","23":"span_1_of_4","24":"owp-content-center","25":"owp-thumbs-layout-horizontal","26":"owp-btn-normal","27":"owp-tabs-layout-horizontal"},"yoast_head":"<!-- This site is optimized with the Yoast SEO plugin v27.3 - https:\/\/yoast.com\/product\/yoast-seo-wordpress\/ -->\n<title>N\u00e4ttij\u00e4tti j\u00e4ttiruusu punainen - Ompelimo Tanniina<\/title>\n<meta name=\"description\" content=\"J\u00e4ttikukat valmistetaan k\u00e4sin Suomessa. Materiaali on s\u00e4\u00e4nkest\u00e4v\u00e4\u00e4 ja sopii ulko- sek\u00e4 sis\u00e4k\u00e4ytt\u00f6\u00f6n. Saatavana on tilauksesta eri kokoja sek\u00e4 v\u00e4rej\u00e4. J\u00e4ttikukka on pitk\u00e4aikainen sijoitus joka ei k\u00e4rsi\u00a0 kuivuudesta eik\u00e4 vaadi huolenpitoa. Kukan varsi on muotoiltavissa haluamaasi muotoon. Tanniina - design j\u00e4ttkukat ja my\u00f6s 3-D j\u00e4ttikukkataulut nyt my\u00f6s verkkokaupasta.\" \/>\n<meta name=\"robots\" content=\"index, follow, max-snippet:-1, max-image-preview:large, max-video-preview:-1\" \/>\n<link rel=\"canonical\" href=\"https:\/\/www.tanniina.fi\/index.php\/tuote\/jattiruusu-punainen-vihrealla-varrella\/\" \/>\n<meta property=\"og:locale\" content=\"fi_FI\" \/>\n<meta property=\"og:type\" content=\"article\" \/>\n<meta property=\"og:title\" content=\"N\u00e4ttij\u00e4tti j\u00e4ttiruusu punainen - Ompelimo Tanniina\" \/>\n<meta property=\"og:description\" content=\"J\u00e4ttikukat valmistetaan k\u00e4sin Suomessa. Materiaali on s\u00e4\u00e4nkest\u00e4v\u00e4\u00e4 ja sopii ulko- sek\u00e4 sis\u00e4k\u00e4ytt\u00f6\u00f6n. Saatavana on tilauksesta eri kokoja sek\u00e4 v\u00e4rej\u00e4. J\u00e4ttikukka on pitk\u00e4aikainen sijoitus joka ei k\u00e4rsi\u00a0 kuivuudesta eik\u00e4 vaadi huolenpitoa. Kukan varsi on muotoiltavissa haluamaasi muotoon. Tanniina - design j\u00e4ttkukat ja my\u00f6s 3-D j\u00e4ttikukkataulut nyt my\u00f6s verkkokaupasta.\" \/>\n<meta property=\"og:url\" content=\"https:\/\/www.tanniina.fi\/index.php\/tuote\/jattiruusu-punainen-vihrealla-varrella\/\" \/>\n<meta property=\"og:site_name\" content=\"Ompelimo Tanniina\" \/>\n<meta property=\"article:modified_time\" content=\"2025-06-06T17:25:54+00:00\" \/>\n<meta property=\"og:image\" content=\"https:\/\/www.tanniina.fi\/wp-content\/uploads\/2021\/11\/Jattiruusu-pun-pikkujatti.jpg\" \/>\n\t<meta property=\"og:image:width\" content=\"658\" \/>\n\t<meta property=\"og:image:height\" content=\"1256\" \/>\n\t<meta property=\"og:image:type\" content=\"image\/jpeg\" \/>\n<meta name=\"twitter:card\" content=\"summary_large_image\" \/>\n<meta name=\"twitter:label1\" content=\"Arvioitu lukuaika\" \/>\n\t<meta name=\"twitter:data1\" content=\"1 minuutti\" \/>\n<script type=\"application\/ld+json\" class=\"yoast-schema-graph\">{\"@context\":\"https:\\\/\\\/schema.org\",\"@graph\":[{\"@type\":\"WebPage\",\"@id\":\"https:\\\/\\\/www.tanniina.fi\\\/index.php\\\/tuote\\\/jattiruusu-punainen-vihrealla-varrella\\\/\",\"url\":\"https:\\\/\\\/www.tanniina.fi\\\/index.php\\\/tuote\\\/jattiruusu-punainen-vihrealla-varrella\\\/\",\"name\":\"N\u00e4ttij\u00e4tti j\u00e4ttiruusu punainen - Ompelimo Tanniina\",\"isPartOf\":{\"@id\":\"https:\\\/\\\/www.tanniina.fi\\\/#website\"},\"primaryImageOfPage\":{\"@id\":\"https:\\\/\\\/www.tanniina.fi\\\/index.php\\\/tuote\\\/jattiruusu-punainen-vihrealla-varrella\\\/#primaryimage\"},\"image\":{\"@id\":\"https:\\\/\\\/www.tanniina.fi\\\/index.php\\\/tuote\\\/jattiruusu-punainen-vihrealla-varrella\\\/#primaryimage\"},\"thumbnailUrl\":\"https:\\\/\\\/www.tanniina.fi\\\/wp-content\\\/uploads\\\/2021\\\/11\\\/Jattiruusu-pun-pikkujatti.jpg\",\"datePublished\":\"2021-06-06T11:44:00+00:00\",\"dateModified\":\"2025-06-06T17:25:54+00:00\",\"description\":\"J\u00e4ttikukat valmistetaan k\u00e4sin Suomessa. Materiaali on s\u00e4\u00e4nkest\u00e4v\u00e4\u00e4 ja sopii ulko- sek\u00e4 sis\u00e4k\u00e4ytt\u00f6\u00f6n. Saatavana on tilauksesta eri kokoja sek\u00e4 v\u00e4rej\u00e4. J\u00e4ttikukka on pitk\u00e4aikainen sijoitus joka ei k\u00e4rsi\u00a0 kuivuudesta eik\u00e4 vaadi huolenpitoa. Kukan varsi on muotoiltavissa haluamaasi muotoon. Tanniina - design j\u00e4ttkukat ja my\u00f6s 3-D j\u00e4ttikukkataulut nyt my\u00f6s verkkokaupasta.\",\"breadcrumb\":{\"@id\":\"https:\\\/\\\/www.tanniina.fi\\\/index.php\\\/tuote\\\/jattiruusu-punainen-vihrealla-varrella\\\/#breadcrumb\"},\"inLanguage\":\"fi\",\"potentialAction\":[{\"@type\":\"ReadAction\",\"target\":[\"https:\\\/\\\/www.tanniina.fi\\\/index.php\\\/tuote\\\/jattiruusu-punainen-vihrealla-varrella\\\/\"]}]},{\"@type\":\"ImageObject\",\"inLanguage\":\"fi\",\"@id\":\"https:\\\/\\\/www.tanniina.fi\\\/index.php\\\/tuote\\\/jattiruusu-punainen-vihrealla-varrella\\\/#primaryimage\",\"url\":\"https:\\\/\\\/www.tanniina.fi\\\/wp-content\\\/uploads\\\/2021\\\/11\\\/Jattiruusu-pun-pikkujatti.jpg\",\"contentUrl\":\"https:\\\/\\\/www.tanniina.fi\\\/wp-content\\\/uploads\\\/2021\\\/11\\\/Jattiruusu-pun-pikkujatti.jpg\",\"width\":658,\"height\":1256},{\"@type\":\"BreadcrumbList\",\"@id\":\"https:\\\/\\\/www.tanniina.fi\\\/index.php\\\/tuote\\\/jattiruusu-punainen-vihrealla-varrella\\\/#breadcrumb\",\"itemListElement\":[{\"@type\":\"ListItem\",\"position\":1,\"name\":\"Etusivu\",\"item\":\"https:\\\/\\\/www.tanniina.fi\\\/\"},{\"@type\":\"ListItem\",\"position\":2,\"name\":\"Kauppa\",\"item\":\"https:\\\/\\\/www.tanniina.fi\\\/index.php\\\/kauppa\\\/\"},{\"@type\":\"ListItem\",\"position\":3,\"name\":\"N\u00e4ttij\u00e4tti j\u00e4ttiruusu punainen\"}]},{\"@type\":\"WebSite\",\"@id\":\"https:\\\/\\\/www.tanniina.fi\\\/#website\",\"url\":\"https:\\\/\\\/www.tanniina.fi\\\/\",\"name\":\"Ompelimo Tanniina\",\"description\":\"\",\"publisher\":{\"@id\":\"https:\\\/\\\/www.tanniina.fi\\\/#organization\"},\"potentialAction\":[{\"@type\":\"SearchAction\",\"target\":{\"@type\":\"EntryPoint\",\"urlTemplate\":\"https:\\\/\\\/www.tanniina.fi\\\/?s={search_term_string}\"},\"query-input\":{\"@type\":\"PropertyValueSpecification\",\"valueRequired\":true,\"valueName\":\"search_term_string\"}}],\"inLanguage\":\"fi\"},{\"@type\":\"Organization\",\"@id\":\"https:\\\/\\\/www.tanniina.fi\\\/#organization\",\"name\":\"Ompelimo Tanniina\",\"url\":\"https:\\\/\\\/www.tanniina.fi\\\/\",\"logo\":{\"@type\":\"ImageObject\",\"inLanguage\":\"fi\",\"@id\":\"https:\\\/\\\/www.tanniina.fi\\\/#\\\/schema\\\/logo\\\/image\\\/\",\"url\":\"https:\\\/\\\/www.tanniina.fi\\\/wp-content\\\/uploads\\\/2023\\\/10\\\/cropped-logo1.png\",\"contentUrl\":\"https:\\\/\\\/www.tanniina.fi\\\/wp-content\\\/uploads\\\/2023\\\/10\\\/cropped-logo1.png\",\"width\":1200,\"height\":200,\"caption\":\"Ompelimo Tanniina\"},\"image\":{\"@id\":\"https:\\\/\\\/www.tanniina.fi\\\/#\\\/schema\\\/logo\\\/image\\\/\"}}]}<\/script>\n<!-- \/ Yoast SEO plugin. -->","yoast_head_json":{"title":"N\u00e4ttij\u00e4tti j\u00e4ttiruusu punainen - Ompelimo Tanniina","description":"J\u00e4ttikukat valmistetaan k\u00e4sin Suomessa. Materiaali on s\u00e4\u00e4nkest\u00e4v\u00e4\u00e4 ja sopii ulko- sek\u00e4 sis\u00e4k\u00e4ytt\u00f6\u00f6n. Saatavana on tilauksesta eri kokoja sek\u00e4 v\u00e4rej\u00e4. J\u00e4ttikukka on pitk\u00e4aikainen sijoitus joka ei k\u00e4rsi\u00a0 kuivuudesta eik\u00e4 vaadi huolenpitoa. Kukan varsi on muotoiltavissa haluamaasi muotoon. Tanniina - design j\u00e4ttkukat ja my\u00f6s 3-D j\u00e4ttikukkataulut nyt my\u00f6s verkkokaupasta.","robots":{"index":"index","follow":"follow","max-snippet":"max-snippet:-1","max-image-preview":"max-image-preview:large","max-video-preview":"max-video-preview:-1"},"canonical":"https:\/\/www.tanniina.fi\/index.php\/tuote\/jattiruusu-punainen-vihrealla-varrella\/","og_locale":"fi_FI","og_type":"article","og_title":"N\u00e4ttij\u00e4tti j\u00e4ttiruusu punainen - Ompelimo Tanniina","og_description":"J\u00e4ttikukat valmistetaan k\u00e4sin Suomessa. Materiaali on s\u00e4\u00e4nkest\u00e4v\u00e4\u00e4 ja sopii ulko- sek\u00e4 sis\u00e4k\u00e4ytt\u00f6\u00f6n. Saatavana on tilauksesta eri kokoja sek\u00e4 v\u00e4rej\u00e4. J\u00e4ttikukka on pitk\u00e4aikainen sijoitus joka ei k\u00e4rsi\u00a0 kuivuudesta eik\u00e4 vaadi huolenpitoa. Kukan varsi on muotoiltavissa haluamaasi muotoon. Tanniina - design j\u00e4ttkukat ja my\u00f6s 3-D j\u00e4ttikukkataulut nyt my\u00f6s verkkokaupasta.","og_url":"https:\/\/www.tanniina.fi\/index.php\/tuote\/jattiruusu-punainen-vihrealla-varrella\/","og_site_name":"Ompelimo Tanniina","article_modified_time":"2025-06-06T17:25:54+00:00","og_image":[{"width":658,"height":1256,"url":"https:\/\/www.tanniina.fi\/wp-content\/uploads\/2021\/11\/Jattiruusu-pun-pikkujatti.jpg","type":"image\/jpeg"}],"twitter_card":"summary_large_image","twitter_misc":{"Arvioitu lukuaika":"1 minuutti"},"schema":{"@context":"https:\/\/schema.org","@graph":[{"@type":"WebPage","@id":"https:\/\/www.tanniina.fi\/index.php\/tuote\/jattiruusu-punainen-vihrealla-varrella\/","url":"https:\/\/www.tanniina.fi\/index.php\/tuote\/jattiruusu-punainen-vihrealla-varrella\/","name":"N\u00e4ttij\u00e4tti j\u00e4ttiruusu punainen - Ompelimo Tanniina","isPartOf":{"@id":"https:\/\/www.tanniina.fi\/#website"},"primaryImageOfPage":{"@id":"https:\/\/www.tanniina.fi\/index.php\/tuote\/jattiruusu-punainen-vihrealla-varrella\/#primaryimage"},"image":{"@id":"https:\/\/www.tanniina.fi\/index.php\/tuote\/jattiruusu-punainen-vihrealla-varrella\/#primaryimage"},"thumbnailUrl":"https:\/\/www.tanniina.fi\/wp-content\/uploads\/2021\/11\/Jattiruusu-pun-pikkujatti.jpg","datePublished":"2021-06-06T11:44:00+00:00","dateModified":"2025-06-06T17:25:54+00:00","description":"J\u00e4ttikukat valmistetaan k\u00e4sin Suomessa. Materiaali on s\u00e4\u00e4nkest\u00e4v\u00e4\u00e4 ja sopii ulko- sek\u00e4 sis\u00e4k\u00e4ytt\u00f6\u00f6n. Saatavana on tilauksesta eri kokoja sek\u00e4 v\u00e4rej\u00e4. J\u00e4ttikukka on pitk\u00e4aikainen sijoitus joka ei k\u00e4rsi\u00a0 kuivuudesta eik\u00e4 vaadi huolenpitoa. Kukan varsi on muotoiltavissa haluamaasi muotoon. Tanniina - design j\u00e4ttkukat ja my\u00f6s 3-D j\u00e4ttikukkataulut nyt my\u00f6s verkkokaupasta.","breadcrumb":{"@id":"https:\/\/www.tanniina.fi\/index.php\/tuote\/jattiruusu-punainen-vihrealla-varrella\/#breadcrumb"},"inLanguage":"fi","potentialAction":[{"@type":"ReadAction","target":["https:\/\/www.tanniina.fi\/index.php\/tuote\/jattiruusu-punainen-vihrealla-varrella\/"]}]},{"@type":"ImageObject","inLanguage":"fi","@id":"https:\/\/www.tanniina.fi\/index.php\/tuote\/jattiruusu-punainen-vihrealla-varrella\/#primaryimage","url":"https:\/\/www.tanniina.fi\/wp-content\/uploads\/2021\/11\/Jattiruusu-pun-pikkujatti.jpg","contentUrl":"https:\/\/www.tanniina.fi\/wp-content\/uploads\/2021\/11\/Jattiruusu-pun-pikkujatti.jpg","width":658,"height":1256},{"@type":"BreadcrumbList","@id":"https:\/\/www.tanniina.fi\/index.php\/tuote\/jattiruusu-punainen-vihrealla-varrella\/#breadcrumb","itemListElement":[{"@type":"ListItem","position":1,"name":"Etusivu","item":"https:\/\/www.tanniina.fi\/"},{"@type":"ListItem","position":2,"name":"Kauppa","item":"https:\/\/www.tanniina.fi\/index.php\/kauppa\/"},{"@type":"ListItem","position":3,"name":"N\u00e4ttij\u00e4tti j\u00e4ttiruusu punainen"}]},{"@type":"WebSite","@id":"https:\/\/www.tanniina.fi\/#website","url":"https:\/\/www.tanniina.fi\/","name":"Ompelimo Tanniina","description":"","publisher":{"@id":"https:\/\/www.tanniina.fi\/#organization"},"potentialAction":[{"@type":"SearchAction","target":{"@type":"EntryPoint","urlTemplate":"https:\/\/www.tanniina.fi\/?s={search_term_string}"},"query-input":{"@type":"PropertyValueSpecification","valueRequired":true,"valueName":"search_term_string"}}],"inLanguage":"fi"},{"@type":"Organization","@id":"https:\/\/www.tanniina.fi\/#organization","name":"Ompelimo Tanniina","url":"https:\/\/www.tanniina.fi\/","logo":{"@type":"ImageObject","inLanguage":"fi","@id":"https:\/\/www.tanniina.fi\/#\/schema\/logo\/image\/","url":"https:\/\/www.tanniina.fi\/wp-content\/uploads\/2023\/10\/cropped-logo1.png","contentUrl":"https:\/\/www.tanniina.fi\/wp-content\/uploads\/2023\/10\/cropped-logo1.png","width":1200,"height":200,"caption":"Ompelimo Tanniina"},"image":{"@id":"https:\/\/www.tanniina.fi\/#\/schema\/logo\/image\/"}}]}},"_links":{"self":[{"href":"https:\/\/www.tanniina.fi\/index.php\/wp-json\/wp\/v2\/product\/229","targetHints":{"allow":["GET"]}}],"collection":[{"href":"https:\/\/www.tanniina.fi\/index.php\/wp-json\/wp\/v2\/product"}],"about":[{"href":"https:\/\/www.tanniina.fi\/index.php\/wp-json\/wp\/v2\/types\/product"}],"replies":[{"embeddable":true,"href":"https:\/\/www.tanniina.fi\/index.php\/wp-json\/wp\/v2\/comments?post=229"}],"wp:featuredmedia":[{"embeddable":true,"href":"https:\/\/www.tanniina.fi\/index.php\/wp-json\/wp\/v2\/media\/732"}],"wp:attachment":[{"href":"https:\/\/www.tanniina.fi\/index.php\/wp-json\/wp\/v2\/media?parent=229"}],"wp:term":[{"taxonomy":"product_brand","embeddable":true,"href":"https:\/\/www.tanniina.fi\/index.php\/wp-json\/wp\/v2\/product_brand?post=229"},{"taxonomy":"product_cat","embeddable":true,"href":"https:\/\/www.tanniina.fi\/index.php\/wp-json\/wp\/v2\/product_cat?post=229"},{"taxonomy":"product_tag","embeddable":true,"href":"https:\/\/www.tanniina.fi\/index.php\/wp-json\/wp\/v2\/product_tag?post=229"}],"curies":[{"name":"wp","href":"https:\/\/api.w.org\/{rel}","templated":true}]}}