{"id":1523,"date":"2025-01-06T18:19:27","date_gmt":"2025-01-06T16:19:27","guid":{"rendered":"https:\/\/www.tanniina.fi\/?post_type=product&#038;p=1523"},"modified":"2025-06-06T19:13:47","modified_gmt":"2025-06-06T17:13:47","slug":"tanniina-juhlakaari-rusetti-185-x-235-cm-haakaari-haakukka","status":"publish","type":"product","link":"https:\/\/www.tanniina.fi\/index.php\/tuote\/tanniina-juhlakaari-rusetti-185-x-235-cm-haakaari-haakukka\/","title":{"rendered":"N\u00e4ttij\u00e4tti  &#8221; JUHLAKAARI RUSETTI &#8221; 185 x 235 cm"},"content":{"rendered":"<h4><strong>N\u00e4ttij\u00e4tti\u00a0 Juhla-\/ H\u00e4\u00e4kaaret valmistetaan k\u00e4sity\u00f6n\u00e4 Suomessa.\u00a0<\/strong><\/h4>\n<h4>Koska kaarien toimittaminen rahtitavarana on haasteellista rikkoutumisvaaran ja korkeiden kuljetuskustannusten takia joudumme rajoittamaan t\u00e4ll\u00e4 hetkell\u00e4 vuokraustoiminnan vain Uudenmaan alueelle.<\/h4>\n","protected":false},"excerpt":{"rendered":"<h1><strong><img decoding=\"async\" class=\"alignnone size-medium wp-image-1724\" src=\"https:\/\/www.tanniina.fi\/wp-content\/uploads\/2025\/06\/Nattijatti-logo-300x112.jpg\" alt=\"\" width=\"300\" height=\"112\" \/><\/strong><\/h1>\n<h1><strong>Vuokraa nyt Juhla-\/ H\u00e4\u00e4kaaret Tanniinasta.<\/strong><\/h1>\n<h3>Ainutlaatuisia k\u00e4sintehdyt J\u00e4ttikukka kaaret nyt vuokralle kruunaamaan ikimuistoiset juhlasi ! Sopimuksen mukaan juhlakaaret kasataan ja toimitetaan juhliisi sek\u00e4 noudetaan juhlien p\u00e4\u00e4tytty\u00e4 pois. Huomaa, ett\u00e4\u00a0 N\u00e4ttij\u00e4tti\u00a0 juhlakaaret soveltuvat my\u00f6s ulkojuhliin.<\/h3>\n<h3>Suunta antavan vuokraushinnaston l\u00f6yd\u00e4t hinnasto osiostamme. Juhla-\/ H\u00e4\u00e4kaaria on rajoitetusti saatavilla, joten toimithan pikaisesti varmistaaksesi, ett\u00e4 juuri sinun juhlasi kruunaa t\u00e4m\u00e4 upea ainutlaatuinen kukkakaari ! Hinnat alk. 290,- \/ 1-3 vrk<\/h3>\n<h3>Juhlakaari\u00a0 Rusetti\u00a0 koko : lev n. 180 cm ja korkeus n. 235 cm<\/h3>\n<h4>Tarjoukset\u00a0 ja varaukset : info @ tanniina.fi<\/h4>\n","protected":false},"featured_media":1642,"comment_status":"open","ping_status":"closed","template":"","meta":[],"product_brand":[49],"product_cat":[17,48],"product_tag":[],"class_list":{"0":"post-1523","1":"product","2":"type-product","3":"status-publish","4":"has-post-thumbnail","6":"product_brand-nattijatti","7":"product_cat-jattikukat","8":"product_cat-haat-ja-juhlat","10":"entry","11":"has-media","13":"first","14":"instock","15":"virtual","16":"taxable","17":"product-type-simple","18":"has-product-nav","19":"col","20":"span_1_of_4","21":"owp-content-center","22":"owp-thumbs-layout-horizontal","23":"owp-btn-normal","24":"owp-tabs-layout-horizontal"},"yoast_head":"<!-- This site is optimized with the Yoast SEO plugin v27.3 - https:\/\/yoast.com\/product\/yoast-seo-wordpress\/ -->\n<title>N\u00e4ttij\u00e4tti &quot; JUHLAKAARI RUSETTI &quot; 185 x 235 cm - Ompelimo Tanniina<\/title>\n<meta name=\"description\" content=\"Ainutlaatuisia k\u00e4sintehdyt J\u00e4ttikukka kaaret kruunaamaan ikimuistoiset juhlasi. Tanniina h\u00e4\u00e4kaaret ja juhlakaaret sek\u00e4 j\u00e4ttikukat.\" \/>\n<meta name=\"robots\" content=\"index, follow, max-snippet:-1, max-image-preview:large, max-video-preview:-1\" \/>\n<link rel=\"canonical\" href=\"https:\/\/www.tanniina.fi\/index.php\/tuote\/tanniina-juhlakaari-rusetti-185-x-235-cm-haakaari-haakukka\/\" \/>\n<meta property=\"og:locale\" content=\"fi_FI\" \/>\n<meta property=\"og:type\" content=\"article\" \/>\n<meta property=\"og:title\" content=\"N\u00e4ttij\u00e4tti &quot; JUHLAKAARI RUSETTI &quot; 185 x 235 cm - Ompelimo Tanniina\" \/>\n<meta property=\"og:description\" content=\"Ainutlaatuisia k\u00e4sintehdyt J\u00e4ttikukka kaaret kruunaamaan ikimuistoiset juhlasi. Tanniina h\u00e4\u00e4kaaret ja juhlakaaret sek\u00e4 j\u00e4ttikukat.\" \/>\n<meta property=\"og:url\" content=\"https:\/\/www.tanniina.fi\/index.php\/tuote\/tanniina-juhlakaari-rusetti-185-x-235-cm-haakaari-haakukka\/\" \/>\n<meta property=\"og:site_name\" content=\"Ompelimo Tanniina\" \/>\n<meta property=\"article:modified_time\" content=\"2025-06-06T17:13:47+00:00\" \/>\n<meta property=\"og:image\" content=\"https:\/\/www.tanniina.fi\/wp-content\/uploads\/2025\/04\/NattiJatti-Rusettikaari-2-.jpg\" \/>\n\t<meta property=\"og:image:width\" content=\"1500\" \/>\n\t<meta property=\"og:image:height\" content=\"2000\" \/>\n\t<meta property=\"og:image:type\" content=\"image\/jpeg\" \/>\n<meta name=\"twitter:card\" content=\"summary_large_image\" \/>\n<meta name=\"twitter:label1\" content=\"Arvioitu lukuaika\" \/>\n\t<meta name=\"twitter:data1\" content=\"1 minuutti\" \/>\n<script type=\"application\/ld+json\" class=\"yoast-schema-graph\">{\"@context\":\"https:\\\/\\\/schema.org\",\"@graph\":[{\"@type\":\"WebPage\",\"@id\":\"https:\\\/\\\/www.tanniina.fi\\\/index.php\\\/tuote\\\/tanniina-juhlakaari-rusetti-185-x-235-cm-haakaari-haakukka\\\/\",\"url\":\"https:\\\/\\\/www.tanniina.fi\\\/index.php\\\/tuote\\\/tanniina-juhlakaari-rusetti-185-x-235-cm-haakaari-haakukka\\\/\",\"name\":\"N\u00e4ttij\u00e4tti \\\" JUHLAKAARI RUSETTI \\\" 185 x 235 cm - Ompelimo Tanniina\",\"isPartOf\":{\"@id\":\"https:\\\/\\\/www.tanniina.fi\\\/#website\"},\"primaryImageOfPage\":{\"@id\":\"https:\\\/\\\/www.tanniina.fi\\\/index.php\\\/tuote\\\/tanniina-juhlakaari-rusetti-185-x-235-cm-haakaari-haakukka\\\/#primaryimage\"},\"image\":{\"@id\":\"https:\\\/\\\/www.tanniina.fi\\\/index.php\\\/tuote\\\/tanniina-juhlakaari-rusetti-185-x-235-cm-haakaari-haakukka\\\/#primaryimage\"},\"thumbnailUrl\":\"https:\\\/\\\/www.tanniina.fi\\\/wp-content\\\/uploads\\\/2025\\\/04\\\/NattiJatti-Rusettikaari-2-.jpg\",\"datePublished\":\"2025-01-06T16:19:27+00:00\",\"dateModified\":\"2025-06-06T17:13:47+00:00\",\"description\":\"Ainutlaatuisia k\u00e4sintehdyt J\u00e4ttikukka kaaret kruunaamaan ikimuistoiset juhlasi. Tanniina h\u00e4\u00e4kaaret ja juhlakaaret sek\u00e4 j\u00e4ttikukat.\",\"breadcrumb\":{\"@id\":\"https:\\\/\\\/www.tanniina.fi\\\/index.php\\\/tuote\\\/tanniina-juhlakaari-rusetti-185-x-235-cm-haakaari-haakukka\\\/#breadcrumb\"},\"inLanguage\":\"fi\",\"potentialAction\":[{\"@type\":\"ReadAction\",\"target\":[\"https:\\\/\\\/www.tanniina.fi\\\/index.php\\\/tuote\\\/tanniina-juhlakaari-rusetti-185-x-235-cm-haakaari-haakukka\\\/\"]}]},{\"@type\":\"ImageObject\",\"inLanguage\":\"fi\",\"@id\":\"https:\\\/\\\/www.tanniina.fi\\\/index.php\\\/tuote\\\/tanniina-juhlakaari-rusetti-185-x-235-cm-haakaari-haakukka\\\/#primaryimage\",\"url\":\"https:\\\/\\\/www.tanniina.fi\\\/wp-content\\\/uploads\\\/2025\\\/04\\\/NattiJatti-Rusettikaari-2-.jpg\",\"contentUrl\":\"https:\\\/\\\/www.tanniina.fi\\\/wp-content\\\/uploads\\\/2025\\\/04\\\/NattiJatti-Rusettikaari-2-.jpg\",\"width\":1500,\"height\":2000},{\"@type\":\"BreadcrumbList\",\"@id\":\"https:\\\/\\\/www.tanniina.fi\\\/index.php\\\/tuote\\\/tanniina-juhlakaari-rusetti-185-x-235-cm-haakaari-haakukka\\\/#breadcrumb\",\"itemListElement\":[{\"@type\":\"ListItem\",\"position\":1,\"name\":\"Etusivu\",\"item\":\"https:\\\/\\\/www.tanniina.fi\\\/\"},{\"@type\":\"ListItem\",\"position\":2,\"name\":\"Kauppa\",\"item\":\"https:\\\/\\\/www.tanniina.fi\\\/index.php\\\/kauppa\\\/\"},{\"@type\":\"ListItem\",\"position\":3,\"name\":\"N\u00e4ttij\u00e4tti &#8221; JUHLAKAARI RUSETTI &#8221; 185 x 235 cm\"}]},{\"@type\":\"WebSite\",\"@id\":\"https:\\\/\\\/www.tanniina.fi\\\/#website\",\"url\":\"https:\\\/\\\/www.tanniina.fi\\\/\",\"name\":\"Ompelimo Tanniina\",\"description\":\"\",\"publisher\":{\"@id\":\"https:\\\/\\\/www.tanniina.fi\\\/#organization\"},\"potentialAction\":[{\"@type\":\"SearchAction\",\"target\":{\"@type\":\"EntryPoint\",\"urlTemplate\":\"https:\\\/\\\/www.tanniina.fi\\\/?s={search_term_string}\"},\"query-input\":{\"@type\":\"PropertyValueSpecification\",\"valueRequired\":true,\"valueName\":\"search_term_string\"}}],\"inLanguage\":\"fi\"},{\"@type\":\"Organization\",\"@id\":\"https:\\\/\\\/www.tanniina.fi\\\/#organization\",\"name\":\"Ompelimo Tanniina\",\"url\":\"https:\\\/\\\/www.tanniina.fi\\\/\",\"logo\":{\"@type\":\"ImageObject\",\"inLanguage\":\"fi\",\"@id\":\"https:\\\/\\\/www.tanniina.fi\\\/#\\\/schema\\\/logo\\\/image\\\/\",\"url\":\"https:\\\/\\\/www.tanniina.fi\\\/wp-content\\\/uploads\\\/2023\\\/10\\\/cropped-logo1.png\",\"contentUrl\":\"https:\\\/\\\/www.tanniina.fi\\\/wp-content\\\/uploads\\\/2023\\\/10\\\/cropped-logo1.png\",\"width\":1200,\"height\":200,\"caption\":\"Ompelimo Tanniina\"},\"image\":{\"@id\":\"https:\\\/\\\/www.tanniina.fi\\\/#\\\/schema\\\/logo\\\/image\\\/\"}}]}<\/script>\n<!-- \/ Yoast SEO plugin. -->","yoast_head_json":{"title":"N\u00e4ttij\u00e4tti \" JUHLAKAARI RUSETTI \" 185 x 235 cm - Ompelimo Tanniina","description":"Ainutlaatuisia k\u00e4sintehdyt J\u00e4ttikukka kaaret kruunaamaan ikimuistoiset juhlasi. Tanniina h\u00e4\u00e4kaaret ja juhlakaaret sek\u00e4 j\u00e4ttikukat.","robots":{"index":"index","follow":"follow","max-snippet":"max-snippet:-1","max-image-preview":"max-image-preview:large","max-video-preview":"max-video-preview:-1"},"canonical":"https:\/\/www.tanniina.fi\/index.php\/tuote\/tanniina-juhlakaari-rusetti-185-x-235-cm-haakaari-haakukka\/","og_locale":"fi_FI","og_type":"article","og_title":"N\u00e4ttij\u00e4tti \" JUHLAKAARI RUSETTI \" 185 x 235 cm - Ompelimo Tanniina","og_description":"Ainutlaatuisia k\u00e4sintehdyt J\u00e4ttikukka kaaret kruunaamaan ikimuistoiset juhlasi. Tanniina h\u00e4\u00e4kaaret ja juhlakaaret sek\u00e4 j\u00e4ttikukat.","og_url":"https:\/\/www.tanniina.fi\/index.php\/tuote\/tanniina-juhlakaari-rusetti-185-x-235-cm-haakaari-haakukka\/","og_site_name":"Ompelimo Tanniina","article_modified_time":"2025-06-06T17:13:47+00:00","og_image":[{"width":1500,"height":2000,"url":"https:\/\/www.tanniina.fi\/wp-content\/uploads\/2025\/04\/NattiJatti-Rusettikaari-2-.jpg","type":"image\/jpeg"}],"twitter_card":"summary_large_image","twitter_misc":{"Arvioitu lukuaika":"1 minuutti"},"schema":{"@context":"https:\/\/schema.org","@graph":[{"@type":"WebPage","@id":"https:\/\/www.tanniina.fi\/index.php\/tuote\/tanniina-juhlakaari-rusetti-185-x-235-cm-haakaari-haakukka\/","url":"https:\/\/www.tanniina.fi\/index.php\/tuote\/tanniina-juhlakaari-rusetti-185-x-235-cm-haakaari-haakukka\/","name":"N\u00e4ttij\u00e4tti \" JUHLAKAARI RUSETTI \" 185 x 235 cm - Ompelimo Tanniina","isPartOf":{"@id":"https:\/\/www.tanniina.fi\/#website"},"primaryImageOfPage":{"@id":"https:\/\/www.tanniina.fi\/index.php\/tuote\/tanniina-juhlakaari-rusetti-185-x-235-cm-haakaari-haakukka\/#primaryimage"},"image":{"@id":"https:\/\/www.tanniina.fi\/index.php\/tuote\/tanniina-juhlakaari-rusetti-185-x-235-cm-haakaari-haakukka\/#primaryimage"},"thumbnailUrl":"https:\/\/www.tanniina.fi\/wp-content\/uploads\/2025\/04\/NattiJatti-Rusettikaari-2-.jpg","datePublished":"2025-01-06T16:19:27+00:00","dateModified":"2025-06-06T17:13:47+00:00","description":"Ainutlaatuisia k\u00e4sintehdyt J\u00e4ttikukka kaaret kruunaamaan ikimuistoiset juhlasi. Tanniina h\u00e4\u00e4kaaret ja juhlakaaret sek\u00e4 j\u00e4ttikukat.","breadcrumb":{"@id":"https:\/\/www.tanniina.fi\/index.php\/tuote\/tanniina-juhlakaari-rusetti-185-x-235-cm-haakaari-haakukka\/#breadcrumb"},"inLanguage":"fi","potentialAction":[{"@type":"ReadAction","target":["https:\/\/www.tanniina.fi\/index.php\/tuote\/tanniina-juhlakaari-rusetti-185-x-235-cm-haakaari-haakukka\/"]}]},{"@type":"ImageObject","inLanguage":"fi","@id":"https:\/\/www.tanniina.fi\/index.php\/tuote\/tanniina-juhlakaari-rusetti-185-x-235-cm-haakaari-haakukka\/#primaryimage","url":"https:\/\/www.tanniina.fi\/wp-content\/uploads\/2025\/04\/NattiJatti-Rusettikaari-2-.jpg","contentUrl":"https:\/\/www.tanniina.fi\/wp-content\/uploads\/2025\/04\/NattiJatti-Rusettikaari-2-.jpg","width":1500,"height":2000},{"@type":"BreadcrumbList","@id":"https:\/\/www.tanniina.fi\/index.php\/tuote\/tanniina-juhlakaari-rusetti-185-x-235-cm-haakaari-haakukka\/#breadcrumb","itemListElement":[{"@type":"ListItem","position":1,"name":"Etusivu","item":"https:\/\/www.tanniina.fi\/"},{"@type":"ListItem","position":2,"name":"Kauppa","item":"https:\/\/www.tanniina.fi\/index.php\/kauppa\/"},{"@type":"ListItem","position":3,"name":"N\u00e4ttij\u00e4tti &#8221; JUHLAKAARI RUSETTI &#8221; 185 x 235 cm"}]},{"@type":"WebSite","@id":"https:\/\/www.tanniina.fi\/#website","url":"https:\/\/www.tanniina.fi\/","name":"Ompelimo Tanniina","description":"","publisher":{"@id":"https:\/\/www.tanniina.fi\/#organization"},"potentialAction":[{"@type":"SearchAction","target":{"@type":"EntryPoint","urlTemplate":"https:\/\/www.tanniina.fi\/?s={search_term_string}"},"query-input":{"@type":"PropertyValueSpecification","valueRequired":true,"valueName":"search_term_string"}}],"inLanguage":"fi"},{"@type":"Organization","@id":"https:\/\/www.tanniina.fi\/#organization","name":"Ompelimo Tanniina","url":"https:\/\/www.tanniina.fi\/","logo":{"@type":"ImageObject","inLanguage":"fi","@id":"https:\/\/www.tanniina.fi\/#\/schema\/logo\/image\/","url":"https:\/\/www.tanniina.fi\/wp-content\/uploads\/2023\/10\/cropped-logo1.png","contentUrl":"https:\/\/www.tanniina.fi\/wp-content\/uploads\/2023\/10\/cropped-logo1.png","width":1200,"height":200,"caption":"Ompelimo Tanniina"},"image":{"@id":"https:\/\/www.tanniina.fi\/#\/schema\/logo\/image\/"}}]}},"_links":{"self":[{"href":"https:\/\/www.tanniina.fi\/index.php\/wp-json\/wp\/v2\/product\/1523","targetHints":{"allow":["GET"]}}],"collection":[{"href":"https:\/\/www.tanniina.fi\/index.php\/wp-json\/wp\/v2\/product"}],"about":[{"href":"https:\/\/www.tanniina.fi\/index.php\/wp-json\/wp\/v2\/types\/product"}],"replies":[{"embeddable":true,"href":"https:\/\/www.tanniina.fi\/index.php\/wp-json\/wp\/v2\/comments?post=1523"}],"wp:featuredmedia":[{"embeddable":true,"href":"https:\/\/www.tanniina.fi\/index.php\/wp-json\/wp\/v2\/media\/1642"}],"wp:attachment":[{"href":"https:\/\/www.tanniina.fi\/index.php\/wp-json\/wp\/v2\/media?parent=1523"}],"wp:term":[{"taxonomy":"product_brand","embeddable":true,"href":"https:\/\/www.tanniina.fi\/index.php\/wp-json\/wp\/v2\/product_brand?post=1523"},{"taxonomy":"product_cat","embeddable":true,"href":"https:\/\/www.tanniina.fi\/index.php\/wp-json\/wp\/v2\/product_cat?post=1523"},{"taxonomy":"product_tag","embeddable":true,"href":"https:\/\/www.tanniina.fi\/index.php\/wp-json\/wp\/v2\/product_tag?post=1523"}],"curies":[{"name":"wp","href":"https:\/\/api.w.org\/{rel}","templated":true}]}}