{"id":1282,"date":"2024-06-06T15:07:35","date_gmt":"2024-06-06T13:07:35","guid":{"rendered":"https:\/\/www.tanniina.fi\/?post_type=product&#038;p=1282"},"modified":"2024-06-06T15:09:49","modified_gmt":"2024-06-06T13:09:49","slug":"juhlamekko-pitka-pitsilla-copy","status":"publish","type":"product","link":"https:\/\/www.tanniina.fi\/index.php\/tuote\/juhlamekko-pitka-pitsilla-copy\/","title":{"rendered":"Juhlamekko Rosa"},"content":{"rendered":"<p>Kaikki &#8221; Romantic dress &#8221; malliston puvut ommellaan mittatilausty\u00f6n\u00e4 ja ovat aina juuri sinulle sopivia.<\/p>\n","protected":false},"excerpt":{"rendered":"<p><b>&#8221;ROMANTIC DRESS&#8221; mallisto<\/b><\/p>\n<p>Tanniina design k\u00e4sintehty upea\u00a0 juhlamekko on valmistettu ompelimossa Espoossa. T\u00e4m\u00e4 Juhlamekko on osa Romantic Dress mallistoa , joka nyt n\u00e4ht\u00e4viss\u00e4 ompelimossa sek\u00e4 verkkokaupassamme.<\/p>\n<p>Materiaali: Puuvilla<\/p>\n<p>Hameen pituus : asiakkaan mukaan<\/p>\n<p>Koko : asiakas<\/p>\n<p>&nbsp;<\/p>\n","protected":false},"featured_media":1239,"comment_status":"open","ping_status":"closed","template":"","meta":[],"product_brand":[],"product_cat":[23,18],"product_tag":[],"class_list":{"0":"post-1282","1":"product","2":"type-product","3":"status-publish","4":"has-post-thumbnail","6":"product_cat-juhlamekot","7":"product_cat-vaatteet","9":"entry","10":"has-media","12":"first","13":"instock","14":"virtual","15":"sold-individually","16":"taxable","17":"purchasable","18":"product-type-simple","19":"has-product-nav","20":"col","21":"span_1_of_4","22":"owp-content-center","23":"owp-thumbs-layout-horizontal","24":"owp-btn-normal","25":"owp-tabs-layout-horizontal"},"yoast_head":"<!-- This site is optimized with the Yoast SEO plugin v27.3 - https:\/\/yoast.com\/product\/yoast-seo-wordpress\/ -->\n<title>Juhlamekko Rosa - Ompelimo Tanniina<\/title>\n<meta name=\"description\" content=\"Romantic Dress juhlamekko sopii moneen k\u00e4ytt\u00f6\u00f6n niin arvokkaisiin tilaisuuksiin, kuin arkeen ja ty\u00f6paikalle. Romantic Dress malliston mekot on valmistettu korkealaatuisista materiaaleista Suomessa. Mekon valinnassa t\u00e4rkeint\u00e4 on kuitenkin l\u00e4hte\u00e4 omasta mausta, sill\u00e4 kaikkein kauneimmillaan nainen on silloin kun h\u00e4n tuntee itsens\u00e4 upeaksi.\" \/>\n<meta name=\"robots\" content=\"index, follow, max-snippet:-1, max-image-preview:large, max-video-preview:-1\" \/>\n<link rel=\"canonical\" href=\"https:\/\/www.tanniina.fi\/index.php\/tuote\/juhlamekko-pitka-pitsilla-copy\/\" \/>\n<meta property=\"og:locale\" content=\"fi_FI\" \/>\n<meta property=\"og:type\" content=\"article\" \/>\n<meta property=\"og:title\" content=\"Juhlamekko Rosa - Ompelimo Tanniina\" \/>\n<meta property=\"og:description\" content=\"Romantic Dress juhlamekko sopii moneen k\u00e4ytt\u00f6\u00f6n niin arvokkaisiin tilaisuuksiin, kuin arkeen ja ty\u00f6paikalle. Romantic Dress malliston mekot on valmistettu korkealaatuisista materiaaleista Suomessa. Mekon valinnassa t\u00e4rkeint\u00e4 on kuitenkin l\u00e4hte\u00e4 omasta mausta, sill\u00e4 kaikkein kauneimmillaan nainen on silloin kun h\u00e4n tuntee itsens\u00e4 upeaksi.\" \/>\n<meta property=\"og:url\" content=\"https:\/\/www.tanniina.fi\/index.php\/tuote\/juhlamekko-pitka-pitsilla-copy\/\" \/>\n<meta property=\"og:site_name\" content=\"Ompelimo Tanniina\" \/>\n<meta property=\"article:modified_time\" content=\"2024-06-06T13:09:49+00:00\" \/>\n<meta property=\"og:image\" content=\"https:\/\/www.tanniina.fi\/wp-content\/uploads\/2024\/04\/IMG_20231227_134750-scaled.jpg\" \/>\n\t<meta property=\"og:image:width\" content=\"1920\" \/>\n\t<meta property=\"og:image:height\" content=\"2560\" \/>\n\t<meta property=\"og:image:type\" content=\"image\/jpeg\" \/>\n<meta name=\"twitter:card\" content=\"summary_large_image\" \/>\n<meta name=\"twitter:label1\" content=\"Arvioitu lukuaika\" \/>\n\t<meta name=\"twitter:data1\" content=\"1 minuutti\" \/>\n<script type=\"application\/ld+json\" class=\"yoast-schema-graph\">{\"@context\":\"https:\\\/\\\/schema.org\",\"@graph\":[{\"@type\":\"WebPage\",\"@id\":\"https:\\\/\\\/www.tanniina.fi\\\/index.php\\\/tuote\\\/juhlamekko-pitka-pitsilla-copy\\\/\",\"url\":\"https:\\\/\\\/www.tanniina.fi\\\/index.php\\\/tuote\\\/juhlamekko-pitka-pitsilla-copy\\\/\",\"name\":\"Juhlamekko Rosa - Ompelimo Tanniina\",\"isPartOf\":{\"@id\":\"https:\\\/\\\/www.tanniina.fi\\\/#website\"},\"primaryImageOfPage\":{\"@id\":\"https:\\\/\\\/www.tanniina.fi\\\/index.php\\\/tuote\\\/juhlamekko-pitka-pitsilla-copy\\\/#primaryimage\"},\"image\":{\"@id\":\"https:\\\/\\\/www.tanniina.fi\\\/index.php\\\/tuote\\\/juhlamekko-pitka-pitsilla-copy\\\/#primaryimage\"},\"thumbnailUrl\":\"https:\\\/\\\/www.tanniina.fi\\\/wp-content\\\/uploads\\\/2024\\\/04\\\/IMG_20231227_134750-scaled.jpg\",\"datePublished\":\"2024-06-06T13:07:35+00:00\",\"dateModified\":\"2024-06-06T13:09:49+00:00\",\"description\":\"Romantic Dress juhlamekko sopii moneen k\u00e4ytt\u00f6\u00f6n niin arvokkaisiin tilaisuuksiin, kuin arkeen ja ty\u00f6paikalle. Romantic Dress malliston mekot on valmistettu korkealaatuisista materiaaleista Suomessa. Mekon valinnassa t\u00e4rkeint\u00e4 on kuitenkin l\u00e4hte\u00e4 omasta mausta, sill\u00e4 kaikkein kauneimmillaan nainen on silloin kun h\u00e4n tuntee itsens\u00e4 upeaksi.\",\"breadcrumb\":{\"@id\":\"https:\\\/\\\/www.tanniina.fi\\\/index.php\\\/tuote\\\/juhlamekko-pitka-pitsilla-copy\\\/#breadcrumb\"},\"inLanguage\":\"fi\",\"potentialAction\":[{\"@type\":\"ReadAction\",\"target\":[\"https:\\\/\\\/www.tanniina.fi\\\/index.php\\\/tuote\\\/juhlamekko-pitka-pitsilla-copy\\\/\"]}]},{\"@type\":\"ImageObject\",\"inLanguage\":\"fi\",\"@id\":\"https:\\\/\\\/www.tanniina.fi\\\/index.php\\\/tuote\\\/juhlamekko-pitka-pitsilla-copy\\\/#primaryimage\",\"url\":\"https:\\\/\\\/www.tanniina.fi\\\/wp-content\\\/uploads\\\/2024\\\/04\\\/IMG_20231227_134750-scaled.jpg\",\"contentUrl\":\"https:\\\/\\\/www.tanniina.fi\\\/wp-content\\\/uploads\\\/2024\\\/04\\\/IMG_20231227_134750-scaled.jpg\",\"width\":1920,\"height\":2560},{\"@type\":\"BreadcrumbList\",\"@id\":\"https:\\\/\\\/www.tanniina.fi\\\/index.php\\\/tuote\\\/juhlamekko-pitka-pitsilla-copy\\\/#breadcrumb\",\"itemListElement\":[{\"@type\":\"ListItem\",\"position\":1,\"name\":\"Etusivu\",\"item\":\"https:\\\/\\\/www.tanniina.fi\\\/\"},{\"@type\":\"ListItem\",\"position\":2,\"name\":\"Kauppa\",\"item\":\"https:\\\/\\\/www.tanniina.fi\\\/index.php\\\/kauppa\\\/\"},{\"@type\":\"ListItem\",\"position\":3,\"name\":\"Juhlamekko Rosa\"}]},{\"@type\":\"WebSite\",\"@id\":\"https:\\\/\\\/www.tanniina.fi\\\/#website\",\"url\":\"https:\\\/\\\/www.tanniina.fi\\\/\",\"name\":\"Ompelimo Tanniina\",\"description\":\"\",\"publisher\":{\"@id\":\"https:\\\/\\\/www.tanniina.fi\\\/#organization\"},\"potentialAction\":[{\"@type\":\"SearchAction\",\"target\":{\"@type\":\"EntryPoint\",\"urlTemplate\":\"https:\\\/\\\/www.tanniina.fi\\\/?s={search_term_string}\"},\"query-input\":{\"@type\":\"PropertyValueSpecification\",\"valueRequired\":true,\"valueName\":\"search_term_string\"}}],\"inLanguage\":\"fi\"},{\"@type\":\"Organization\",\"@id\":\"https:\\\/\\\/www.tanniina.fi\\\/#organization\",\"name\":\"Ompelimo Tanniina\",\"url\":\"https:\\\/\\\/www.tanniina.fi\\\/\",\"logo\":{\"@type\":\"ImageObject\",\"inLanguage\":\"fi\",\"@id\":\"https:\\\/\\\/www.tanniina.fi\\\/#\\\/schema\\\/logo\\\/image\\\/\",\"url\":\"https:\\\/\\\/www.tanniina.fi\\\/wp-content\\\/uploads\\\/2023\\\/10\\\/cropped-logo1.png\",\"contentUrl\":\"https:\\\/\\\/www.tanniina.fi\\\/wp-content\\\/uploads\\\/2023\\\/10\\\/cropped-logo1.png\",\"width\":1200,\"height\":200,\"caption\":\"Ompelimo Tanniina\"},\"image\":{\"@id\":\"https:\\\/\\\/www.tanniina.fi\\\/#\\\/schema\\\/logo\\\/image\\\/\"}}]}<\/script>\n<!-- \/ Yoast SEO plugin. -->","yoast_head_json":{"title":"Juhlamekko Rosa - Ompelimo Tanniina","description":"Romantic Dress juhlamekko sopii moneen k\u00e4ytt\u00f6\u00f6n niin arvokkaisiin tilaisuuksiin, kuin arkeen ja ty\u00f6paikalle. Romantic Dress malliston mekot on valmistettu korkealaatuisista materiaaleista Suomessa. Mekon valinnassa t\u00e4rkeint\u00e4 on kuitenkin l\u00e4hte\u00e4 omasta mausta, sill\u00e4 kaikkein kauneimmillaan nainen on silloin kun h\u00e4n tuntee itsens\u00e4 upeaksi.","robots":{"index":"index","follow":"follow","max-snippet":"max-snippet:-1","max-image-preview":"max-image-preview:large","max-video-preview":"max-video-preview:-1"},"canonical":"https:\/\/www.tanniina.fi\/index.php\/tuote\/juhlamekko-pitka-pitsilla-copy\/","og_locale":"fi_FI","og_type":"article","og_title":"Juhlamekko Rosa - Ompelimo Tanniina","og_description":"Romantic Dress juhlamekko sopii moneen k\u00e4ytt\u00f6\u00f6n niin arvokkaisiin tilaisuuksiin, kuin arkeen ja ty\u00f6paikalle. Romantic Dress malliston mekot on valmistettu korkealaatuisista materiaaleista Suomessa. Mekon valinnassa t\u00e4rkeint\u00e4 on kuitenkin l\u00e4hte\u00e4 omasta mausta, sill\u00e4 kaikkein kauneimmillaan nainen on silloin kun h\u00e4n tuntee itsens\u00e4 upeaksi.","og_url":"https:\/\/www.tanniina.fi\/index.php\/tuote\/juhlamekko-pitka-pitsilla-copy\/","og_site_name":"Ompelimo Tanniina","article_modified_time":"2024-06-06T13:09:49+00:00","og_image":[{"width":1920,"height":2560,"url":"https:\/\/www.tanniina.fi\/wp-content\/uploads\/2024\/04\/IMG_20231227_134750-scaled.jpg","type":"image\/jpeg"}],"twitter_card":"summary_large_image","twitter_misc":{"Arvioitu lukuaika":"1 minuutti"},"schema":{"@context":"https:\/\/schema.org","@graph":[{"@type":"WebPage","@id":"https:\/\/www.tanniina.fi\/index.php\/tuote\/juhlamekko-pitka-pitsilla-copy\/","url":"https:\/\/www.tanniina.fi\/index.php\/tuote\/juhlamekko-pitka-pitsilla-copy\/","name":"Juhlamekko Rosa - Ompelimo Tanniina","isPartOf":{"@id":"https:\/\/www.tanniina.fi\/#website"},"primaryImageOfPage":{"@id":"https:\/\/www.tanniina.fi\/index.php\/tuote\/juhlamekko-pitka-pitsilla-copy\/#primaryimage"},"image":{"@id":"https:\/\/www.tanniina.fi\/index.php\/tuote\/juhlamekko-pitka-pitsilla-copy\/#primaryimage"},"thumbnailUrl":"https:\/\/www.tanniina.fi\/wp-content\/uploads\/2024\/04\/IMG_20231227_134750-scaled.jpg","datePublished":"2024-06-06T13:07:35+00:00","dateModified":"2024-06-06T13:09:49+00:00","description":"Romantic Dress juhlamekko sopii moneen k\u00e4ytt\u00f6\u00f6n niin arvokkaisiin tilaisuuksiin, kuin arkeen ja ty\u00f6paikalle. Romantic Dress malliston mekot on valmistettu korkealaatuisista materiaaleista Suomessa. Mekon valinnassa t\u00e4rkeint\u00e4 on kuitenkin l\u00e4hte\u00e4 omasta mausta, sill\u00e4 kaikkein kauneimmillaan nainen on silloin kun h\u00e4n tuntee itsens\u00e4 upeaksi.","breadcrumb":{"@id":"https:\/\/www.tanniina.fi\/index.php\/tuote\/juhlamekko-pitka-pitsilla-copy\/#breadcrumb"},"inLanguage":"fi","potentialAction":[{"@type":"ReadAction","target":["https:\/\/www.tanniina.fi\/index.php\/tuote\/juhlamekko-pitka-pitsilla-copy\/"]}]},{"@type":"ImageObject","inLanguage":"fi","@id":"https:\/\/www.tanniina.fi\/index.php\/tuote\/juhlamekko-pitka-pitsilla-copy\/#primaryimage","url":"https:\/\/www.tanniina.fi\/wp-content\/uploads\/2024\/04\/IMG_20231227_134750-scaled.jpg","contentUrl":"https:\/\/www.tanniina.fi\/wp-content\/uploads\/2024\/04\/IMG_20231227_134750-scaled.jpg","width":1920,"height":2560},{"@type":"BreadcrumbList","@id":"https:\/\/www.tanniina.fi\/index.php\/tuote\/juhlamekko-pitka-pitsilla-copy\/#breadcrumb","itemListElement":[{"@type":"ListItem","position":1,"name":"Etusivu","item":"https:\/\/www.tanniina.fi\/"},{"@type":"ListItem","position":2,"name":"Kauppa","item":"https:\/\/www.tanniina.fi\/index.php\/kauppa\/"},{"@type":"ListItem","position":3,"name":"Juhlamekko Rosa"}]},{"@type":"WebSite","@id":"https:\/\/www.tanniina.fi\/#website","url":"https:\/\/www.tanniina.fi\/","name":"Ompelimo Tanniina","description":"","publisher":{"@id":"https:\/\/www.tanniina.fi\/#organization"},"potentialAction":[{"@type":"SearchAction","target":{"@type":"EntryPoint","urlTemplate":"https:\/\/www.tanniina.fi\/?s={search_term_string}"},"query-input":{"@type":"PropertyValueSpecification","valueRequired":true,"valueName":"search_term_string"}}],"inLanguage":"fi"},{"@type":"Organization","@id":"https:\/\/www.tanniina.fi\/#organization","name":"Ompelimo Tanniina","url":"https:\/\/www.tanniina.fi\/","logo":{"@type":"ImageObject","inLanguage":"fi","@id":"https:\/\/www.tanniina.fi\/#\/schema\/logo\/image\/","url":"https:\/\/www.tanniina.fi\/wp-content\/uploads\/2023\/10\/cropped-logo1.png","contentUrl":"https:\/\/www.tanniina.fi\/wp-content\/uploads\/2023\/10\/cropped-logo1.png","width":1200,"height":200,"caption":"Ompelimo Tanniina"},"image":{"@id":"https:\/\/www.tanniina.fi\/#\/schema\/logo\/image\/"}}]}},"_links":{"self":[{"href":"https:\/\/www.tanniina.fi\/index.php\/wp-json\/wp\/v2\/product\/1282","targetHints":{"allow":["GET"]}}],"collection":[{"href":"https:\/\/www.tanniina.fi\/index.php\/wp-json\/wp\/v2\/product"}],"about":[{"href":"https:\/\/www.tanniina.fi\/index.php\/wp-json\/wp\/v2\/types\/product"}],"replies":[{"embeddable":true,"href":"https:\/\/www.tanniina.fi\/index.php\/wp-json\/wp\/v2\/comments?post=1282"}],"wp:featuredmedia":[{"embeddable":true,"href":"https:\/\/www.tanniina.fi\/index.php\/wp-json\/wp\/v2\/media\/1239"}],"wp:attachment":[{"href":"https:\/\/www.tanniina.fi\/index.php\/wp-json\/wp\/v2\/media?parent=1282"}],"wp:term":[{"taxonomy":"product_brand","embeddable":true,"href":"https:\/\/www.tanniina.fi\/index.php\/wp-json\/wp\/v2\/product_brand?post=1282"},{"taxonomy":"product_cat","embeddable":true,"href":"https:\/\/www.tanniina.fi\/index.php\/wp-json\/wp\/v2\/product_cat?post=1282"},{"taxonomy":"product_tag","embeddable":true,"href":"https:\/\/www.tanniina.fi\/index.php\/wp-json\/wp\/v2\/product_tag?post=1282"}],"curies":[{"name":"wp","href":"https:\/\/api.w.org\/{rel}","templated":true}]}}