{"id":891,"date":"2022-07-01T07:07:40","date_gmt":"2022-07-01T07:07:40","guid":{"rendered":"https:\/\/www.tanniina.fi\/?page_id=891"},"modified":"2024-06-05T16:34:13","modified_gmt":"2024-06-05T14:34:13","slug":"uutisia","status":"publish","type":"page","link":"https:\/\/www.tanniina.fi\/index.php\/uutisia\/","title":{"rendered":"Uutisia"},"content":{"rendered":"\t\t<div data-elementor-type=\"wp-page\" data-elementor-id=\"891\" class=\"elementor elementor-891\">\n\t\t\t\t\t\t<section class=\"elementor-section elementor-top-section elementor-element elementor-element-ee88ffb elementor-section-boxed elementor-section-height-default elementor-section-height-default\" data-id=\"ee88ffb\" data-element_type=\"section\" data-e-type=\"section\">\n\t\t\t\t\t\t<div class=\"elementor-container elementor-column-gap-default\">\n\t\t\t\t\t<div class=\"elementor-column elementor-col-50 elementor-top-column elementor-element elementor-element-6b62d7f\" data-id=\"6b62d7f\" data-element_type=\"column\" data-e-type=\"column\">\n\t\t\t<div class=\"elementor-widget-wrap elementor-element-populated\">\n\t\t\t\t\t\t<div class=\"elementor-element elementor-element-c34c8a6 elementor-widget elementor-widget-text-editor\" data-id=\"c34c8a6\" data-element_type=\"widget\" data-e-type=\"widget\" data-widget_type=\"text-editor.default\">\n\t\t\t\t<div class=\"elementor-widget-container\">\n\t\t\t\t\t\t\t\t\t<p><strong>Nyt my\u00f6s pesulapalvelut Ompelimo Tanniinasta ! Toimimme Viiden T\u00e4hden Mattohuollon sek\u00e4 Pesulinnan palvelupisteen\u00e4 Espoon Matinkyl\u00e4ss\u00e4.<\/strong><\/p>\t\t\t\t\t\t\t\t<\/div>\n\t\t\t\t<\/div>\n\t\t\t\t\t<\/div>\n\t\t<\/div>\n\t\t\t\t<div class=\"elementor-column elementor-col-50 elementor-top-column elementor-element elementor-element-6628d3c\" data-id=\"6628d3c\" data-element_type=\"column\" data-e-type=\"column\">\n\t\t\t<div class=\"elementor-widget-wrap\">\n\t\t\t\t\t\t\t<\/div>\n\t\t<\/div>\n\t\t\t\t\t<\/div>\n\t\t<\/section>\n\t\t\t\t<section class=\"elementor-section elementor-top-section elementor-element elementor-element-b19b192 elementor-section-boxed elementor-section-height-default elementor-section-height-default\" data-id=\"b19b192\" data-element_type=\"section\" data-e-type=\"section\">\n\t\t\t\t\t\t<div class=\"elementor-container elementor-column-gap-default\">\n\t\t\t\t\t<div class=\"elementor-column elementor-col-100 elementor-top-column elementor-element elementor-element-003ba7c\" data-id=\"003ba7c\" data-element_type=\"column\" data-e-type=\"column\">\n\t\t\t<div class=\"elementor-widget-wrap\">\n\t\t\t\t\t\t\t<\/div>\n\t\t<\/div>\n\t\t\t\t\t<\/div>\n\t\t<\/section>\n\t\t\t\t<\/div>\n\t\t","protected":false},"excerpt":{"rendered":"<p>05.01.2024 Nyt saat my\u00f6s pesulapalvelut ompelimosta. Toimimme Pesulinnan ja Viiden T\u00e4hden Mattohuollon palvelupisteen\u00e4 Espoon Matinkyl\u00e4ss\u00e4.<\/p>\n","protected":false},"author":1,"featured_media":0,"parent":0,"menu_order":0,"comment_status":"closed","ping_status":"closed","template":"","meta":{"footnotes":""},"class_list":["post-891","page","type-page","status-publish","hentry","entry","owp-thumbs-layout-horizontal","owp-btn-normal","owp-tabs-layout-horizontal","has-no-thumbnails","has-product-nav"],"yoast_head":"<!-- This site is optimized with the Yoast SEO plugin v27.3 - https:\/\/yoast.com\/product\/yoast-seo-wordpress\/ -->\n<title>Uutisia - Ompelimo Tanniina<\/title>\n<meta name=\"description\" content=\"Ompelimon uutuudet, tarjoukset ja tiedotteet. Ohjeita ja vinkkej\u00e4 asiakkaillemme.\" \/>\n<meta name=\"robots\" content=\"index, follow, max-snippet:-1, max-image-preview:large, max-video-preview:-1\" \/>\n<link rel=\"canonical\" href=\"https:\/\/www.tanniina.fi\/index.php\/uutisia\/\" \/>\n<meta property=\"og:locale\" content=\"fi_FI\" \/>\n<meta property=\"og:type\" content=\"article\" \/>\n<meta property=\"og:title\" content=\"Uutisia - Ompelimo Tanniina\" \/>\n<meta property=\"og:description\" content=\"Ompelimon uutuudet, tarjoukset ja tiedotteet. Ohjeita ja vinkkej\u00e4 asiakkaillemme.\" \/>\n<meta property=\"og:url\" content=\"https:\/\/www.tanniina.fi\/index.php\/uutisia\/\" \/>\n<meta property=\"og:site_name\" content=\"Ompelimo Tanniina\" \/>\n<meta property=\"article:modified_time\" content=\"2024-06-05T14:34:13+00:00\" \/>\n<meta name=\"twitter:card\" content=\"summary_large_image\" \/>\n<meta name=\"twitter:label1\" content=\"Arvioitu lukuaika\" \/>\n\t<meta name=\"twitter:data1\" content=\"1 minuutti\" \/>\n<script type=\"application\/ld+json\" class=\"yoast-schema-graph\">{\"@context\":\"https:\\\/\\\/schema.org\",\"@graph\":[{\"@type\":\"WebPage\",\"@id\":\"https:\\\/\\\/www.tanniina.fi\\\/index.php\\\/uutisia\\\/\",\"url\":\"https:\\\/\\\/www.tanniina.fi\\\/index.php\\\/uutisia\\\/\",\"name\":\"Uutisia - Ompelimo Tanniina\",\"isPartOf\":{\"@id\":\"https:\\\/\\\/www.tanniina.fi\\\/#website\"},\"datePublished\":\"2022-07-01T07:07:40+00:00\",\"dateModified\":\"2024-06-05T14:34:13+00:00\",\"description\":\"Ompelimon uutuudet, tarjoukset ja tiedotteet. Ohjeita ja vinkkej\u00e4 asiakkaillemme.\",\"breadcrumb\":{\"@id\":\"https:\\\/\\\/www.tanniina.fi\\\/index.php\\\/uutisia\\\/#breadcrumb\"},\"inLanguage\":\"fi\",\"potentialAction\":[{\"@type\":\"ReadAction\",\"target\":[\"https:\\\/\\\/www.tanniina.fi\\\/index.php\\\/uutisia\\\/\"]}]},{\"@type\":\"BreadcrumbList\",\"@id\":\"https:\\\/\\\/www.tanniina.fi\\\/index.php\\\/uutisia\\\/#breadcrumb\",\"itemListElement\":[{\"@type\":\"ListItem\",\"position\":1,\"name\":\"Etusivu\",\"item\":\"https:\\\/\\\/www.tanniina.fi\\\/\"},{\"@type\":\"ListItem\",\"position\":2,\"name\":\"Uutisia\"}]},{\"@type\":\"WebSite\",\"@id\":\"https:\\\/\\\/www.tanniina.fi\\\/#website\",\"url\":\"https:\\\/\\\/www.tanniina.fi\\\/\",\"name\":\"Ompelimo Tanniina\",\"description\":\"\",\"publisher\":{\"@id\":\"https:\\\/\\\/www.tanniina.fi\\\/#organization\"},\"potentialAction\":[{\"@type\":\"SearchAction\",\"target\":{\"@type\":\"EntryPoint\",\"urlTemplate\":\"https:\\\/\\\/www.tanniina.fi\\\/?s={search_term_string}\"},\"query-input\":{\"@type\":\"PropertyValueSpecification\",\"valueRequired\":true,\"valueName\":\"search_term_string\"}}],\"inLanguage\":\"fi\"},{\"@type\":\"Organization\",\"@id\":\"https:\\\/\\\/www.tanniina.fi\\\/#organization\",\"name\":\"Ompelimo Tanniina\",\"url\":\"https:\\\/\\\/www.tanniina.fi\\\/\",\"logo\":{\"@type\":\"ImageObject\",\"inLanguage\":\"fi\",\"@id\":\"https:\\\/\\\/www.tanniina.fi\\\/#\\\/schema\\\/logo\\\/image\\\/\",\"url\":\"https:\\\/\\\/www.tanniina.fi\\\/wp-content\\\/uploads\\\/2023\\\/10\\\/cropped-logo1.png\",\"contentUrl\":\"https:\\\/\\\/www.tanniina.fi\\\/wp-content\\\/uploads\\\/2023\\\/10\\\/cropped-logo1.png\",\"width\":1200,\"height\":200,\"caption\":\"Ompelimo Tanniina\"},\"image\":{\"@id\":\"https:\\\/\\\/www.tanniina.fi\\\/#\\\/schema\\\/logo\\\/image\\\/\"}}]}<\/script>\n<!-- \/ Yoast SEO plugin. -->","yoast_head_json":{"title":"Uutisia - Ompelimo Tanniina","description":"Ompelimon uutuudet, tarjoukset ja tiedotteet. Ohjeita ja vinkkej\u00e4 asiakkaillemme.","robots":{"index":"index","follow":"follow","max-snippet":"max-snippet:-1","max-image-preview":"max-image-preview:large","max-video-preview":"max-video-preview:-1"},"canonical":"https:\/\/www.tanniina.fi\/index.php\/uutisia\/","og_locale":"fi_FI","og_type":"article","og_title":"Uutisia - Ompelimo Tanniina","og_description":"Ompelimon uutuudet, tarjoukset ja tiedotteet. Ohjeita ja vinkkej\u00e4 asiakkaillemme.","og_url":"https:\/\/www.tanniina.fi\/index.php\/uutisia\/","og_site_name":"Ompelimo Tanniina","article_modified_time":"2024-06-05T14:34:13+00:00","twitter_card":"summary_large_image","twitter_misc":{"Arvioitu lukuaika":"1 minuutti"},"schema":{"@context":"https:\/\/schema.org","@graph":[{"@type":"WebPage","@id":"https:\/\/www.tanniina.fi\/index.php\/uutisia\/","url":"https:\/\/www.tanniina.fi\/index.php\/uutisia\/","name":"Uutisia - Ompelimo Tanniina","isPartOf":{"@id":"https:\/\/www.tanniina.fi\/#website"},"datePublished":"2022-07-01T07:07:40+00:00","dateModified":"2024-06-05T14:34:13+00:00","description":"Ompelimon uutuudet, tarjoukset ja tiedotteet. Ohjeita ja vinkkej\u00e4 asiakkaillemme.","breadcrumb":{"@id":"https:\/\/www.tanniina.fi\/index.php\/uutisia\/#breadcrumb"},"inLanguage":"fi","potentialAction":[{"@type":"ReadAction","target":["https:\/\/www.tanniina.fi\/index.php\/uutisia\/"]}]},{"@type":"BreadcrumbList","@id":"https:\/\/www.tanniina.fi\/index.php\/uutisia\/#breadcrumb","itemListElement":[{"@type":"ListItem","position":1,"name":"Etusivu","item":"https:\/\/www.tanniina.fi\/"},{"@type":"ListItem","position":2,"name":"Uutisia"}]},{"@type":"WebSite","@id":"https:\/\/www.tanniina.fi\/#website","url":"https:\/\/www.tanniina.fi\/","name":"Ompelimo Tanniina","description":"","publisher":{"@id":"https:\/\/www.tanniina.fi\/#organization"},"potentialAction":[{"@type":"SearchAction","target":{"@type":"EntryPoint","urlTemplate":"https:\/\/www.tanniina.fi\/?s={search_term_string}"},"query-input":{"@type":"PropertyValueSpecification","valueRequired":true,"valueName":"search_term_string"}}],"inLanguage":"fi"},{"@type":"Organization","@id":"https:\/\/www.tanniina.fi\/#organization","name":"Ompelimo Tanniina","url":"https:\/\/www.tanniina.fi\/","logo":{"@type":"ImageObject","inLanguage":"fi","@id":"https:\/\/www.tanniina.fi\/#\/schema\/logo\/image\/","url":"https:\/\/www.tanniina.fi\/wp-content\/uploads\/2023\/10\/cropped-logo1.png","contentUrl":"https:\/\/www.tanniina.fi\/wp-content\/uploads\/2023\/10\/cropped-logo1.png","width":1200,"height":200,"caption":"Ompelimo Tanniina"},"image":{"@id":"https:\/\/www.tanniina.fi\/#\/schema\/logo\/image\/"}}]}},"_links":{"self":[{"href":"https:\/\/www.tanniina.fi\/index.php\/wp-json\/wp\/v2\/pages\/891","targetHints":{"allow":["GET"]}}],"collection":[{"href":"https:\/\/www.tanniina.fi\/index.php\/wp-json\/wp\/v2\/pages"}],"about":[{"href":"https:\/\/www.tanniina.fi\/index.php\/wp-json\/wp\/v2\/types\/page"}],"author":[{"embeddable":true,"href":"https:\/\/www.tanniina.fi\/index.php\/wp-json\/wp\/v2\/users\/1"}],"replies":[{"embeddable":true,"href":"https:\/\/www.tanniina.fi\/index.php\/wp-json\/wp\/v2\/comments?post=891"}],"version-history":[{"count":12,"href":"https:\/\/www.tanniina.fi\/index.php\/wp-json\/wp\/v2\/pages\/891\/revisions"}],"predecessor-version":[{"id":1274,"href":"https:\/\/www.tanniina.fi\/index.php\/wp-json\/wp\/v2\/pages\/891\/revisions\/1274"}],"wp:attachment":[{"href":"https:\/\/www.tanniina.fi\/index.php\/wp-json\/wp\/v2\/media?parent=891"}],"curies":[{"name":"wp","href":"https:\/\/api.w.org\/{rel}","templated":true}]}}