{"id":133,"date":"2021-06-04T08:51:47","date_gmt":"2021-06-04T08:51:47","guid":{"rendered":"https:\/\/www.tanniina.fi\/?page_id=133"},"modified":"2025-10-19T19:40:35","modified_gmt":"2025-10-19T17:40:35","slug":"palvelut","status":"publish","type":"page","link":"https:\/\/www.tanniina.fi\/index.php\/palvelut\/","title":{"rendered":"PALVELUT"},"content":{"rendered":"\t\t<div data-elementor-type=\"wp-page\" data-elementor-id=\"133\" class=\"elementor elementor-133\">\n\t\t\t\t\t\t<section class=\"elementor-section elementor-top-section elementor-element elementor-element-6598d788 elementor-section-boxed elementor-section-height-default elementor-section-height-default\" data-id=\"6598d788\" data-element_type=\"section\" data-e-type=\"section\" data-settings=\"{&quot;background_background&quot;:&quot;classic&quot;}\">\n\t\t\t\t\t\t\t<div class=\"elementor-background-overlay\"><\/div>\n\t\t\t\t\t\t\t<div class=\"elementor-container elementor-column-gap-default\">\n\t\t\t\t\t<div class=\"elementor-column elementor-col-100 elementor-top-column elementor-element elementor-element-233bbdb7\" data-id=\"233bbdb7\" data-element_type=\"column\" data-e-type=\"column\">\n\t\t\t<div class=\"elementor-widget-wrap elementor-element-populated\">\n\t\t\t\t\t\t<div class=\"elementor-element elementor-element-43b759dc elementor-widget elementor-widget-heading\" data-id=\"43b759dc\" data-element_type=\"widget\" data-e-type=\"widget\" data-widget_type=\"heading.default\">\n\t\t\t\t<div class=\"elementor-widget-container\">\n\t\t\t\t\t<h2 class=\"elementor-heading-title elementor-size-default\">PALVELUT<\/h2>\t\t\t\t<\/div>\n\t\t\t\t<\/div>\n\t\t\t\t\t<\/div>\n\t\t<\/div>\n\t\t\t\t\t<\/div>\n\t\t<\/section>\n\t\t\t\t<section class=\"elementor-section elementor-top-section elementor-element elementor-element-64127a79 elementor-section-boxed elementor-section-height-default elementor-section-height-default\" data-id=\"64127a79\" data-element_type=\"section\" data-e-type=\"section\">\n\t\t\t\t\t\t<div class=\"elementor-container elementor-column-gap-default\">\n\t\t\t\t\t<div class=\"elementor-column elementor-col-100 elementor-top-column elementor-element elementor-element-201017f2\" data-id=\"201017f2\" data-element_type=\"column\" data-e-type=\"column\">\n\t\t\t<div class=\"elementor-widget-wrap elementor-element-populated\">\n\t\t\t\t\t\t<div class=\"elementor-element elementor-element-b58aaa0 elementor-widget elementor-widget-image\" data-id=\"b58aaa0\" data-element_type=\"widget\" data-e-type=\"widget\" data-widget_type=\"image.default\">\n\t\t\t\t<div class=\"elementor-widget-container\">\n\t\t\t\t\t\t\t\t\t\t\t\t\t\t\t<img fetchpriority=\"high\" decoding=\"async\" width=\"718\" height=\"1024\" src=\"https:\/\/www.tanniina.fi\/wp-content\/uploads\/2023\/09\/Pesula-3-718x1024.jpg\" class=\"attachment-large size-large wp-image-1113\" alt=\"\" srcset=\"https:\/\/www.tanniina.fi\/wp-content\/uploads\/2023\/09\/Pesula-3-718x1024.jpg 718w, https:\/\/www.tanniina.fi\/wp-content\/uploads\/2023\/09\/Pesula-3-210x300.jpg 210w, https:\/\/www.tanniina.fi\/wp-content\/uploads\/2023\/09\/Pesula-3-768x1096.jpg 768w, https:\/\/www.tanniina.fi\/wp-content\/uploads\/2023\/09\/Pesula-3-1077x1536.jpg 1077w, https:\/\/www.tanniina.fi\/wp-content\/uploads\/2023\/09\/Pesula-3-1435x2048.jpg 1435w, https:\/\/www.tanniina.fi\/wp-content\/uploads\/2023\/09\/Pesula-3-600x856.jpg 600w, https:\/\/www.tanniina.fi\/wp-content\/uploads\/2023\/09\/Pesula-3-scaled.jpg 1794w\" sizes=\"(max-width: 718px) 100vw, 718px\" \/>\t\t\t\t\t\t\t\t\t\t\t\t\t\t\t<\/div>\n\t\t\t\t<\/div>\n\t\t\t\t<div class=\"elementor-element elementor-element-4dd20a3e elementor-widget elementor-widget-heading\" data-id=\"4dd20a3e\" data-element_type=\"widget\" data-e-type=\"widget\" data-widget_type=\"heading.default\">\n\t\t\t\t<div class=\"elementor-widget-container\">\n\t\t\t\t\t<h2 class=\"elementor-heading-title elementor-size-default\">T\u00e4yden palvelun ompelimo Espoossa<\/h2>\t\t\t\t<\/div>\n\t\t\t\t<\/div>\n\t\t\t\t<div class=\"elementor-element elementor-element-6bae6f9d elementor-widget elementor-widget-text-editor\" data-id=\"6bae6f9d\" data-element_type=\"widget\" data-e-type=\"widget\" data-widget_type=\"text-editor.default\">\n\t\t\t\t<div class=\"elementor-widget-container\">\n\t\t\t\t\t\t\t\t\t<p>Ompelimo Tanniina on t\u00e4yden palvelun ompelimo. Meill\u00e4 voit korjauttaa rikkoontuneet lempivaatteet, muodistaa vanhoja vaatteita tai teett\u00e4\u00e4 kokonaan uusia vaatteita mittojesi mukaan. Valmistamme vaatteita aina mukavista arkivaatteista h\u00e4ik\u00e4iseviin juhlamekkoihin ja juhla-asusi kruunaaviin korsetteihin. Lis\u00e4ksi erikoisosaamistamme on n\u00e4ytt\u00e4vien J\u00e4ttikukkien valmistus juhliesi tai vaikka kotisi katseenvangitsijaksi !<\/p><p>Ompelimomme palveluihin lukeutuvat seuraavat palvelut:<\/p><ul><li><strong>Vaatteiden valmistus<\/strong><\/li><li><strong>Juhlapukupalvelu<\/strong><\/li><li><strong>Korsetit<\/strong><\/li><li><strong>Sisustusompelu<\/strong><\/li><li><strong>Korjausompelu<\/strong><\/li><li><strong>Pesulapalvelu<\/strong><\/li><li><strong>J\u00e4ttikukkien valmistus<\/strong><\/li><\/ul><p>Muistathan, ett\u00e4 hyv\u00e4laatuisia rikki menneit\u00e4 tai kuluneita vaatteita ei aina tarvitse heitt\u00e4\u00e4 pois. Ammattitaitoinen ompelija voi useimmiten korjata ne tai l\u00f6yt\u00e4\u00e4 niille uuden el\u00e4m\u00e4n kankaan uusiok\u00e4yt\u00f6ss\u00e4.<\/p><p><strong>J\u00e4ttikukat ja juhlakaaret<\/strong><\/p><p>Olennainen osa toimintaamme on N\u00e4ttiJ\u00e4tti j\u00e4ttikukkien ja juhlakaarien valmistus ja vuokraus. N\u00e4m\u00e4 ainutlaatuiset kukat ja kaaret sopivat kaikkiin juhliin ja tapahtumiin h\u00e4ist\u00e4 aina festareiden kukkainstallaatioihin. Varastostamme l\u00f6ytyy paljon valmiita kaaria ja j\u00e4ttikukkia. Lis\u00e4ksi teemme asiakkaan toiveiden mukaisia ja v\u00e4risi\u00e4 kukkia tilauksesta. N\u00e4ttiJ\u00e4tti n\u00e4yttelymme ja vuokraamo sijaitsee Ompelimon kanssa samassa kiinteist\u00f6ss\u00e4 Leilankuja 2 D.<\/p><p><strong>Pesulapalvelu<\/strong><\/p><p>Toimimme Suomen johtavien pesuloiden yhteisty\u00f6kumppaneina. Mattopesut hoitaa Viiden T\u00e4hden Mattohuolto ja muut pesulapalvelut Pesulinna. N\u00e4in voit aina olla varma, ett\u00e4 mattosi tai muut pest\u00e4v\u00e4t tuotteesi ovat osaavissa k\u00e4siss\u00e4.<\/p><p>J\u00e4t\u00e4 matonpesu meid\u00e4n huoleksemme. Tuo mattosi ompelimoon, josta ne toimitetaan pesulaan joka maanantai. Ne viett\u00e4v\u00e4t pesulassa noin viikon, jonka j\u00e4lkeen saat ne sovittuna p\u00e4iv\u00e4n\u00e4 takaisin kotiisi. Pestyn ja huolletun maton mukana tulee kirjallinen pesutodistus, josta n\u00e4et kaiken, mit\u00e4 matollesi on tehty.<\/p><p>Ja samalla kaavalla toimii muutkin pesutoimeksiannot niin nahkatakit kuin turkiksetkin sek\u00e4 kaikki muu kodintekstiili. Vaivattomasti ja ilman lis\u00e4kustannuksia.<\/p><div><div>T\u00e4m\u00e4n helpommaksi tai luotettavammaksi ei mattojen tai vaativien nahka- ja turkiksien peseminen en\u00e4\u00e4 tule! Tuo pest\u00e4v\u00e4t tuotteet ompelimoon\u00a0 ja odota noin viikko, ja voit noutaa laadukkaasti ja luotettavasti puhdistetut mattosi ja muut pestyt tuotteet ompelimosta . Unohda mattojen peseminen itse ja anna meid\u00e4n huolehtia matonpesusta.<\/div><div>\u00a0<\/div><\/div><h4><strong>Verkkokauppa<\/strong><\/h4><p>Verkkokauppa on oleellinen osa ompelimon toimintaa. Verkkokaupassa kerromme tuotteistamme sanoin ja kuvin. Kehit\u00e4mme ja parannamme verkkokaupan toimintaa ja valikoimaamme , jotta voisimme tarjota juuri sinulle sopivia tuotteita.<\/p>\t\t\t\t\t\t\t\t<\/div>\n\t\t\t\t<\/div>\n\t\t\t\t<div class=\"elementor-element elementor-element-daaa9e7 elementor-widget elementor-widget-button\" data-id=\"daaa9e7\" data-element_type=\"widget\" data-e-type=\"widget\" data-widget_type=\"button.default\">\n\t\t\t\t<div class=\"elementor-widget-container\">\n\t\t\t\t\t\t\t\t\t<div class=\"elementor-button-wrapper\">\n\t\t\t\t\t<a class=\"elementor-button elementor-button-link elementor-size-sm\" href=\"https:\/\/www.tanniina.fi\/index.php\/yhteystiedot\/\">\n\t\t\t\t\t\t<span class=\"elementor-button-content-wrapper\">\n\t\t\t\t\t\t\t\t\t<span class=\"elementor-button-text\">Pyyd\u00e4 tarjous<\/span>\n\t\t\t\t\t<\/span>\n\t\t\t\t\t<\/a>\n\t\t\t\t<\/div>\n\t\t\t\t\t\t\t\t<\/div>\n\t\t\t\t<\/div>\n\t\t\t\t\t<\/div>\n\t\t<\/div>\n\t\t\t\t\t<\/div>\n\t\t<\/section>\n\t\t\t\t<\/div>\n\t\t","protected":false},"excerpt":{"rendered":"<p>PALVELUT T\u00e4yden palvelun ompelimo Espoossa Ompelimo Tanniina on t\u00e4yden palvelun ompelimo. Meill\u00e4 voit korjauttaa rikkoontuneet lempivaatteet, muodistaa vanhoja vaatteita tai teett\u00e4\u00e4 kokonaan uusia vaatteita mittojesi mukaan. Valmistamme vaatteita aina mukavista arkivaatteista h\u00e4ik\u00e4iseviin juhlamekkoihin ja juhla-asusi kruunaaviin korsetteihin. Lis\u00e4ksi erikoisosaamistamme on n\u00e4ytt\u00e4vien J\u00e4ttikukkien valmistus juhliesi tai vaikka kotisi katseenvangitsijaksi ! Ompelimomme palveluihin lukeutuvat seuraavat palvelut: Vaatteiden [&hellip;]<\/p>\n","protected":false},"author":1,"featured_media":0,"parent":0,"menu_order":0,"comment_status":"closed","ping_status":"closed","template":"elementor_header_footer","meta":{"footnotes":""},"class_list":["post-133","page","type-page","status-publish","hentry","entry","owp-thumbs-layout-horizontal","owp-btn-normal","owp-tabs-layout-horizontal","has-no-thumbnails","has-product-nav"],"yoast_head":"<!-- This site is optimized with the Yoast SEO plugin v27.5 - https:\/\/yoast.com\/product\/yoast-seo-wordpress\/ -->\n<title>PALVELUT - Ompelimo Tanniina<\/title>\n<meta name=\"description\" content=\"Ompelimo Tanniina on t\u00e4yden palvelun ompelimo. Meill\u00e4 voit korjauttaa rikkoontuneet lempivaatteet, muodistaa vanhoja vaatteita tai teett\u00e4\u00e4 kokonaan uusia vaatteita mittojesi mukaan. Valmistamme vaatteita aina mukavista arkivaatteista h\u00e4ik\u00e4iseviin juhlamekkoihin ja juhla-asusi kruunaaviin korsetteihin. Lis\u00e4ksi erikoisosaamistamme on n\u00e4ytt\u00e4vien J\u00e4ttikukkien valmistus juhliesi tai vaikka kotisi katseenvangitsijaksi !\" \/>\n<meta name=\"robots\" content=\"index, follow, max-snippet:-1, max-image-preview:large, max-video-preview:-1\" \/>\n<link rel=\"canonical\" href=\"https:\/\/www.tanniina.fi\/index.php\/palvelut\/\" \/>\n<meta property=\"og:locale\" content=\"fi_FI\" \/>\n<meta property=\"og:type\" content=\"article\" \/>\n<meta property=\"og:title\" content=\"PALVELUT - Ompelimo Tanniina\" \/>\n<meta property=\"og:description\" content=\"Ompelimo Tanniina on t\u00e4yden palvelun ompelimo. Meill\u00e4 voit korjauttaa rikkoontuneet lempivaatteet, muodistaa vanhoja vaatteita tai teett\u00e4\u00e4 kokonaan uusia vaatteita mittojesi mukaan. Valmistamme vaatteita aina mukavista arkivaatteista h\u00e4ik\u00e4iseviin juhlamekkoihin ja juhla-asusi kruunaaviin korsetteihin. Lis\u00e4ksi erikoisosaamistamme on n\u00e4ytt\u00e4vien J\u00e4ttikukkien valmistus juhliesi tai vaikka kotisi katseenvangitsijaksi !\" \/>\n<meta property=\"og:url\" content=\"https:\/\/www.tanniina.fi\/index.php\/palvelut\/\" \/>\n<meta property=\"og:site_name\" content=\"Ompelimo Tanniina\" \/>\n<meta property=\"article:modified_time\" content=\"2025-10-19T17:40:35+00:00\" \/>\n<meta property=\"og:image\" content=\"https:\/\/www.tanniina.fi\/wp-content\/uploads\/2023\/09\/Pesula-3-scaled.jpg\" \/>\n\t<meta property=\"og:image:width\" content=\"1794\" \/>\n\t<meta property=\"og:image:height\" content=\"2560\" \/>\n\t<meta property=\"og:image:type\" content=\"image\/jpeg\" \/>\n<meta name=\"twitter:card\" content=\"summary_large_image\" \/>\n<meta name=\"twitter:label1\" content=\"Arvioitu lukuaika\" \/>\n\t<meta name=\"twitter:data1\" content=\"3 minuuttia\" \/>\n<script type=\"application\/ld+json\" class=\"yoast-schema-graph\">{\"@context\":\"https:\\\/\\\/schema.org\",\"@graph\":[{\"@type\":\"WebPage\",\"@id\":\"https:\\\/\\\/www.tanniina.fi\\\/index.php\\\/palvelut\\\/\",\"url\":\"https:\\\/\\\/www.tanniina.fi\\\/index.php\\\/palvelut\\\/\",\"name\":\"PALVELUT - Ompelimo Tanniina\",\"isPartOf\":{\"@id\":\"https:\\\/\\\/www.tanniina.fi\\\/#website\"},\"primaryImageOfPage\":{\"@id\":\"https:\\\/\\\/www.tanniina.fi\\\/index.php\\\/palvelut\\\/#primaryimage\"},\"image\":{\"@id\":\"https:\\\/\\\/www.tanniina.fi\\\/index.php\\\/palvelut\\\/#primaryimage\"},\"thumbnailUrl\":\"https:\\\/\\\/www.tanniina.fi\\\/wp-content\\\/uploads\\\/2023\\\/09\\\/Pesula-3-718x1024.jpg\",\"datePublished\":\"2021-06-04T08:51:47+00:00\",\"dateModified\":\"2025-10-19T17:40:35+00:00\",\"description\":\"Ompelimo Tanniina on t\u00e4yden palvelun ompelimo. Meill\u00e4 voit korjauttaa rikkoontuneet lempivaatteet, muodistaa vanhoja vaatteita tai teett\u00e4\u00e4 kokonaan uusia vaatteita mittojesi mukaan. Valmistamme vaatteita aina mukavista arkivaatteista h\u00e4ik\u00e4iseviin juhlamekkoihin ja juhla-asusi kruunaaviin korsetteihin. Lis\u00e4ksi erikoisosaamistamme on n\u00e4ytt\u00e4vien J\u00e4ttikukkien valmistus juhliesi tai vaikka kotisi katseenvangitsijaksi !\",\"breadcrumb\":{\"@id\":\"https:\\\/\\\/www.tanniina.fi\\\/index.php\\\/palvelut\\\/#breadcrumb\"},\"inLanguage\":\"fi\",\"potentialAction\":[{\"@type\":\"ReadAction\",\"target\":[\"https:\\\/\\\/www.tanniina.fi\\\/index.php\\\/palvelut\\\/\"]}]},{\"@type\":\"ImageObject\",\"inLanguage\":\"fi\",\"@id\":\"https:\\\/\\\/www.tanniina.fi\\\/index.php\\\/palvelut\\\/#primaryimage\",\"url\":\"https:\\\/\\\/www.tanniina.fi\\\/wp-content\\\/uploads\\\/2023\\\/09\\\/Pesula-3-scaled.jpg\",\"contentUrl\":\"https:\\\/\\\/www.tanniina.fi\\\/wp-content\\\/uploads\\\/2023\\\/09\\\/Pesula-3-scaled.jpg\",\"width\":1794,\"height\":2560},{\"@type\":\"BreadcrumbList\",\"@id\":\"https:\\\/\\\/www.tanniina.fi\\\/index.php\\\/palvelut\\\/#breadcrumb\",\"itemListElement\":[{\"@type\":\"ListItem\",\"position\":1,\"name\":\"Etusivu\",\"item\":\"https:\\\/\\\/www.tanniina.fi\\\/\"},{\"@type\":\"ListItem\",\"position\":2,\"name\":\"PALVELUT\"}]},{\"@type\":\"WebSite\",\"@id\":\"https:\\\/\\\/www.tanniina.fi\\\/#website\",\"url\":\"https:\\\/\\\/www.tanniina.fi\\\/\",\"name\":\"Ompelimo Tanniina\",\"description\":\"\",\"publisher\":{\"@id\":\"https:\\\/\\\/www.tanniina.fi\\\/#organization\"},\"potentialAction\":[{\"@type\":\"SearchAction\",\"target\":{\"@type\":\"EntryPoint\",\"urlTemplate\":\"https:\\\/\\\/www.tanniina.fi\\\/?s={search_term_string}\"},\"query-input\":{\"@type\":\"PropertyValueSpecification\",\"valueRequired\":true,\"valueName\":\"search_term_string\"}}],\"inLanguage\":\"fi\"},{\"@type\":\"Organization\",\"@id\":\"https:\\\/\\\/www.tanniina.fi\\\/#organization\",\"name\":\"Ompelimo Tanniina\",\"url\":\"https:\\\/\\\/www.tanniina.fi\\\/\",\"logo\":{\"@type\":\"ImageObject\",\"inLanguage\":\"fi\",\"@id\":\"https:\\\/\\\/www.tanniina.fi\\\/#\\\/schema\\\/logo\\\/image\\\/\",\"url\":\"https:\\\/\\\/www.tanniina.fi\\\/wp-content\\\/uploads\\\/2023\\\/10\\\/cropped-logo1.png\",\"contentUrl\":\"https:\\\/\\\/www.tanniina.fi\\\/wp-content\\\/uploads\\\/2023\\\/10\\\/cropped-logo1.png\",\"width\":1200,\"height\":200,\"caption\":\"Ompelimo Tanniina\"},\"image\":{\"@id\":\"https:\\\/\\\/www.tanniina.fi\\\/#\\\/schema\\\/logo\\\/image\\\/\"}}]}<\/script>\n<!-- \/ Yoast SEO plugin. -->","yoast_head_json":{"title":"PALVELUT - Ompelimo Tanniina","description":"Ompelimo Tanniina on t\u00e4yden palvelun ompelimo. Meill\u00e4 voit korjauttaa rikkoontuneet lempivaatteet, muodistaa vanhoja vaatteita tai teett\u00e4\u00e4 kokonaan uusia vaatteita mittojesi mukaan. Valmistamme vaatteita aina mukavista arkivaatteista h\u00e4ik\u00e4iseviin juhlamekkoihin ja juhla-asusi kruunaaviin korsetteihin. Lis\u00e4ksi erikoisosaamistamme on n\u00e4ytt\u00e4vien J\u00e4ttikukkien valmistus juhliesi tai vaikka kotisi katseenvangitsijaksi !","robots":{"index":"index","follow":"follow","max-snippet":"max-snippet:-1","max-image-preview":"max-image-preview:large","max-video-preview":"max-video-preview:-1"},"canonical":"https:\/\/www.tanniina.fi\/index.php\/palvelut\/","og_locale":"fi_FI","og_type":"article","og_title":"PALVELUT - Ompelimo Tanniina","og_description":"Ompelimo Tanniina on t\u00e4yden palvelun ompelimo. Meill\u00e4 voit korjauttaa rikkoontuneet lempivaatteet, muodistaa vanhoja vaatteita tai teett\u00e4\u00e4 kokonaan uusia vaatteita mittojesi mukaan. Valmistamme vaatteita aina mukavista arkivaatteista h\u00e4ik\u00e4iseviin juhlamekkoihin ja juhla-asusi kruunaaviin korsetteihin. Lis\u00e4ksi erikoisosaamistamme on n\u00e4ytt\u00e4vien J\u00e4ttikukkien valmistus juhliesi tai vaikka kotisi katseenvangitsijaksi !","og_url":"https:\/\/www.tanniina.fi\/index.php\/palvelut\/","og_site_name":"Ompelimo Tanniina","article_modified_time":"2025-10-19T17:40:35+00:00","og_image":[{"width":1794,"height":2560,"url":"https:\/\/www.tanniina.fi\/wp-content\/uploads\/2023\/09\/Pesula-3-scaled.jpg","type":"image\/jpeg"}],"twitter_card":"summary_large_image","twitter_misc":{"Arvioitu lukuaika":"3 minuuttia"},"schema":{"@context":"https:\/\/schema.org","@graph":[{"@type":"WebPage","@id":"https:\/\/www.tanniina.fi\/index.php\/palvelut\/","url":"https:\/\/www.tanniina.fi\/index.php\/palvelut\/","name":"PALVELUT - Ompelimo Tanniina","isPartOf":{"@id":"https:\/\/www.tanniina.fi\/#website"},"primaryImageOfPage":{"@id":"https:\/\/www.tanniina.fi\/index.php\/palvelut\/#primaryimage"},"image":{"@id":"https:\/\/www.tanniina.fi\/index.php\/palvelut\/#primaryimage"},"thumbnailUrl":"https:\/\/www.tanniina.fi\/wp-content\/uploads\/2023\/09\/Pesula-3-718x1024.jpg","datePublished":"2021-06-04T08:51:47+00:00","dateModified":"2025-10-19T17:40:35+00:00","description":"Ompelimo Tanniina on t\u00e4yden palvelun ompelimo. Meill\u00e4 voit korjauttaa rikkoontuneet lempivaatteet, muodistaa vanhoja vaatteita tai teett\u00e4\u00e4 kokonaan uusia vaatteita mittojesi mukaan. Valmistamme vaatteita aina mukavista arkivaatteista h\u00e4ik\u00e4iseviin juhlamekkoihin ja juhla-asusi kruunaaviin korsetteihin. Lis\u00e4ksi erikoisosaamistamme on n\u00e4ytt\u00e4vien J\u00e4ttikukkien valmistus juhliesi tai vaikka kotisi katseenvangitsijaksi !","breadcrumb":{"@id":"https:\/\/www.tanniina.fi\/index.php\/palvelut\/#breadcrumb"},"inLanguage":"fi","potentialAction":[{"@type":"ReadAction","target":["https:\/\/www.tanniina.fi\/index.php\/palvelut\/"]}]},{"@type":"ImageObject","inLanguage":"fi","@id":"https:\/\/www.tanniina.fi\/index.php\/palvelut\/#primaryimage","url":"https:\/\/www.tanniina.fi\/wp-content\/uploads\/2023\/09\/Pesula-3-scaled.jpg","contentUrl":"https:\/\/www.tanniina.fi\/wp-content\/uploads\/2023\/09\/Pesula-3-scaled.jpg","width":1794,"height":2560},{"@type":"BreadcrumbList","@id":"https:\/\/www.tanniina.fi\/index.php\/palvelut\/#breadcrumb","itemListElement":[{"@type":"ListItem","position":1,"name":"Etusivu","item":"https:\/\/www.tanniina.fi\/"},{"@type":"ListItem","position":2,"name":"PALVELUT"}]},{"@type":"WebSite","@id":"https:\/\/www.tanniina.fi\/#website","url":"https:\/\/www.tanniina.fi\/","name":"Ompelimo Tanniina","description":"","publisher":{"@id":"https:\/\/www.tanniina.fi\/#organization"},"potentialAction":[{"@type":"SearchAction","target":{"@type":"EntryPoint","urlTemplate":"https:\/\/www.tanniina.fi\/?s={search_term_string}"},"query-input":{"@type":"PropertyValueSpecification","valueRequired":true,"valueName":"search_term_string"}}],"inLanguage":"fi"},{"@type":"Organization","@id":"https:\/\/www.tanniina.fi\/#organization","name":"Ompelimo Tanniina","url":"https:\/\/www.tanniina.fi\/","logo":{"@type":"ImageObject","inLanguage":"fi","@id":"https:\/\/www.tanniina.fi\/#\/schema\/logo\/image\/","url":"https:\/\/www.tanniina.fi\/wp-content\/uploads\/2023\/10\/cropped-logo1.png","contentUrl":"https:\/\/www.tanniina.fi\/wp-content\/uploads\/2023\/10\/cropped-logo1.png","width":1200,"height":200,"caption":"Ompelimo Tanniina"},"image":{"@id":"https:\/\/www.tanniina.fi\/#\/schema\/logo\/image\/"}}]}},"_links":{"self":[{"href":"https:\/\/www.tanniina.fi\/index.php\/wp-json\/wp\/v2\/pages\/133","targetHints":{"allow":["GET"]}}],"collection":[{"href":"https:\/\/www.tanniina.fi\/index.php\/wp-json\/wp\/v2\/pages"}],"about":[{"href":"https:\/\/www.tanniina.fi\/index.php\/wp-json\/wp\/v2\/types\/page"}],"author":[{"embeddable":true,"href":"https:\/\/www.tanniina.fi\/index.php\/wp-json\/wp\/v2\/users\/1"}],"replies":[{"embeddable":true,"href":"https:\/\/www.tanniina.fi\/index.php\/wp-json\/wp\/v2\/comments?post=133"}],"version-history":[{"count":44,"href":"https:\/\/www.tanniina.fi\/index.php\/wp-json\/wp\/v2\/pages\/133\/revisions"}],"predecessor-version":[{"id":1817,"href":"https:\/\/www.tanniina.fi\/index.php\/wp-json\/wp\/v2\/pages\/133\/revisions\/1817"}],"wp:attachment":[{"href":"https:\/\/www.tanniina.fi\/index.php\/wp-json\/wp\/v2\/media?parent=133"}],"curies":[{"name":"wp","href":"https:\/\/api.w.org\/{rel}","templated":true}]}}