{"id":120,"date":"2021-06-04T08:46:58","date_gmt":"2021-06-04T08:46:58","guid":{"rendered":"https:\/\/www.tanniina.fi\/?page_id=120"},"modified":"2023-08-17T17:42:21","modified_gmt":"2023-08-17T17:42:21","slug":"ompelimo-tanniina-yrityksena","status":"publish","type":"page","link":"https:\/\/www.tanniina.fi\/index.php\/ompelimo-tanniina-yrityksena\/","title":{"rendered":"OMPELIMO TANNIINA YRITYKSEN\u00c4"},"content":{"rendered":"\t\t<div data-elementor-type=\"wp-page\" data-elementor-id=\"120\" class=\"elementor elementor-120\">\n\t\t\t\t\t\t<section class=\"elementor-section elementor-top-section elementor-element elementor-element-6598d788 elementor-section-boxed elementor-section-height-default elementor-section-height-default\" data-id=\"6598d788\" data-element_type=\"section\" data-e-type=\"section\" data-settings=\"{&quot;background_background&quot;:&quot;classic&quot;}\">\n\t\t\t\t\t\t\t<div class=\"elementor-background-overlay\"><\/div>\n\t\t\t\t\t\t\t<div class=\"elementor-container elementor-column-gap-default\">\n\t\t\t\t\t<div class=\"elementor-column elementor-col-100 elementor-top-column elementor-element elementor-element-233bbdb7\" data-id=\"233bbdb7\" data-element_type=\"column\" data-e-type=\"column\">\n\t\t\t<div class=\"elementor-widget-wrap elementor-element-populated\">\n\t\t\t\t\t\t<div class=\"elementor-element elementor-element-43b759dc elementor-widget elementor-widget-heading\" data-id=\"43b759dc\" data-element_type=\"widget\" data-e-type=\"widget\" data-widget_type=\"heading.default\">\n\t\t\t\t<div class=\"elementor-widget-container\">\n\t\t\t\t\t<h2 class=\"elementor-heading-title elementor-size-default\">OMPELIMO TANNIINA YRITYKSEN\u00c4<\/h2>\t\t\t\t<\/div>\n\t\t\t\t<\/div>\n\t\t\t\t\t<\/div>\n\t\t<\/div>\n\t\t\t\t\t<\/div>\n\t\t<\/section>\n\t\t\t\t<section class=\"elementor-section elementor-top-section elementor-element elementor-element-64127a79 elementor-section-boxed elementor-section-height-default elementor-section-height-default\" data-id=\"64127a79\" data-element_type=\"section\" data-e-type=\"section\">\n\t\t\t\t\t\t<div class=\"elementor-container elementor-column-gap-default\">\n\t\t\t\t\t<div class=\"elementor-column elementor-col-100 elementor-top-column elementor-element elementor-element-201017f2\" data-id=\"201017f2\" data-element_type=\"column\" data-e-type=\"column\">\n\t\t\t<div class=\"elementor-widget-wrap elementor-element-populated\">\n\t\t\t\t\t\t<div class=\"elementor-element elementor-element-4dd20a3e elementor-widget elementor-widget-heading\" data-id=\"4dd20a3e\" data-element_type=\"widget\" data-e-type=\"widget\" data-widget_type=\"heading.default\">\n\t\t\t\t<div class=\"elementor-widget-container\">\n\t\t\t\t\t<h2 class=\"elementor-heading-title elementor-size-default\">Ompelimo Tanniina<\/h2>\t\t\t\t<\/div>\n\t\t\t\t<\/div>\n\t\t\t\t<div class=\"elementor-element elementor-element-6bae6f9d elementor-widget elementor-widget-text-editor\" data-id=\"6bae6f9d\" data-element_type=\"widget\" data-e-type=\"widget\" data-widget_type=\"text-editor.default\">\n\t\t\t\t<div class=\"elementor-widget-container\">\n\t\t\t\t\t\t\t\t\t<p>Ompelimo Tanniina jatkaa yli 20 vuotta toimineen ompelimo L Lehmussaaren toimintaa uuden yritt\u00e4j\u00e4n toimesta. Toiminta jatkuu vanhoissa toimitiloissa Espoon Matinkyl\u00e4ss\u00e4. Yritystoiminnan perustana on vahva ammattitaito ja pitk\u00e4 alan kokemus. Lis\u00e4ksi halu palvella niin henkil\u00f6- kuin yritysasiakkaitani ja luoda uutta toimintaa johti t\u00e4m\u00e4n verkkokaupan perustamiseen tukemaan ompelimon palveluita nyt ja \u00a0tulevaisuudessa. Verkkokaupasta tulee kehittym\u00e4\u00e4n vuosien varrella t\u00e4rke\u00e4 osa ompelimon toimintaa.<\/p><p><strong>Ideologia<\/strong><\/p><ol><li>Palvelu<\/li><li>Laatu<\/li><li>Nopeus<\/li><\/ol><p>N\u00e4m\u00e4 kolme asiaa ovat\u00a0meille t\u00e4rkeit\u00e4 niin ompelimon kuin verkkokaupankin toiminnassa. Pyrimme hyv\u00e4ll\u00e4 , laadukkaalla ja joustavalla palvelulla hyv\u00e4\u00e4n asiakaskokemukseen.<\/p><p><strong>Ompelimo<\/strong><\/p><p>Ompelimo sijaitsee Espoon Matinkyl\u00e4ss\u00e4 , Leilankuja 2 C , 02230 Espoo k\u00e4velymatkan p\u00e4\u00e4ss\u00e4 Matinkyl\u00e4n metrosta ja kauppakeskus Isosta Omenasta. Joten my\u00f6s julkisilla kulkuneuvoilla p\u00e4\u00e4see k\u00e4tev\u00e4sti perille. Autolla saapuessa l\u00f6ytyy parkkipaikka helposti Leilankujalta ( 4 tuntia ) jossa ompelimo sijaitsee. Kadun reunassa kannattaa muistaa parkkikiekko.\u00a0<\/p><p>Ompelimo on avoinna arkisin klo. 9 &#8211; 17.00 sek\u00e4\u00a0 sovittaessa my\u00f6s muina aikoina. Suurempia t\u00f6it\u00e4 varten kannattaa varata aika etuk\u00e4teen mutta kaikki normaalien korjausten puitteissa voi paikalle saapua ilman ajanvarausta.\u00a0<\/p><p>Ompelut\u00f6it\u00e4 teemme laidasta laitaan mm.<\/p><p><strong>\u00a0Vaatteiden muokkaukset \/ Korjaukset<\/strong><\/p><p><strong>\u00a0Verhojen ompeluty\u00f6t, Laskosverhot<\/strong><\/p><p><strong>\u00a0Kevyet verhoiluty\u00f6t mm. huput keitti\u00f6tuoleihin \/ sohvan suojat yms.<\/strong><\/p><p><strong>\u00a0Vaatteiden suunnittelu \/ valmistus alusta saakka esim. H\u00e4\u00e4puvut + Vanhojen puvut<\/strong><\/p><p><strong>\u00a0Kaikki Vaatturinty\u00f6t, Pukujen muokkaukset,lahkeiden lyhennys,slimmaus yms..<\/strong><\/p><p><strong>Nyt uutena my\u00f6s pesulapalvelut: mattopesu\u00a0<\/strong><\/p><p><strong>Toivotamme kaikki l\u00e4mpim\u00e4sti Tervetulleeksi\u00a0<\/strong><\/p><p><strong>Verkkokauppa<\/strong><\/p><p>Verkkokauppamme on avautunut ja palvelee ymp\u00e4ri Suomen 24\/7. Verkkokaupasta l\u00f6ytyy oman tuotantomme vaatteita sek\u00e4 asusteita sek\u00e4 lis\u00e4ksi my\u00f6s valmistamiamme J\u00e4ttikukkia ! Valikoimamme laajenee jatkuvasti ja ilmoitamme uutuuksista aina my\u00f6s\u00a0 verkkokaupassamme. Helppous \/ luotettavuus on meille t\u00e4rke\u00e4\u00e4 kaikessa verkkokaupan toiminnassa kuten my\u00f6s ompelimossakin. Koska suuri osa tuotteistamme ovat uniikkeja \u201d vain sinulle \u201d tehtyj\u00e4 on verkkokauppa rakennettu ajatuksella ett\u00e4 sielt\u00e4 l\u00f6ytyisi juuri sinulle sopivaa ja hy\u00f6dyllist\u00e4 hankittavaa niin juhlaan kuin arkeenkin.<\/p>\t\t\t\t\t\t\t\t<\/div>\n\t\t\t\t<\/div>\n\t\t\t\t\t<\/div>\n\t\t<\/div>\n\t\t\t\t\t<\/div>\n\t\t<\/section>\n\t\t\t\t<\/div>\n\t\t","protected":false},"excerpt":{"rendered":"<p>OMPELIMO TANNIINA YRITYKSEN\u00c4 Ompelimo Tanniina Ompelimo Tanniina jatkaa yli 20 vuotta toimineen ompelimo L Lehmussaaren toimintaa uuden yritt\u00e4j\u00e4n toimesta. Toiminta jatkuu vanhoissa toimitiloissa Espoon Matinkyl\u00e4ss\u00e4. Yritystoiminnan perustana on vahva ammattitaito ja pitk\u00e4 alan kokemus. Lis\u00e4ksi halu palvella niin henkil\u00f6- kuin yritysasiakkaitani ja luoda uutta toimintaa johti t\u00e4m\u00e4n verkkokaupan perustamiseen tukemaan ompelimon palveluita nyt ja \u00a0tulevaisuudessa. [&hellip;]<\/p>\n","protected":false},"author":1,"featured_media":0,"parent":0,"menu_order":0,"comment_status":"closed","ping_status":"closed","template":"elementor_header_footer","meta":{"footnotes":""},"class_list":["post-120","page","type-page","status-publish","hentry","entry","owp-thumbs-layout-horizontal","owp-btn-normal","owp-tabs-layout-horizontal","has-no-thumbnails","has-product-nav"],"yoast_head":"<!-- This site is optimized with the Yoast SEO plugin v27.5 - https:\/\/yoast.com\/product\/yoast-seo-wordpress\/ -->\n<title>OMPELIMO TANNIINA YRITYKSEN\u00c4 - Ompelimo Tanniina<\/title>\n<meta name=\"description\" content=\"Ompelimo Tanniina jatkaa yli 20 vuotta toimineen ompelimo L Lehmussaaren toimintaa uuden yritt\u00e4j\u00e4n toimesta. Toiminta jatkuu vanhoissa toimitiloissa Espoon Matinkyl\u00e4ss\u00e4. Yritystoiminnan perustana on vahva ammattitaito ja pitk\u00e4 alan kokemus. Lis\u00e4ksi halu palvella niin henkil\u00f6- kuin yritysasiakkaitani ja luoda uutta toimintaa johti t\u00e4m\u00e4n verkkokaupan perustamiseen tukemaan ompelimon palveluita nyt ja tulevaisuudessa. Verkkokaupasta tulee kehittym\u00e4\u00e4n vuosien varrella t\u00e4rke\u00e4 osa ompelimon toimintaa.\" \/>\n<meta name=\"robots\" content=\"index, follow, max-snippet:-1, max-image-preview:large, max-video-preview:-1\" \/>\n<link rel=\"canonical\" href=\"https:\/\/www.tanniina.fi\/index.php\/ompelimo-tanniina-yrityksena\/\" \/>\n<meta property=\"og:locale\" content=\"fi_FI\" \/>\n<meta property=\"og:type\" content=\"article\" \/>\n<meta property=\"og:title\" content=\"OMPELIMO TANNIINA YRITYKSEN\u00c4 - Ompelimo Tanniina\" \/>\n<meta property=\"og:description\" content=\"Ompelimo Tanniina jatkaa yli 20 vuotta toimineen ompelimo L Lehmussaaren toimintaa uuden yritt\u00e4j\u00e4n toimesta. Toiminta jatkuu vanhoissa toimitiloissa Espoon Matinkyl\u00e4ss\u00e4. Yritystoiminnan perustana on vahva ammattitaito ja pitk\u00e4 alan kokemus. Lis\u00e4ksi halu palvella niin henkil\u00f6- kuin yritysasiakkaitani ja luoda uutta toimintaa johti t\u00e4m\u00e4n verkkokaupan perustamiseen tukemaan ompelimon palveluita nyt ja tulevaisuudessa. Verkkokaupasta tulee kehittym\u00e4\u00e4n vuosien varrella t\u00e4rke\u00e4 osa ompelimon toimintaa.\" \/>\n<meta property=\"og:url\" content=\"https:\/\/www.tanniina.fi\/index.php\/ompelimo-tanniina-yrityksena\/\" \/>\n<meta property=\"og:site_name\" content=\"Ompelimo Tanniina\" \/>\n<meta property=\"article:modified_time\" content=\"2023-08-17T17:42:21+00:00\" \/>\n<meta name=\"twitter:card\" content=\"summary_large_image\" \/>\n<meta name=\"twitter:label1\" content=\"Arvioitu lukuaika\" \/>\n\t<meta name=\"twitter:data1\" content=\"2 minuuttia\" \/>\n<script type=\"application\/ld+json\" class=\"yoast-schema-graph\">{\"@context\":\"https:\\\/\\\/schema.org\",\"@graph\":[{\"@type\":\"WebPage\",\"@id\":\"https:\\\/\\\/www.tanniina.fi\\\/index.php\\\/ompelimo-tanniina-yrityksena\\\/\",\"url\":\"https:\\\/\\\/www.tanniina.fi\\\/index.php\\\/ompelimo-tanniina-yrityksena\\\/\",\"name\":\"OMPELIMO TANNIINA YRITYKSEN\u00c4 - Ompelimo Tanniina\",\"isPartOf\":{\"@id\":\"https:\\\/\\\/www.tanniina.fi\\\/#website\"},\"datePublished\":\"2021-06-04T08:46:58+00:00\",\"dateModified\":\"2023-08-17T17:42:21+00:00\",\"description\":\"Ompelimo Tanniina jatkaa yli 20 vuotta toimineen ompelimo L Lehmussaaren toimintaa uuden yritt\u00e4j\u00e4n toimesta. Toiminta jatkuu vanhoissa toimitiloissa Espoon Matinkyl\u00e4ss\u00e4. Yritystoiminnan perustana on vahva ammattitaito ja pitk\u00e4 alan kokemus. Lis\u00e4ksi halu palvella niin henkil\u00f6- kuin yritysasiakkaitani ja luoda uutta toimintaa johti t\u00e4m\u00e4n verkkokaupan perustamiseen tukemaan ompelimon palveluita nyt ja tulevaisuudessa. Verkkokaupasta tulee kehittym\u00e4\u00e4n vuosien varrella t\u00e4rke\u00e4 osa ompelimon toimintaa.\",\"breadcrumb\":{\"@id\":\"https:\\\/\\\/www.tanniina.fi\\\/index.php\\\/ompelimo-tanniina-yrityksena\\\/#breadcrumb\"},\"inLanguage\":\"fi\",\"potentialAction\":[{\"@type\":\"ReadAction\",\"target\":[\"https:\\\/\\\/www.tanniina.fi\\\/index.php\\\/ompelimo-tanniina-yrityksena\\\/\"]}]},{\"@type\":\"BreadcrumbList\",\"@id\":\"https:\\\/\\\/www.tanniina.fi\\\/index.php\\\/ompelimo-tanniina-yrityksena\\\/#breadcrumb\",\"itemListElement\":[{\"@type\":\"ListItem\",\"position\":1,\"name\":\"Etusivu\",\"item\":\"https:\\\/\\\/www.tanniina.fi\\\/\"},{\"@type\":\"ListItem\",\"position\":2,\"name\":\"OMPELIMO TANNIINA YRITYKSEN\u00c4\"}]},{\"@type\":\"WebSite\",\"@id\":\"https:\\\/\\\/www.tanniina.fi\\\/#website\",\"url\":\"https:\\\/\\\/www.tanniina.fi\\\/\",\"name\":\"Ompelimo Tanniina\",\"description\":\"\",\"publisher\":{\"@id\":\"https:\\\/\\\/www.tanniina.fi\\\/#organization\"},\"potentialAction\":[{\"@type\":\"SearchAction\",\"target\":{\"@type\":\"EntryPoint\",\"urlTemplate\":\"https:\\\/\\\/www.tanniina.fi\\\/?s={search_term_string}\"},\"query-input\":{\"@type\":\"PropertyValueSpecification\",\"valueRequired\":true,\"valueName\":\"search_term_string\"}}],\"inLanguage\":\"fi\"},{\"@type\":\"Organization\",\"@id\":\"https:\\\/\\\/www.tanniina.fi\\\/#organization\",\"name\":\"Ompelimo Tanniina\",\"url\":\"https:\\\/\\\/www.tanniina.fi\\\/\",\"logo\":{\"@type\":\"ImageObject\",\"inLanguage\":\"fi\",\"@id\":\"https:\\\/\\\/www.tanniina.fi\\\/#\\\/schema\\\/logo\\\/image\\\/\",\"url\":\"https:\\\/\\\/www.tanniina.fi\\\/wp-content\\\/uploads\\\/2023\\\/10\\\/cropped-logo1.png\",\"contentUrl\":\"https:\\\/\\\/www.tanniina.fi\\\/wp-content\\\/uploads\\\/2023\\\/10\\\/cropped-logo1.png\",\"width\":1200,\"height\":200,\"caption\":\"Ompelimo Tanniina\"},\"image\":{\"@id\":\"https:\\\/\\\/www.tanniina.fi\\\/#\\\/schema\\\/logo\\\/image\\\/\"}}]}<\/script>\n<!-- \/ Yoast SEO plugin. -->","yoast_head_json":{"title":"OMPELIMO TANNIINA YRITYKSEN\u00c4 - Ompelimo Tanniina","description":"Ompelimo Tanniina jatkaa yli 20 vuotta toimineen ompelimo L Lehmussaaren toimintaa uuden yritt\u00e4j\u00e4n toimesta. Toiminta jatkuu vanhoissa toimitiloissa Espoon Matinkyl\u00e4ss\u00e4. Yritystoiminnan perustana on vahva ammattitaito ja pitk\u00e4 alan kokemus. Lis\u00e4ksi halu palvella niin henkil\u00f6- kuin yritysasiakkaitani ja luoda uutta toimintaa johti t\u00e4m\u00e4n verkkokaupan perustamiseen tukemaan ompelimon palveluita nyt ja tulevaisuudessa. Verkkokaupasta tulee kehittym\u00e4\u00e4n vuosien varrella t\u00e4rke\u00e4 osa ompelimon toimintaa.","robots":{"index":"index","follow":"follow","max-snippet":"max-snippet:-1","max-image-preview":"max-image-preview:large","max-video-preview":"max-video-preview:-1"},"canonical":"https:\/\/www.tanniina.fi\/index.php\/ompelimo-tanniina-yrityksena\/","og_locale":"fi_FI","og_type":"article","og_title":"OMPELIMO TANNIINA YRITYKSEN\u00c4 - Ompelimo Tanniina","og_description":"Ompelimo Tanniina jatkaa yli 20 vuotta toimineen ompelimo L Lehmussaaren toimintaa uuden yritt\u00e4j\u00e4n toimesta. Toiminta jatkuu vanhoissa toimitiloissa Espoon Matinkyl\u00e4ss\u00e4. Yritystoiminnan perustana on vahva ammattitaito ja pitk\u00e4 alan kokemus. Lis\u00e4ksi halu palvella niin henkil\u00f6- kuin yritysasiakkaitani ja luoda uutta toimintaa johti t\u00e4m\u00e4n verkkokaupan perustamiseen tukemaan ompelimon palveluita nyt ja tulevaisuudessa. Verkkokaupasta tulee kehittym\u00e4\u00e4n vuosien varrella t\u00e4rke\u00e4 osa ompelimon toimintaa.","og_url":"https:\/\/www.tanniina.fi\/index.php\/ompelimo-tanniina-yrityksena\/","og_site_name":"Ompelimo Tanniina","article_modified_time":"2023-08-17T17:42:21+00:00","twitter_card":"summary_large_image","twitter_misc":{"Arvioitu lukuaika":"2 minuuttia"},"schema":{"@context":"https:\/\/schema.org","@graph":[{"@type":"WebPage","@id":"https:\/\/www.tanniina.fi\/index.php\/ompelimo-tanniina-yrityksena\/","url":"https:\/\/www.tanniina.fi\/index.php\/ompelimo-tanniina-yrityksena\/","name":"OMPELIMO TANNIINA YRITYKSEN\u00c4 - Ompelimo Tanniina","isPartOf":{"@id":"https:\/\/www.tanniina.fi\/#website"},"datePublished":"2021-06-04T08:46:58+00:00","dateModified":"2023-08-17T17:42:21+00:00","description":"Ompelimo Tanniina jatkaa yli 20 vuotta toimineen ompelimo L Lehmussaaren toimintaa uuden yritt\u00e4j\u00e4n toimesta. Toiminta jatkuu vanhoissa toimitiloissa Espoon Matinkyl\u00e4ss\u00e4. Yritystoiminnan perustana on vahva ammattitaito ja pitk\u00e4 alan kokemus. Lis\u00e4ksi halu palvella niin henkil\u00f6- kuin yritysasiakkaitani ja luoda uutta toimintaa johti t\u00e4m\u00e4n verkkokaupan perustamiseen tukemaan ompelimon palveluita nyt ja tulevaisuudessa. Verkkokaupasta tulee kehittym\u00e4\u00e4n vuosien varrella t\u00e4rke\u00e4 osa ompelimon toimintaa.","breadcrumb":{"@id":"https:\/\/www.tanniina.fi\/index.php\/ompelimo-tanniina-yrityksena\/#breadcrumb"},"inLanguage":"fi","potentialAction":[{"@type":"ReadAction","target":["https:\/\/www.tanniina.fi\/index.php\/ompelimo-tanniina-yrityksena\/"]}]},{"@type":"BreadcrumbList","@id":"https:\/\/www.tanniina.fi\/index.php\/ompelimo-tanniina-yrityksena\/#breadcrumb","itemListElement":[{"@type":"ListItem","position":1,"name":"Etusivu","item":"https:\/\/www.tanniina.fi\/"},{"@type":"ListItem","position":2,"name":"OMPELIMO TANNIINA YRITYKSEN\u00c4"}]},{"@type":"WebSite","@id":"https:\/\/www.tanniina.fi\/#website","url":"https:\/\/www.tanniina.fi\/","name":"Ompelimo Tanniina","description":"","publisher":{"@id":"https:\/\/www.tanniina.fi\/#organization"},"potentialAction":[{"@type":"SearchAction","target":{"@type":"EntryPoint","urlTemplate":"https:\/\/www.tanniina.fi\/?s={search_term_string}"},"query-input":{"@type":"PropertyValueSpecification","valueRequired":true,"valueName":"search_term_string"}}],"inLanguage":"fi"},{"@type":"Organization","@id":"https:\/\/www.tanniina.fi\/#organization","name":"Ompelimo Tanniina","url":"https:\/\/www.tanniina.fi\/","logo":{"@type":"ImageObject","inLanguage":"fi","@id":"https:\/\/www.tanniina.fi\/#\/schema\/logo\/image\/","url":"https:\/\/www.tanniina.fi\/wp-content\/uploads\/2023\/10\/cropped-logo1.png","contentUrl":"https:\/\/www.tanniina.fi\/wp-content\/uploads\/2023\/10\/cropped-logo1.png","width":1200,"height":200,"caption":"Ompelimo Tanniina"},"image":{"@id":"https:\/\/www.tanniina.fi\/#\/schema\/logo\/image\/"}}]}},"_links":{"self":[{"href":"https:\/\/www.tanniina.fi\/index.php\/wp-json\/wp\/v2\/pages\/120","targetHints":{"allow":["GET"]}}],"collection":[{"href":"https:\/\/www.tanniina.fi\/index.php\/wp-json\/wp\/v2\/pages"}],"about":[{"href":"https:\/\/www.tanniina.fi\/index.php\/wp-json\/wp\/v2\/types\/page"}],"author":[{"embeddable":true,"href":"https:\/\/www.tanniina.fi\/index.php\/wp-json\/wp\/v2\/users\/1"}],"replies":[{"embeddable":true,"href":"https:\/\/www.tanniina.fi\/index.php\/wp-json\/wp\/v2\/comments?post=120"}],"version-history":[{"count":23,"href":"https:\/\/www.tanniina.fi\/index.php\/wp-json\/wp\/v2\/pages\/120\/revisions"}],"predecessor-version":[{"id":1040,"href":"https:\/\/www.tanniina.fi\/index.php\/wp-json\/wp\/v2\/pages\/120\/revisions\/1040"}],"wp:attachment":[{"href":"https:\/\/www.tanniina.fi\/index.php\/wp-json\/wp\/v2\/media?parent=120"}],"curies":[{"name":"wp","href":"https:\/\/api.w.org\/{rel}","templated":true}]}}